{"id":123,"date":"2025-07-17T09:30:28","date_gmt":"2025-07-17T09:30:28","guid":{"rendered":"http:\/\/www.csh-dental.hu\/?page_id=123"},"modified":"2025-08-24T18:38:51","modified_gmt":"2025-08-24T18:38:51","slug":"esetbemutatasok","status":"publish","type":"page","link":"https:\/\/www.csh-dental.hu\/index.php\/esetbemutatasok\/","title":{"rendered":"Esetbemutat\u00e1sok"},"content":{"rendered":"\n<div class=\"wp-block-media-text is-stacked-on-mobile\" style=\"grid-template-columns:33% auto\"><figure class=\"wp-block-media-text__media\"><img loading=\"lazy\" decoding=\"async\" width=\"500\" height=\"606\" src=\"https:\/\/www.csh-dental.hu\/wp-content\/uploads\/2025\/07\/inyrecesszio-DrFoad.jpg\" alt=\"\" class=\"wp-image-126 size-full\" srcset=\"https:\/\/www.csh-dental.hu\/wp-content\/uploads\/2025\/07\/inyrecesszio-DrFoad.jpg 500w, https:\/\/www.csh-dental.hu\/wp-content\/uploads\/2025\/07\/inyrecesszio-DrFoad-248x300.jpg 248w\" sizes=\"auto, (max-width: 500px) 100vw, 500px\" \/><\/figure><div class=\"wp-block-media-text__content\">\n<h3 class=\"wp-block-heading\">\u00cdny recesszi\u00f3 fed\u00e9se<\/h3>\n\n\n\n<p>Az \u00edny visszah\u00faz\u00f3d\u00e1snak t\u00f6bb oka lehet pl. rossz harap\u00e1s, t\u00fal er\u0151s fogmos\u00e1s, iatrog\u00e9n okok mint el\u00e1ll\u00f3 t\u00f6m\u00e9snek a sz\u00e9le\u2026&nbsp;<\/p>\n\n\n\n<p>T\u00f6bb m\u00f3dszer l\u00e9tezik a leh\u00faz\u00f3dott r\u00e9sz fed\u00e9s\u00e9re.<\/p>\n<\/div><\/div>\n\n\n\n<div style=\"height:100px\" aria-hidden=\"true\" class=\"wp-block-spacer\"><\/div>\n\n\n\n<div class=\"wp-block-media-text is-stacked-on-mobile\" style=\"grid-template-columns:33% auto\"><figure class=\"wp-block-media-text__media\"><img loading=\"lazy\" decoding=\"async\" width=\"500\" height=\"606\" src=\"https:\/\/www.csh-dental.hu\/wp-content\/uploads\/2025\/07\/indirekthej-DrFoad.jpg\" alt=\"\" class=\"wp-image-130 size-full\" srcset=\"https:\/\/www.csh-dental.hu\/wp-content\/uploads\/2025\/07\/indirekthej-DrFoad.jpg 500w, https:\/\/www.csh-dental.hu\/wp-content\/uploads\/2025\/07\/indirekthej-DrFoad-248x300.jpg 248w\" sizes=\"auto, (max-width: 500px) 100vw, 500px\" \/><\/figure><div class=\"wp-block-media-text__content\">\n<h3 class=\"wp-block-heading\">Indirekt h\u00e9j<\/h3>\n\n\n\n<p>A h\u00e9j, ami fogtechnikus \u00e1ltal k\u00e9sz\u00fcl, j\u00f3 megold\u00e1s lehet az elfordult vagy elsz\u00ednez\u0151d\u00f6tt fogakra.<\/p>\n<\/div><\/div>\n\n\n\n<div style=\"height:100px\" aria-hidden=\"true\" class=\"wp-block-spacer\"><\/div>\n\n\n\n<div class=\"wp-block-media-text is-stacked-on-mobile\" style=\"grid-template-columns:58% auto\"><figure class=\"wp-block-media-text__media\"><img loading=\"lazy\" decoding=\"async\" width=\"1005\" height=\"606\" src=\"https:\/\/www.csh-dental.hu\/wp-content\/uploads\/2025\/08\/implant.jpg\" alt=\"\" class=\"wp-image-377 size-full\" srcset=\"https:\/\/www.csh-dental.hu\/wp-content\/uploads\/2025\/08\/implant.jpg 1005w, https:\/\/www.csh-dental.hu\/wp-content\/uploads\/2025\/08\/implant-300x181.jpg 300w, https:\/\/www.csh-dental.hu\/wp-content\/uploads\/2025\/08\/implant-768x463.jpg 768w\" sizes=\"auto, (max-width: 1005px) 100vw, 1005px\" \/><\/figure><div class=\"wp-block-media-text__content\">\n<h3 class=\"wp-block-heading\">Implant<\/h3>\n\n\n\n<p>A term\u00e9szetes fog p\u00f3tl\u00e1s\u00e1ra a legjobb megold\u00e1s az implant\u00e1l\u00e1s. A kem\u00e9ny sz\u00f6vetet \u00e9s a l\u00e1gysz\u00f6vetet is mindig figyelembe kell venni, hogy egy t\u00f6k\u00e9letes, hossz\u00fat\u00e1von m\u0171k\u00f6d\u0151 eredm\u00e9nyt tudjunk el\u00e9rni.<\/p>\n<\/div><\/div>\n\n\n\n<div style=\"height:100px\" aria-hidden=\"true\" class=\"wp-block-spacer\"><\/div>\n\n\n\n<div class=\"wp-block-media-text is-stacked-on-mobile\" style=\"grid-template-columns:33% auto\"><figure class=\"wp-block-media-text__media\"><img loading=\"lazy\" decoding=\"async\" width=\"500\" height=\"606\" src=\"https:\/\/www.csh-dental.hu\/wp-content\/uploads\/2025\/08\/gyokerkezeles.jpg\" alt=\"\" class=\"wp-image-379 size-full\" srcset=\"https:\/\/www.csh-dental.hu\/wp-content\/uploads\/2025\/08\/gyokerkezeles.jpg 500w, https:\/\/www.csh-dental.hu\/wp-content\/uploads\/2025\/08\/gyokerkezeles-248x300.jpg 248w\" sizes=\"auto, (max-width: 500px) 100vw, 500px\" \/><\/figure><div class=\"wp-block-media-text__content\">\n<h3 class=\"wp-block-heading\">Gy\u00f6k\u00e9rkezel\u00e9s<\/h3>\n\n\n\n<p>Ma m\u00e1r alap fog\u00e1szati kezel\u00e9snek sz\u00e1m\u00edt, amin\u00e9l k\u00fcl\u00f6n\u00f6sen fontos a prec\u00edz kivitelez\u00e9s, ez\u00e9rt rendel\u0151nkben nagy nagy\u00edt\u00e1s alatt \u00e9s a leg\u00fajabb technik\u00e1val v\u00e9gezz\u00fck el minden l\u00e9p\u00e9s\u00e9t.<\/p>\n<\/div><\/div>\n\n\n\n<div style=\"height:100px\" aria-hidden=\"true\" class=\"wp-block-spacer\"><\/div>\n\n\n\n<div class=\"wp-block-media-text is-stacked-on-mobile\" style=\"grid-template-columns:33% auto\"><figure class=\"wp-block-media-text__media\"><img loading=\"lazy\" decoding=\"async\" width=\"500\" height=\"606\" src=\"https:\/\/www.csh-dental.hu\/wp-content\/uploads\/2025\/08\/direkthej.jpg\" alt=\"\" class=\"wp-image-381 size-full\" srcset=\"https:\/\/www.csh-dental.hu\/wp-content\/uploads\/2025\/08\/direkthej.jpg 500w, https:\/\/www.csh-dental.hu\/wp-content\/uploads\/2025\/08\/direkthej-248x300.jpg 248w\" sizes=\"auto, (max-width: 500px) 100vw, 500px\" \/><\/figure><div class=\"wp-block-media-text__content\">\n<h3 class=\"wp-block-heading\">Direkt h\u00e9j<\/h3>\n\n\n\n<p>Mock up alapj\u00e1n, sz\u00e1jban t\u00f6m\u0151anyaggal k\u00e9sz\u00fcl.<\/p>\n<\/div><\/div>\n\n\n\n<div style=\"height:100px\" aria-hidden=\"true\" class=\"wp-block-spacer\"><\/div>\n\n\n\n<div class=\"wp-block-media-text is-stacked-on-mobile\" style=\"grid-template-columns:58% auto\"><figure class=\"wp-block-media-text__media\"><img loading=\"lazy\" decoding=\"async\" width=\"1005\" height=\"606\" src=\"https:\/\/www.csh-dental.hu\/wp-content\/uploads\/2025\/08\/csonpotlas.jpg\" alt=\"\" class=\"wp-image-383 size-full\" srcset=\"https:\/\/www.csh-dental.hu\/wp-content\/uploads\/2025\/08\/csonpotlas.jpg 1005w, https:\/\/www.csh-dental.hu\/wp-content\/uploads\/2025\/08\/csonpotlas-300x181.jpg 300w, https:\/\/www.csh-dental.hu\/wp-content\/uploads\/2025\/08\/csonpotlas-768x463.jpg 768w\" sizes=\"auto, (max-width: 1005px) 100vw, 1005px\" \/><\/figure><div class=\"wp-block-media-text__content\">\n<h3 class=\"wp-block-heading\">Csontp\u00f3tl\u00e1s<\/h3>\n\n\n\n<p>Als\u00f3 \u00e9s fels\u0151 \u00e1llcsontba nem mindig lehet fogh\u00faz\u00e1s ut\u00e1n implant\u00e1lni. Sokszor hi\u00e1nyzik a megfelel\u0151 csont sz\u00e9less\u00e9g \u00e9s magass\u00e1g. Ebben az esetben el\u0151sz\u00f6r a csontot kell p\u00f3tolni, \u00e9s ut\u00e1na implant\u00e1lni.<\/p>\n<\/div><\/div>\n\n\n\n<div style=\"height:100px\" aria-hidden=\"true\" class=\"wp-block-spacer\"><\/div>\n\n\n\n<div class=\"wp-block-media-text is-stacked-on-mobile\" style=\"grid-template-columns:58% auto\"><figure class=\"wp-block-media-text__media\"><img loading=\"lazy\" decoding=\"async\" width=\"1005\" height=\"606\" src=\"https:\/\/www.csh-dental.hu\/wp-content\/uploads\/2025\/08\/full.jpg\" alt=\"\" class=\"wp-image-388 size-full\" srcset=\"https:\/\/www.csh-dental.hu\/wp-content\/uploads\/2025\/08\/full.jpg 1005w, https:\/\/www.csh-dental.hu\/wp-content\/uploads\/2025\/08\/full-300x181.jpg 300w, https:\/\/www.csh-dental.hu\/wp-content\/uploads\/2025\/08\/full-768x463.jpg 768w\" sizes=\"auto, (max-width: 1005px) 100vw, 1005px\" \/><\/figure><div class=\"wp-block-media-text__content\">\n<h3 class=\"wp-block-heading\">Teljes sz\u00e1jrehabilit\u00e1ci\u00f3<\/h3>\n\n\n\n<p><strong>Nem minden sz\u00e1j alkalmas arra, hogy koron\u00e1t vagy h\u00e9jakat k\u00e9sz\u00edts\u00fcnk<\/strong>.<\/p>\n\n\n\n<p>Ezekben az esetekben egy teljes komplex ell\u00e1t\u00e1sra van sz\u00fcks\u00e9g, aminek t\u00f6bb l\u00e9p\u00e9sb\u0151l \u00e1ll: harap\u00e1s \u00e1ll\u00edt\u00e1s, backward planning \u00e9s teljes sz\u00e1j rehabilit\u00e1ci\u00f3, korona, bet\u00e9t, h\u00e9j k\u00e9sz\u00edt\u00e9se esett\u0151l f\u00fcgg\u0151en\u2026&nbsp;<\/p>\n<\/div><\/div>\n\n\n\n<div style=\"height:100px\" aria-hidden=\"true\" class=\"wp-block-spacer\"><\/div>\n\n\n\n<div class=\"wp-block-media-text is-stacked-on-mobile\" style=\"grid-template-columns:33% auto\"><figure class=\"wp-block-media-text__media\"><img loading=\"lazy\" decoding=\"async\" width=\"500\" height=\"606\" src=\"https:\/\/www.csh-dental.hu\/wp-content\/uploads\/2025\/08\/biomimetikus.jpg\" alt=\"\" class=\"wp-image-390 size-full\" srcset=\"https:\/\/www.csh-dental.hu\/wp-content\/uploads\/2025\/08\/biomimetikus.jpg 500w, https:\/\/www.csh-dental.hu\/wp-content\/uploads\/2025\/08\/biomimetikus-248x300.jpg 248w\" sizes=\"auto, (max-width: 500px) 100vw, 500px\" \/><\/figure><div class=\"wp-block-media-text__content\">\n<h3 class=\"wp-block-heading\">Biomimetika<\/h3>\n\n\n\n<p>A hagyom\u00e1nyos t\u00f6m\u00e9s az esetek 90%-ban nem m\u0171k\u00f6dik, ennek oka lehet, hogy sokszor a megvil\u00e1g\u00edt\u00e1s ut\u00e1n zsugorodik a t\u00f6m\u0151anyag \u00e9s szekunder caries \u00e9rz\u00e9kenys\u00e9g tapasztalhat\u00f3.&nbsp;<\/p>\n\n\n\n<p>Biomimetik\u00e1val olyan t\u00f6m\u00e9st lehet k\u00e9sz\u00edteni, ami az eredeti fog anyag\u00e1hoz \u00e9s szerkezet\u00e9hez jobban hasonl\u00edt, ez\u00e9rt sokkal tart\u00f3sabb \u00e9s er\u0151sebb fogfelsz\u00ednt hoz l\u00e9tre.<\/p>\n\n\n\n<p><\/p>\n<\/div><\/div>\n","protected":false},"excerpt":{"rendered":"<p>\u00cdny recesszi\u00f3 fed\u00e9se Az \u00edny visszah\u00faz\u00f3d\u00e1snak t\u00f6bb oka lehet pl. rossz harap\u00e1s, t\u00fal er\u0151s fogmos\u00e1s, iatrog\u00e9n okok mint el\u00e1ll\u00f3 t\u00f6m\u00e9snek a sz\u00e9le\u2026&nbsp; T\u00f6bb m\u00f3dszer l\u00e9tezik a leh\u00faz\u00f3dott r\u00e9sz fed\u00e9s\u00e9re. Indirekt h\u00e9j A h\u00e9j, ami fogtechnikus \u00e1ltal k\u00e9sz\u00fcl, j\u00f3 megold\u00e1s lehet az elfordult vagy elsz\u00ednez\u0151d\u00f6tt fogakra. Implant A term\u00e9szetes fog p\u00f3tl\u00e1s\u00e1ra a legjobb megold\u00e1s az implant\u00e1l\u00e1s.&hellip; <br \/> <a class=\"read-more\" href=\"https:\/\/www.csh-dental.hu\/index.php\/esetbemutatasok\/\">Read more<\/a><\/p>\n","protected":false},"author":1,"featured_media":0,"parent":0,"menu_order":0,"comment_status":"closed","ping_status":"closed","template":"","meta":{"footnotes":""},"class_list":["post-123","page","type-page","status-publish","hentry"],"yoast_head":"<!-- This site is optimized with the Yoast SEO plugin v27.2 - https:\/\/yoast.com\/product\/yoast-seo-wordpress\/ -->\n<title>Min\u0151s\u00e9gi Fog\u00e1szati Rendel\u0151 III. ker\u00fclet | Modern CT Diagnosztika | Csillaghegyi Fog\u00e1szat<\/title>\n<meta name=\"description\" content=\"Keressen megb\u00edzhat\u00f3 fog\u00e1szati rendel\u0151t a III. ker\u00fcletben? A Csillaghegyi Fog\u00e1szat \u00e1tfog\u00f3 ell\u00e1t\u00e1st ny\u00fajt, helyben el\u00e9rhet\u0151 3D CT-vel. Min\u0151s\u00e9g, k\u00e9nyelem, kedvez\u0151 \u00e1rak. Kattintson a r\u00e9szletek\u00e9rt!\" \/>\n<meta name=\"robots\" content=\"index, follow, max-snippet:-1, max-image-preview:large, max-video-preview:-1\" \/>\n<link rel=\"canonical\" href=\"https:\/\/www.csh-dental.hu\/index.php\/esetbemutatasok\/\" \/>\n<meta property=\"og:locale\" content=\"hu_HU\" \/>\n<meta property=\"og:type\" content=\"article\" \/>\n<meta property=\"og:title\" content=\"Min\u0151s\u00e9gi Fog\u00e1szati Rendel\u0151 III. ker\u00fclet | Modern CT Diagnosztika | Csillaghegyi Fog\u00e1szat\" \/>\n<meta property=\"og:description\" content=\"Keressen megb\u00edzhat\u00f3 fog\u00e1szati rendel\u0151t a III. ker\u00fcletben? A Csillaghegyi Fog\u00e1szat \u00e1tfog\u00f3 ell\u00e1t\u00e1st ny\u00fajt, helyben el\u00e9rhet\u0151 3D CT-vel. Min\u0151s\u00e9g, k\u00e9nyelem, kedvez\u0151 \u00e1rak. Kattintson a r\u00e9szletek\u00e9rt!\" \/>\n<meta property=\"og:url\" content=\"https:\/\/www.csh-dental.hu\/index.php\/esetbemutatasok\/\" \/>\n<meta property=\"og:site_name\" content=\"Csillaghegyi Fog\u00e1szati \u00e9s CT K\u00f6zpont\" \/>\n<meta property=\"article:publisher\" content=\"https:\/\/www.facebook.com\/cshdental\" \/>\n<meta property=\"article:modified_time\" content=\"2025-08-24T18:38:51+00:00\" \/>\n<meta property=\"og:image\" content=\"http:\/\/www.csh-dental.hu\/wp-content\/uploads\/2025\/07\/inyrecesszio-DrFoad.jpg\" \/>\n<meta name=\"twitter:card\" content=\"summary_large_image\" \/>\n<meta name=\"twitter:label1\" content=\"Becs\u00fclt olvas\u00e1si id\u0151\" \/>\n\t<meta name=\"twitter:data1\" content=\"2 perc\" \/>\n<script type=\"application\/ld+json\" class=\"yoast-schema-graph\">{\"@context\":\"https:\/\/schema.org\",\"@graph\":[{\"@type\":\"WebPage\",\"@id\":\"https:\/\/www.csh-dental.hu\/index.php\/esetbemutatasok\/\",\"url\":\"https:\/\/www.csh-dental.hu\/index.php\/esetbemutatasok\/\",\"name\":\"Min\u0151s\u00e9gi Fog\u00e1szati Rendel\u0151 III. ker\u00fclet | Modern CT Diagnosztika | Csillaghegyi Fog\u00e1szat\",\"isPartOf\":{\"@id\":\"https:\/\/www.csh-dental.hu\/#website\"},\"primaryImageOfPage\":{\"@id\":\"https:\/\/www.csh-dental.hu\/index.php\/esetbemutatasok\/#primaryimage\"},\"image\":{\"@id\":\"https:\/\/www.csh-dental.hu\/index.php\/esetbemutatasok\/#primaryimage\"},\"thumbnailUrl\":\"http:\/\/www.csh-dental.hu\/wp-content\/uploads\/2025\/07\/inyrecesszio-DrFoad.jpg\",\"datePublished\":\"2025-07-17T09:30:28+00:00\",\"dateModified\":\"2025-08-24T18:38:51+00:00\",\"description\":\"Keressen megb\u00edzhat\u00f3 fog\u00e1szati rendel\u0151t a III. ker\u00fcletben? A Csillaghegyi Fog\u00e1szat \u00e1tfog\u00f3 ell\u00e1t\u00e1st ny\u00fajt, helyben el\u00e9rhet\u0151 3D CT-vel. Min\u0151s\u00e9g, k\u00e9nyelem, kedvez\u0151 \u00e1rak. Kattintson a r\u00e9szletek\u00e9rt!\",\"breadcrumb\":{\"@id\":\"https:\/\/www.csh-dental.hu\/index.php\/esetbemutatasok\/#breadcrumb\"},\"inLanguage\":\"hu\",\"potentialAction\":[{\"@type\":\"ReadAction\",\"target\":[\"https:\/\/www.csh-dental.hu\/index.php\/esetbemutatasok\/\"]}]},{\"@type\":\"ImageObject\",\"inLanguage\":\"hu\",\"@id\":\"https:\/\/www.csh-dental.hu\/index.php\/esetbemutatasok\/#primaryimage\",\"url\":\"https:\/\/www.csh-dental.hu\/wp-content\/uploads\/2025\/07\/inyrecesszio-DrFoad.jpg\",\"contentUrl\":\"https:\/\/www.csh-dental.hu\/wp-content\/uploads\/2025\/07\/inyrecesszio-DrFoad.jpg\",\"width\":500,\"height\":606},{\"@type\":\"BreadcrumbList\",\"@id\":\"https:\/\/www.csh-dental.hu\/index.php\/esetbemutatasok\/#breadcrumb\",\"itemListElement\":[{\"@type\":\"ListItem\",\"position\":1,\"name\":\"Home\",\"item\":\"https:\/\/www.csh-dental.hu\/\"},{\"@type\":\"ListItem\",\"position\":2,\"name\":\"Esetbemutat\u00e1sok\"}]},{\"@type\":\"WebSite\",\"@id\":\"https:\/\/www.csh-dental.hu\/#website\",\"url\":\"https:\/\/www.csh-dental.hu\/\",\"name\":\"Csillaghegyi Fog\u00e1szati \u00e9s CT K\u00f6zpont\",\"description\":\"\",\"publisher\":{\"@id\":\"https:\/\/www.csh-dental.hu\/#organization\"},\"alternateName\":\"Modern Fog\u00e1szat III. ker\u00fclet\",\"potentialAction\":[{\"@type\":\"SearchAction\",\"target\":{\"@type\":\"EntryPoint\",\"urlTemplate\":\"https:\/\/www.csh-dental.hu\/?s={search_term_string}\"},\"query-input\":{\"@type\":\"PropertyValueSpecification\",\"valueRequired\":true,\"valueName\":\"search_term_string\"}}],\"inLanguage\":\"hu\"},{\"@type\":\"Organization\",\"@id\":\"https:\/\/www.csh-dental.hu\/#organization\",\"name\":\"Csillaghegyi Fog\u00e1szati \u00e9s CT K\u00f6zpont\",\"url\":\"https:\/\/www.csh-dental.hu\/\",\"logo\":{\"@type\":\"ImageObject\",\"inLanguage\":\"hu\",\"@id\":\"https:\/\/www.csh-dental.hu\/#\/schema\/logo\/image\/\",\"url\":\"https:\/\/www.csh-dental.hu\/wp-content\/uploads\/2025\/11\/cropped-android-chrome-512x512-1.png\",\"contentUrl\":\"https:\/\/www.csh-dental.hu\/wp-content\/uploads\/2025\/11\/cropped-android-chrome-512x512-1.png\",\"width\":512,\"height\":512,\"caption\":\"Csillaghegyi Fog\u00e1szati \u00e9s CT K\u00f6zpont\"},\"image\":{\"@id\":\"https:\/\/www.csh-dental.hu\/#\/schema\/logo\/image\/\"},\"sameAs\":[\"https:\/\/www.facebook.com\/cshdental\",\"https:\/\/www.instagram.com\/csillaghegyifogaszat\/\"]}]}<\/script>\n<!-- \/ Yoast SEO plugin. -->","yoast_head_json":{"title":"Min\u0151s\u00e9gi Fog\u00e1szati Rendel\u0151 III. ker\u00fclet | Modern CT Diagnosztika | Csillaghegyi Fog\u00e1szat","description":"Keressen megb\u00edzhat\u00f3 fog\u00e1szati rendel\u0151t a III. ker\u00fcletben? A Csillaghegyi Fog\u00e1szat \u00e1tfog\u00f3 ell\u00e1t\u00e1st ny\u00fajt, helyben el\u00e9rhet\u0151 3D CT-vel. Min\u0151s\u00e9g, k\u00e9nyelem, kedvez\u0151 \u00e1rak. Kattintson a r\u00e9szletek\u00e9rt!","robots":{"index":"index","follow":"follow","max-snippet":"max-snippet:-1","max-image-preview":"max-image-preview:large","max-video-preview":"max-video-preview:-1"},"canonical":"https:\/\/www.csh-dental.hu\/index.php\/esetbemutatasok\/","og_locale":"hu_HU","og_type":"article","og_title":"Min\u0151s\u00e9gi Fog\u00e1szati Rendel\u0151 III. ker\u00fclet | Modern CT Diagnosztika | Csillaghegyi Fog\u00e1szat","og_description":"Keressen megb\u00edzhat\u00f3 fog\u00e1szati rendel\u0151t a III. ker\u00fcletben? A Csillaghegyi Fog\u00e1szat \u00e1tfog\u00f3 ell\u00e1t\u00e1st ny\u00fajt, helyben el\u00e9rhet\u0151 3D CT-vel. Min\u0151s\u00e9g, k\u00e9nyelem, kedvez\u0151 \u00e1rak. Kattintson a r\u00e9szletek\u00e9rt!","og_url":"https:\/\/www.csh-dental.hu\/index.php\/esetbemutatasok\/","og_site_name":"Csillaghegyi Fog\u00e1szati \u00e9s CT K\u00f6zpont","article_publisher":"https:\/\/www.facebook.com\/cshdental","article_modified_time":"2025-08-24T18:38:51+00:00","og_image":[{"url":"http:\/\/www.csh-dental.hu\/wp-content\/uploads\/2025\/07\/inyrecesszio-DrFoad.jpg","type":"","width":"","height":""}],"twitter_card":"summary_large_image","twitter_misc":{"Becs\u00fclt olvas\u00e1si id\u0151":"2 perc"},"schema":{"@context":"https:\/\/schema.org","@graph":[{"@type":"WebPage","@id":"https:\/\/www.csh-dental.hu\/index.php\/esetbemutatasok\/","url":"https:\/\/www.csh-dental.hu\/index.php\/esetbemutatasok\/","name":"Min\u0151s\u00e9gi Fog\u00e1szati Rendel\u0151 III. ker\u00fclet | Modern CT Diagnosztika | Csillaghegyi Fog\u00e1szat","isPartOf":{"@id":"https:\/\/www.csh-dental.hu\/#website"},"primaryImageOfPage":{"@id":"https:\/\/www.csh-dental.hu\/index.php\/esetbemutatasok\/#primaryimage"},"image":{"@id":"https:\/\/www.csh-dental.hu\/index.php\/esetbemutatasok\/#primaryimage"},"thumbnailUrl":"http:\/\/www.csh-dental.hu\/wp-content\/uploads\/2025\/07\/inyrecesszio-DrFoad.jpg","datePublished":"2025-07-17T09:30:28+00:00","dateModified":"2025-08-24T18:38:51+00:00","description":"Keressen megb\u00edzhat\u00f3 fog\u00e1szati rendel\u0151t a III. ker\u00fcletben? A Csillaghegyi Fog\u00e1szat \u00e1tfog\u00f3 ell\u00e1t\u00e1st ny\u00fajt, helyben el\u00e9rhet\u0151 3D CT-vel. Min\u0151s\u00e9g, k\u00e9nyelem, kedvez\u0151 \u00e1rak. Kattintson a r\u00e9szletek\u00e9rt!","breadcrumb":{"@id":"https:\/\/www.csh-dental.hu\/index.php\/esetbemutatasok\/#breadcrumb"},"inLanguage":"hu","potentialAction":[{"@type":"ReadAction","target":["https:\/\/www.csh-dental.hu\/index.php\/esetbemutatasok\/"]}]},{"@type":"ImageObject","inLanguage":"hu","@id":"https:\/\/www.csh-dental.hu\/index.php\/esetbemutatasok\/#primaryimage","url":"https:\/\/www.csh-dental.hu\/wp-content\/uploads\/2025\/07\/inyrecesszio-DrFoad.jpg","contentUrl":"https:\/\/www.csh-dental.hu\/wp-content\/uploads\/2025\/07\/inyrecesszio-DrFoad.jpg","width":500,"height":606},{"@type":"BreadcrumbList","@id":"https:\/\/www.csh-dental.hu\/index.php\/esetbemutatasok\/#breadcrumb","itemListElement":[{"@type":"ListItem","position":1,"name":"Home","item":"https:\/\/www.csh-dental.hu\/"},{"@type":"ListItem","position":2,"name":"Esetbemutat\u00e1sok"}]},{"@type":"WebSite","@id":"https:\/\/www.csh-dental.hu\/#website","url":"https:\/\/www.csh-dental.hu\/","name":"Csillaghegyi Fog\u00e1szati \u00e9s CT K\u00f6zpont","description":"","publisher":{"@id":"https:\/\/www.csh-dental.hu\/#organization"},"alternateName":"Modern Fog\u00e1szat III. ker\u00fclet","potentialAction":[{"@type":"SearchAction","target":{"@type":"EntryPoint","urlTemplate":"https:\/\/www.csh-dental.hu\/?s={search_term_string}"},"query-input":{"@type":"PropertyValueSpecification","valueRequired":true,"valueName":"search_term_string"}}],"inLanguage":"hu"},{"@type":"Organization","@id":"https:\/\/www.csh-dental.hu\/#organization","name":"Csillaghegyi Fog\u00e1szati \u00e9s CT K\u00f6zpont","url":"https:\/\/www.csh-dental.hu\/","logo":{"@type":"ImageObject","inLanguage":"hu","@id":"https:\/\/www.csh-dental.hu\/#\/schema\/logo\/image\/","url":"https:\/\/www.csh-dental.hu\/wp-content\/uploads\/2025\/11\/cropped-android-chrome-512x512-1.png","contentUrl":"https:\/\/www.csh-dental.hu\/wp-content\/uploads\/2025\/11\/cropped-android-chrome-512x512-1.png","width":512,"height":512,"caption":"Csillaghegyi Fog\u00e1szati \u00e9s CT K\u00f6zpont"},"image":{"@id":"https:\/\/www.csh-dental.hu\/#\/schema\/logo\/image\/"},"sameAs":["https:\/\/www.facebook.com\/cshdental","https:\/\/www.instagram.com\/csillaghegyifogaszat\/"]}]}},"_links":{"self":[{"href":"https:\/\/www.csh-dental.hu\/index.php\/wp-json\/wp\/v2\/pages\/123","targetHints":{"allow":["GET"]}}],"collection":[{"href":"https:\/\/www.csh-dental.hu\/index.php\/wp-json\/wp\/v2\/pages"}],"about":[{"href":"https:\/\/www.csh-dental.hu\/index.php\/wp-json\/wp\/v2\/types\/page"}],"author":[{"embeddable":true,"href":"https:\/\/www.csh-dental.hu\/index.php\/wp-json\/wp\/v2\/users\/1"}],"replies":[{"embeddable":true,"href":"https:\/\/www.csh-dental.hu\/index.php\/wp-json\/wp\/v2\/comments?post=123"}],"version-history":[{"count":18,"href":"https:\/\/www.csh-dental.hu\/index.php\/wp-json\/wp\/v2\/pages\/123\/revisions"}],"predecessor-version":[{"id":488,"href":"https:\/\/www.csh-dental.hu\/index.php\/wp-json\/wp\/v2\/pages\/123\/revisions\/488"}],"wp:attachment":[{"href":"https:\/\/www.csh-dental.hu\/index.php\/wp-json\/wp\/v2\/media?parent=123"}],"curies":[{"name":"wp","href":"https:\/\/api.w.org\/{rel}","templated":true}]}}