{"id":13,"date":"2025-07-07T12:33:40","date_gmt":"2025-07-07T12:33:40","guid":{"rendered":"http:\/\/www.csh-dental.hu\/?page_id=13"},"modified":"2026-03-02T13:02:21","modified_gmt":"2026-03-02T13:02:21","slug":"arak","status":"publish","type":"page","link":"https:\/\/www.csh-dental.hu\/index.php\/arak\/","title":{"rendered":"Fog\u00e1szati \u00e1raink \u2013 Csillaghegyi Fog\u00e1szati \u00e9s CT K\u00f6zpont"},"content":{"rendered":"\n<p>N\u00e1lunk nincsenek rejtett k\u00f6lts\u00e9gek. C\u00e9lunk az \u00e1tl\u00e1that\u00f3s\u00e1g \u00e9s a legmagasabb szakmai sz\u00ednvonal biztos\u00edt\u00e1sa. \u00c1raink a legmodernebb technol\u00f3gi\u00e1k alkalmaz\u00e1s\u00e1t is tartalmazz\u00e1k.<\/p>\n\n\n\n<h3 class=\"wp-block-heading has-text-align-left\">\ud83d\udd0d Konzult\u00e1ci\u00f3 \u00e9s diagnosztika<\/h3>\n\n\n\n<p><em>A pontos diagn\u00f3zis a sikeres kezel\u00e9s alapja. Saj\u00e1t CT k\u00e9sz\u00fcl\u00e9k\u00fcnkkel azonnali, helysz\u00edni felv\u00e9telt k\u00e9sz\u00edt\u00fcnk.<\/em><\/p>\n\n\n\n<figure class=\"wp-block-table is-style-stripes\"><table class=\"has-black-color has-text-color has-link-color has-fixed-layout\"><tbody><tr><td>Szakorvosi konzult\u00e1ci\u00f3<\/td><td>20.000 Ft<\/td><\/tr><tr><td>Komplex kezel\u00e9sek tervez\u00e9se (a kezel\u00e9s d\u00edj\u00e1b\u00f3l levonjuk)<\/td><td>13.000 Ft<\/td><\/tr><tr><td>Digit\u00e1lis panor\u00e1ma r\u00f6ntgen<\/td><td>10.000 Ft<\/td><\/tr><tr><td>CBCT felv\u00e9tel<\/td><td>30.000 Ft<\/td><\/tr><tr><td>Komplex fog\u00e1szati g\u00f3ckutat\u00e1s<\/td><td>40.000 Ft<\/td><\/tr><tr><td>Fog\u00e1szati kismama sz\u0171r\u00e9s <br>   fog\u00e1szati sz\u0171r\u00e9s, szaktan\u00e1csad\u00e1s, fogk\u0151elt\u00e1vol\u00edt\u00e1s \u00e9s v\u00e1rand\u00f3s kisk\u00f6nyv kit\u00f6lt\u00e9se<\/td><td>30.000 Ft<\/td><\/tr><\/tbody><\/table><\/figure>\n\n\n\n<h3 class=\"wp-block-heading\">\u2728 Sz\u00e1jhigi\u00e9n\u00e9s kezel\u00e9s<\/h3>\n\n\n\n<p><em>A megel\u0151z\u00e9s n\u00e1lunk wellness \u00e9lm\u00e9ny. Ismerje meg a f\u00e1jdalommentes biofilm ter\u00e1pi\u00e1t!<\/em><\/p>\n\n\n\n<figure class=\"wp-block-table is-style-stripes\"><table class=\"has-black-color has-text-color has-link-color has-fixed-layout\"><tbody><tr><td>Ultrahangos fogk\u0151elt\u00e1vol\u00edt\u00e1s<\/td><td>32.000 Ft<\/td><\/tr><tr><td>Professzion\u00e1lis ultrahangos fogk\u0151elt\u00e1vol\u00edt\u00e1s biofilmter\u00e1pi\u00e1val, egy\u00e9ni sz\u00e1jhig\u00e9n\u00e9s tan\u00e1csad\u00e1ssal<\/td><td>40.000 Ft<\/td><\/tr><tr><td>Rendel\u0151i fogfeh\u00e9r\u00edt\u00e9s<\/td><td>120.000 Ft<\/td><\/tr><\/tbody><\/table><\/figure>\n\n\n\n<h3 class=\"wp-block-heading\">\ud83e\uddb7 Eszt\u00e9tikus fogmeg\u0151rz\u0151 kezel\u00e9sek<\/h3>\n\n\n\n<p><em>Kiz\u00e1r\u00f3lag pr\u00e9mium, BPA-mentes anyagokat haszn\u00e1lunk az \u00d6n eg\u00e9szs\u00e9g\u00e9\u00e9rt.<\/em><\/p>\n\n\n\n<figure class=\"wp-block-table is-style-stripes\"><table class=\"has-black-color has-text-color has-link-color has-fixed-layout\"><tbody><tr><td>Eszt\u00e9tikus fogt\u00f6m\u00e9s felsz\u00ednt\u0151l f\u00fcgg\u0151en<\/td><td>35.000 Ft-t\u00f3l<\/td><\/tr><tr><td>Izol\u00e1ci\u00f3<\/td><td>5.000 Ft<\/td><\/tr><tr><td>Bar\u00e1zdaz\u00e1r\u00e1s (BPA mentes t\u00f6m\u0151anyagokkal)<\/td><td>15.000 Ft<\/td><\/tr><tr><td>Amalg\u00e1m t\u00f6m\u00e9s szakszer\u0171 elt\u00e1vol\u00edt\u00e1sa (BPA mentes)<\/td><td>10.000 Ft<\/td><\/tr><\/tbody><\/table><\/figure>\n\n\n\n<h3 class=\"wp-block-heading\">\ud83d\udd2cEndodoncia <\/h3>\n\n\n\n<p><em>Ments\u00fck meg saj\u00e1t fog\u00e1t a legmodernebb mikroszk\u00f3pos technol\u00f3gi\u00e1val!<\/em><\/p>\n\n\n\n<figure class=\"wp-block-table is-style-stripes\"><table class=\"has-black-color has-text-color has-link-color has-fixed-layout\"><tbody><tr><td>Gy\u00f6k\u00e9rkezel\u00e9s<\/td><td>60.000 Ft-t\u00f3l<\/td><\/tr><tr><td>Gy\u00f6k\u00e9rcsatorna \u00e1t\u00f6bl\u00edt\u00e9s<\/td><td>20.000 Ft<\/td><\/tr><tr><td>Mikroszk\u00f3pos gy\u00f6k\u00e9rkezel\u00e9s<\/td><td>140.000 Ft-t\u00f3l<\/td><\/tr><\/tbody><\/table><\/figure>\n\n\n\n<h3 class=\"wp-block-heading\">\ud83e\ude7a Parodontol\u00f3gia<\/h3>\n\n\n\n<p><em>Szakszer\u0171 megold\u00e1sok az \u00ednybetegs\u00e9gekre \u00e9s prec\u00edz seb\u00e9szeti beavatkoz\u00e1sok.<\/em><\/p>\n\n\n\n<figure class=\"wp-block-table is-style-stripes\"><table class=\"has-black-color has-text-color has-link-color has-fixed-layout\"><tbody><tr><td>Z\u00e1rt k\u00fcrett fogank\u00e9nt<\/td><td>20.000 Ft<\/td><\/tr><tr><td>Teljes k\u00fcrett als\u00f3-fels\u0151 \u00e1llcsont<\/td><td>320.000 Ft<\/td><\/tr><tr><td>S\u00ednez\u00e9s<\/td><td>20.000 Ft\/fog<\/td><\/tr><tr><td>Nyitott k\u00fcrett (regenerat\u00edv anyag n\u00e9lk\u00fcl)<\/td><td>65.000 Ft\/fog<\/td><\/tr><tr><td>CTG \u00e1t\u00fcltet\u00e9s (saj\u00e1t k\u00f6t\u0151sz\u00f6vet \u00e1t\u00fcltet\u00e9s)<\/td><td>75.000 Ft\/fog<\/td><\/tr><\/tbody><\/table><\/figure>\n\n\n\n<h3 class=\"wp-block-heading\">Sz\u00e1jseb\u00e9szet<\/h3>\n\n\n\n<figure class=\"wp-block-table is-style-stripes\"><table class=\"has-black-color has-text-color has-link-color has-fixed-layout\"><tbody><tr><td>Fogelt\u00e1vol\u00edt\u00e1s komplik\u00e1lts\u00e1gt\u00f3l f\u00fcgg\u0151en<\/td><td>35.000 Ft-t\u00f3l<\/td><\/tr><tr><td>B\u00f6lcsess\u00e9gfog elt\u00e1vol\u00edt\u00e1s komplik\u00e1lts\u00e1gt\u00f3l f\u00fcgg\u0151en<\/td><td>40.000 Ft-t\u00f3l<\/td><\/tr><tr><td>Incisio<\/td><td>20.000 Ft<\/td><\/tr><tr><td>Cs\u00edk csere<\/td><td>10.000 Ft<\/td><\/tr><tr><td>Implant\u00e1tum be\u00fcltet\u00e9s<\/td><td>245.000 Ft-t\u00f3l<\/td><\/tr><\/tbody><\/table><\/figure>\n\n\n\n<div style=\"height:100px\" aria-hidden=\"true\" class=\"wp-block-spacer\"><\/div>\n\n\n\n<h3 class=\"wp-block-heading\">\ud83d\udc51 Fogp\u00f3tl\u00e1sok \u00e9s CAD\/CAM technol\u00f3gia<\/h3>\n\n\n\n<figure class=\"wp-block-table is-style-stripes\"><table class=\"has-black-color has-text-color has-link-color has-fixed-layout\"><tbody><tr><td>Kivehet\u0151 akril fogsor<\/td><td>230.000 Ft<\/td><\/tr><tr><td>Direkt h\u00e9j<\/td><td>82.000 Ft<\/td><\/tr><tr><td>Chairside azonnali korona k\u00e9sz\u00edt\u00e9s CAD\/CAM rendszerrel<\/td><td>110.000 Ft<\/td><\/tr><tr><td>Inlay, onlay<\/td><td>80.000 Ft<\/td><\/tr><tr><td><\/td><td><\/td><\/tr><\/tbody><\/table><\/figure>\n\n\n\n<div style=\"height:100px\" aria-hidden=\"true\" class=\"wp-block-spacer\"><\/div>\n\n\n\n<p class=\"has-text-align-center\"><strong>Fontos inform\u00e1ci\u00f3:<\/strong> \u00c1raink t\u00e1j\u00e9koztat\u00f3 jelleg\u0171ek. Szem\u00e9lyre szabott \u00e1raj\u00e1nlatot minden esetben alapos fogorvosi konzult\u00e1ci\u00f3 \u00e9s diagnosztika ut\u00e1n, \u00edr\u00e1sos kezel\u00e9si tervben adunk.<\/p>\n","protected":false},"excerpt":{"rendered":"<p>N\u00e1lunk nincsenek rejtett k\u00f6lts\u00e9gek. C\u00e9lunk az \u00e1tl\u00e1that\u00f3s\u00e1g \u00e9s a legmagasabb szakmai sz\u00ednvonal biztos\u00edt\u00e1sa. \u00c1raink a legmodernebb technol\u00f3gi\u00e1k alkalmaz\u00e1s\u00e1t is tartalmazz\u00e1k. \ud83d\udd0d Konzult\u00e1ci\u00f3 \u00e9s diagnosztika A pontos diagn\u00f3zis a sikeres kezel\u00e9s alapja. Saj\u00e1t CT k\u00e9sz\u00fcl\u00e9k\u00fcnkkel azonnali, helysz\u00edni felv\u00e9telt k\u00e9sz\u00edt\u00fcnk. Szakorvosi konzult\u00e1ci\u00f3 20.000 Ft Komplex kezel\u00e9sek tervez\u00e9se (a kezel\u00e9s d\u00edj\u00e1b\u00f3l levonjuk) 13.000 Ft Digit\u00e1lis panor\u00e1ma r\u00f6ntgen 10.000&hellip; <br \/> <a class=\"read-more\" href=\"https:\/\/www.csh-dental.hu\/index.php\/arak\/\">Read more<\/a><\/p>\n","protected":false},"author":1,"featured_media":0,"parent":0,"menu_order":0,"comment_status":"closed","ping_status":"closed","template":"","meta":{"footnotes":""},"class_list":["post-13","page","type-page","status-publish","hentry"],"yoast_head":"<!-- This site is optimized with the Yoast SEO plugin v27.2 - https:\/\/yoast.com\/product\/yoast-seo-wordpress\/ -->\n<title>Fog\u00e1szati \u00c1rak III. Ker\u00fclet | Csillaghegyi Fog\u00e1szati K\u00f6zpont<\/title>\n<meta name=\"description\" content=\"Tekintse meg aktu\u00e1lis \u00e1rlist\u00e1nkat! 3D CT, mikroszk\u00f3pos gy\u00f6k\u00e9rkezel\u00e9s, f\u00e1jdalommentes biofilm ter\u00e1pia \u00e9s BPA-mentes t\u00f6m\u00e9sek Csillaghegyen.\" \/>\n<meta name=\"robots\" content=\"index, follow, max-snippet:-1, max-image-preview:large, max-video-preview:-1\" \/>\n<link rel=\"canonical\" href=\"https:\/\/www.csh-dental.hu\/index.php\/arak\/\" \/>\n<meta property=\"og:locale\" content=\"hu_HU\" \/>\n<meta property=\"og:type\" content=\"article\" \/>\n<meta property=\"og:title\" content=\"Fog\u00e1szati \u00c1rak III. Ker\u00fclet | Csillaghegyi Fog\u00e1szati K\u00f6zpont\" \/>\n<meta property=\"og:description\" content=\"Tekintse meg aktu\u00e1lis \u00e1rlist\u00e1nkat! 3D CT, mikroszk\u00f3pos gy\u00f6k\u00e9rkezel\u00e9s, f\u00e1jdalommentes biofilm ter\u00e1pia \u00e9s BPA-mentes t\u00f6m\u00e9sek Csillaghegyen.\" \/>\n<meta property=\"og:url\" content=\"https:\/\/www.csh-dental.hu\/index.php\/arak\/\" \/>\n<meta property=\"og:site_name\" content=\"Csillaghegyi Fog\u00e1szati \u00e9s CT K\u00f6zpont\" \/>\n<meta property=\"article:publisher\" content=\"https:\/\/www.facebook.com\/cshdental\" \/>\n<meta property=\"article:modified_time\" content=\"2026-03-02T13:02:21+00:00\" \/>\n<meta name=\"twitter:card\" content=\"summary_large_image\" \/>\n<meta name=\"twitter:label1\" content=\"Becs\u00fclt olvas\u00e1si id\u0151\" \/>\n\t<meta name=\"twitter:data1\" content=\"2 perc\" \/>\n<script type=\"application\/ld+json\" class=\"yoast-schema-graph\">{\"@context\":\"https:\/\/schema.org\",\"@graph\":[{\"@type\":\"WebPage\",\"@id\":\"https:\/\/www.csh-dental.hu\/index.php\/arak\/\",\"url\":\"https:\/\/www.csh-dental.hu\/index.php\/arak\/\",\"name\":\"Fog\u00e1szati \u00c1rak III. Ker\u00fclet | Csillaghegyi Fog\u00e1szati K\u00f6zpont\",\"isPartOf\":{\"@id\":\"https:\/\/www.csh-dental.hu\/#website\"},\"datePublished\":\"2025-07-07T12:33:40+00:00\",\"dateModified\":\"2026-03-02T13:02:21+00:00\",\"description\":\"Tekintse meg aktu\u00e1lis \u00e1rlist\u00e1nkat! 3D CT, mikroszk\u00f3pos gy\u00f6k\u00e9rkezel\u00e9s, f\u00e1jdalommentes biofilm ter\u00e1pia \u00e9s BPA-mentes t\u00f6m\u00e9sek Csillaghegyen.\",\"breadcrumb\":{\"@id\":\"https:\/\/www.csh-dental.hu\/index.php\/arak\/#breadcrumb\"},\"inLanguage\":\"hu\",\"potentialAction\":[{\"@type\":\"ReadAction\",\"target\":[\"https:\/\/www.csh-dental.hu\/index.php\/arak\/\"]}]},{\"@type\":\"BreadcrumbList\",\"@id\":\"https:\/\/www.csh-dental.hu\/index.php\/arak\/#breadcrumb\",\"itemListElement\":[{\"@type\":\"ListItem\",\"position\":1,\"name\":\"Home\",\"item\":\"https:\/\/www.csh-dental.hu\/\"},{\"@type\":\"ListItem\",\"position\":2,\"name\":\"Fog\u00e1szati \u00e1raink \u2013 Csillaghegyi Fog\u00e1szati \u00e9s CT K\u00f6zpont\"}]},{\"@type\":\"WebSite\",\"@id\":\"https:\/\/www.csh-dental.hu\/#website\",\"url\":\"https:\/\/www.csh-dental.hu\/\",\"name\":\"Csillaghegyi Fog\u00e1szati \u00e9s CT K\u00f6zpont\",\"description\":\"\",\"publisher\":{\"@id\":\"https:\/\/www.csh-dental.hu\/#organization\"},\"alternateName\":\"Modern Fog\u00e1szat III. ker\u00fclet\",\"potentialAction\":[{\"@type\":\"SearchAction\",\"target\":{\"@type\":\"EntryPoint\",\"urlTemplate\":\"https:\/\/www.csh-dental.hu\/?s={search_term_string}\"},\"query-input\":{\"@type\":\"PropertyValueSpecification\",\"valueRequired\":true,\"valueName\":\"search_term_string\"}}],\"inLanguage\":\"hu\"},{\"@type\":\"Organization\",\"@id\":\"https:\/\/www.csh-dental.hu\/#organization\",\"name\":\"Csillaghegyi Fog\u00e1szati \u00e9s CT K\u00f6zpont\",\"url\":\"https:\/\/www.csh-dental.hu\/\",\"logo\":{\"@type\":\"ImageObject\",\"inLanguage\":\"hu\",\"@id\":\"https:\/\/www.csh-dental.hu\/#\/schema\/logo\/image\/\",\"url\":\"https:\/\/www.csh-dental.hu\/wp-content\/uploads\/2025\/11\/cropped-android-chrome-512x512-1.png\",\"contentUrl\":\"https:\/\/www.csh-dental.hu\/wp-content\/uploads\/2025\/11\/cropped-android-chrome-512x512-1.png\",\"width\":512,\"height\":512,\"caption\":\"Csillaghegyi Fog\u00e1szati \u00e9s CT K\u00f6zpont\"},\"image\":{\"@id\":\"https:\/\/www.csh-dental.hu\/#\/schema\/logo\/image\/\"},\"sameAs\":[\"https:\/\/www.facebook.com\/cshdental\",\"https:\/\/www.instagram.com\/csillaghegyifogaszat\/\"]}]}<\/script>\n<!-- \/ Yoast SEO plugin. -->","yoast_head_json":{"title":"Fog\u00e1szati \u00c1rak III. Ker\u00fclet | Csillaghegyi Fog\u00e1szati K\u00f6zpont","description":"Tekintse meg aktu\u00e1lis \u00e1rlist\u00e1nkat! 3D CT, mikroszk\u00f3pos gy\u00f6k\u00e9rkezel\u00e9s, f\u00e1jdalommentes biofilm ter\u00e1pia \u00e9s BPA-mentes t\u00f6m\u00e9sek Csillaghegyen.","robots":{"index":"index","follow":"follow","max-snippet":"max-snippet:-1","max-image-preview":"max-image-preview:large","max-video-preview":"max-video-preview:-1"},"canonical":"https:\/\/www.csh-dental.hu\/index.php\/arak\/","og_locale":"hu_HU","og_type":"article","og_title":"Fog\u00e1szati \u00c1rak III. Ker\u00fclet | Csillaghegyi Fog\u00e1szati K\u00f6zpont","og_description":"Tekintse meg aktu\u00e1lis \u00e1rlist\u00e1nkat! 3D CT, mikroszk\u00f3pos gy\u00f6k\u00e9rkezel\u00e9s, f\u00e1jdalommentes biofilm ter\u00e1pia \u00e9s BPA-mentes t\u00f6m\u00e9sek Csillaghegyen.","og_url":"https:\/\/www.csh-dental.hu\/index.php\/arak\/","og_site_name":"Csillaghegyi Fog\u00e1szati \u00e9s CT K\u00f6zpont","article_publisher":"https:\/\/www.facebook.com\/cshdental","article_modified_time":"2026-03-02T13:02:21+00:00","twitter_card":"summary_large_image","twitter_misc":{"Becs\u00fclt olvas\u00e1si id\u0151":"2 perc"},"schema":{"@context":"https:\/\/schema.org","@graph":[{"@type":"WebPage","@id":"https:\/\/www.csh-dental.hu\/index.php\/arak\/","url":"https:\/\/www.csh-dental.hu\/index.php\/arak\/","name":"Fog\u00e1szati \u00c1rak III. Ker\u00fclet | Csillaghegyi Fog\u00e1szati K\u00f6zpont","isPartOf":{"@id":"https:\/\/www.csh-dental.hu\/#website"},"datePublished":"2025-07-07T12:33:40+00:00","dateModified":"2026-03-02T13:02:21+00:00","description":"Tekintse meg aktu\u00e1lis \u00e1rlist\u00e1nkat! 3D CT, mikroszk\u00f3pos gy\u00f6k\u00e9rkezel\u00e9s, f\u00e1jdalommentes biofilm ter\u00e1pia \u00e9s BPA-mentes t\u00f6m\u00e9sek Csillaghegyen.","breadcrumb":{"@id":"https:\/\/www.csh-dental.hu\/index.php\/arak\/#breadcrumb"},"inLanguage":"hu","potentialAction":[{"@type":"ReadAction","target":["https:\/\/www.csh-dental.hu\/index.php\/arak\/"]}]},{"@type":"BreadcrumbList","@id":"https:\/\/www.csh-dental.hu\/index.php\/arak\/#breadcrumb","itemListElement":[{"@type":"ListItem","position":1,"name":"Home","item":"https:\/\/www.csh-dental.hu\/"},{"@type":"ListItem","position":2,"name":"Fog\u00e1szati \u00e1raink \u2013 Csillaghegyi Fog\u00e1szati \u00e9s CT K\u00f6zpont"}]},{"@type":"WebSite","@id":"https:\/\/www.csh-dental.hu\/#website","url":"https:\/\/www.csh-dental.hu\/","name":"Csillaghegyi Fog\u00e1szati \u00e9s CT K\u00f6zpont","description":"","publisher":{"@id":"https:\/\/www.csh-dental.hu\/#organization"},"alternateName":"Modern Fog\u00e1szat III. ker\u00fclet","potentialAction":[{"@type":"SearchAction","target":{"@type":"EntryPoint","urlTemplate":"https:\/\/www.csh-dental.hu\/?s={search_term_string}"},"query-input":{"@type":"PropertyValueSpecification","valueRequired":true,"valueName":"search_term_string"}}],"inLanguage":"hu"},{"@type":"Organization","@id":"https:\/\/www.csh-dental.hu\/#organization","name":"Csillaghegyi Fog\u00e1szati \u00e9s CT K\u00f6zpont","url":"https:\/\/www.csh-dental.hu\/","logo":{"@type":"ImageObject","inLanguage":"hu","@id":"https:\/\/www.csh-dental.hu\/#\/schema\/logo\/image\/","url":"https:\/\/www.csh-dental.hu\/wp-content\/uploads\/2025\/11\/cropped-android-chrome-512x512-1.png","contentUrl":"https:\/\/www.csh-dental.hu\/wp-content\/uploads\/2025\/11\/cropped-android-chrome-512x512-1.png","width":512,"height":512,"caption":"Csillaghegyi Fog\u00e1szati \u00e9s CT K\u00f6zpont"},"image":{"@id":"https:\/\/www.csh-dental.hu\/#\/schema\/logo\/image\/"},"sameAs":["https:\/\/www.facebook.com\/cshdental","https:\/\/www.instagram.com\/csillaghegyifogaszat\/"]}]}},"_links":{"self":[{"href":"https:\/\/www.csh-dental.hu\/index.php\/wp-json\/wp\/v2\/pages\/13","targetHints":{"allow":["GET"]}}],"collection":[{"href":"https:\/\/www.csh-dental.hu\/index.php\/wp-json\/wp\/v2\/pages"}],"about":[{"href":"https:\/\/www.csh-dental.hu\/index.php\/wp-json\/wp\/v2\/types\/page"}],"author":[{"embeddable":true,"href":"https:\/\/www.csh-dental.hu\/index.php\/wp-json\/wp\/v2\/users\/1"}],"replies":[{"embeddable":true,"href":"https:\/\/www.csh-dental.hu\/index.php\/wp-json\/wp\/v2\/comments?post=13"}],"version-history":[{"count":75,"href":"https:\/\/www.csh-dental.hu\/index.php\/wp-json\/wp\/v2\/pages\/13\/revisions"}],"predecessor-version":[{"id":1016,"href":"https:\/\/www.csh-dental.hu\/index.php\/wp-json\/wp\/v2\/pages\/13\/revisions\/1016"}],"wp:attachment":[{"href":"https:\/\/www.csh-dental.hu\/index.php\/wp-json\/wp\/v2\/media?parent=13"}],"curies":[{"name":"wp","href":"https:\/\/api.w.org\/{rel}","templated":true}]}}