{"id":41,"date":"2025-07-09T11:55:54","date_gmt":"2025-07-09T11:55:54","guid":{"rendered":"http:\/\/www.csh-dental.hu\/?page_id=41"},"modified":"2026-03-16T21:18:46","modified_gmt":"2026-03-16T21:18:46","slug":"rolunk","status":"publish","type":"page","link":"https:\/\/www.csh-dental.hu\/index.php\/rolunk\/","title":{"rendered":"Csillaghegyi Fog\u00e1szati \u00e9s CT K\u00f6zpont: Az \u00d6n Modern Fog\u00e1szata a III. Ker\u00fcletben"},"content":{"rendered":"\n<h3 class=\"wp-block-heading\"><strong>Szakmai Elhivatotts\u00e1g \u00e9s Tapasztalat<\/strong><\/h3>\n\n\n\n<p>\u00d6r\u00f6mmel \u00e9rtes\u00edtj\u00fck minden leend\u0151 P\u00e1ciens\u00fcnket, hogy megnyitottuk \u00faj, pr\u00e9mium kateg\u00f3ri\u00e1s k\u00e9sz\u00fcl\u00e9kekkel felszerelt fogorvosi rendel\u0151nket a III. ker\u00fcletben, Csillaghegyen!<\/p>\n\n\n\n<h3 class=\"wp-block-heading\"><strong>Teljes K\u00f6r\u0171 Fog\u00e1szati Szolg\u00e1ltat\u00e1sok<\/strong><\/h3>\n\n\n\n<p>A Csillaghegyi Fog\u00e1szati \u00e9s CT K\u00f6zpont teljes k\u00f6r\u0171 fog\u00e1szati szolg\u00e1ltat\u00e1sokkal v\u00e1rja \u00d6nt:<\/p>\n\n\n\n<ul class=\"wp-block-list\">\n<li><strong>3D CBCT<\/strong> \u2013 digit\u00e1lis radiol\u00f3gia,<\/li>\n\n\n\n<li><strong>professzion\u00e1lis fogtiszt\u00edt\u00e1s<\/strong> \u2013 ABC biofilm ter\u00e1pia,<\/li>\n\n\n\n<li><strong>mikroszk\u00f3pos gy\u00f6k\u00e9rkezel\u00e9s<\/strong>, vertik\u00e1lis gy\u00f6k\u00e9rt\u00f6m\u00e9si technik\u00e1val<\/li>\n\n\n\n<li><strong>implantol\u00f3gia<\/strong> \u2013 all-on-4, all-on-6 fogp\u00f3tl\u00e1sok<\/li>\n\n\n\n<li><strong>v\u00e9gleges korona, inlay, onlay<\/strong> ak\u00e1r 1 \u00f3r\u00e1n bel\u00fcl CAD\/CAM technol\u00f3gi\u00e1val<\/li>\n<\/ul>\n\n\n\n<h3 class=\"wp-block-heading\"><strong>Pr\u00e9mium Alapanyagok \u00e9s Legmodernebb M\u00f3dszerek<\/strong><\/h3>\n\n\n\n<p>Pr\u00e9mium fog\u00e1szati alapanyagok felhaszn\u00e1l\u00e1s\u00e1val a legmodernebb szakmai m\u00f3dszereket \u00e9s technol\u00f3gi\u00e1kat alkalmazzuk, melyben seg\u00edts\u00e9g\u00fcnkre van egy\u00fcttm\u0171k\u00f6d\u0151 partner\u00fcnk az Endobolt Kft, Magyarorsz\u00e1g egyik legdinamikusabban fejl\u0151d\u0151 fog\u00e1szati keresked\u00e9se.<\/p>\n\n\n\n<h3 class=\"wp-block-heading\"><strong>C\u00e9lunk: Az \u00d6n Maxim\u00e1lis Biztons\u00e1ga<\/strong><\/h3>\n\n\n\n<p>C\u00e9lunk, hogy p\u00e1cienseink, maxim\u00e1lis biztons\u00e1gban \u00e9rezhess\u00e9k magukat rendel\u0151nkben, \u00e9s hogy a lehet\u0151 legmagasabb min\u0151s\u00e9g\u0171 szolg\u00e1ltat\u00e1sokkal j\u00e1rulhassunk hozz\u00e1 gy\u00f3gyul\u00e1sukhoz.<\/p>\n\n\n\n<p>Ismerje meg <strong><a href=\"https:\/\/www.csh-dental.hu\/index.php\/kezelesek\/\">szolg\u00e1ltat\u00e1sainkat<\/a><\/strong>!<\/p>\n\n\n\n<div class=\"wp-block-buttons is-layout-flex wp-block-buttons-is-layout-flex\">\n<div class=\"wp-block-button\"><a class=\"wp-block-button__link wp-element-button\">ID\u0150PONTFOGLAL\u00c1S: +36 70 425 4125<\/a><\/div>\n<\/div>\n","protected":false},"excerpt":{"rendered":"<p>Szakmai Elhivatotts\u00e1g \u00e9s Tapasztalat \u00d6r\u00f6mmel \u00e9rtes\u00edtj\u00fck minden leend\u0151 P\u00e1ciens\u00fcnket, hogy megnyitottuk \u00faj, pr\u00e9mium kateg\u00f3ri\u00e1s k\u00e9sz\u00fcl\u00e9kekkel felszerelt fogorvosi rendel\u0151nket a III. ker\u00fcletben, Csillaghegyen! Teljes K\u00f6r\u0171 Fog\u00e1szati Szolg\u00e1ltat\u00e1sok A Csillaghegyi Fog\u00e1szati \u00e9s CT K\u00f6zpont teljes k\u00f6r\u0171 fog\u00e1szati szolg\u00e1ltat\u00e1sokkal v\u00e1rja \u00d6nt: Pr\u00e9mium Alapanyagok \u00e9s Legmodernebb M\u00f3dszerek Pr\u00e9mium fog\u00e1szati alapanyagok felhaszn\u00e1l\u00e1s\u00e1val a legmodernebb szakmai m\u00f3dszereket \u00e9s technol\u00f3gi\u00e1kat alkalmazzuk, melyben&hellip; <br \/> <a class=\"read-more\" href=\"https:\/\/www.csh-dental.hu\/index.php\/rolunk\/\">Read more<\/a><\/p>\n","protected":false},"author":1,"featured_media":0,"parent":0,"menu_order":0,"comment_status":"closed","ping_status":"closed","template":"","meta":{"footnotes":""},"class_list":["post-41","page","type-page","status-publish","hentry"],"yoast_head":"<!-- This site is optimized with the Yoast SEO plugin v27.2 - https:\/\/yoast.com\/product\/yoast-seo-wordpress\/ -->\n<title>Csillaghegyi Fog\u00e1szati \u00e9s CT K\u00f6zpont III. ker\u00fclet | Pr\u00e9mium Ell\u00e1t\u00e1s<\/title>\n<meta name=\"description\" content=\"V\u00e1gyik egy modern fog\u00e1szatra a III. ker\u00fcletben? Csillaghegyi Fog\u00e1szati \u00e9s CT K\u00f6zpont: pr\u00e9mium k\u00e9sz\u00fcl\u00e9kek, szak\u00e9rt\u0151 csapat \u00e9s prec\u00edz diagnosztika az \u00d6n eg\u00e9szs\u00e9ges mosoly\u00e1\u00e9rt. Kattintson a r\u00e9szletek\u00e9rt \u00e9s jelentkezzen konzult\u00e1ci\u00f3ra m\u00e9g ma!\" \/>\n<meta name=\"robots\" content=\"index, follow, max-snippet:-1, max-image-preview:large, max-video-preview:-1\" \/>\n<link rel=\"canonical\" href=\"https:\/\/www.csh-dental.hu\/index.php\/rolunk\/\" \/>\n<meta property=\"og:locale\" content=\"hu_HU\" \/>\n<meta property=\"og:type\" content=\"article\" \/>\n<meta property=\"og:title\" content=\"Csillaghegyi Fog\u00e1szati \u00e9s CT K\u00f6zpont III. ker\u00fclet | Pr\u00e9mium Ell\u00e1t\u00e1s\" \/>\n<meta property=\"og:description\" content=\"V\u00e1gyik egy modern fog\u00e1szatra a III. ker\u00fcletben? Csillaghegyi Fog\u00e1szati \u00e9s CT K\u00f6zpont: pr\u00e9mium k\u00e9sz\u00fcl\u00e9kek, szak\u00e9rt\u0151 csapat \u00e9s prec\u00edz diagnosztika az \u00d6n eg\u00e9szs\u00e9ges mosoly\u00e1\u00e9rt. Kattintson a r\u00e9szletek\u00e9rt \u00e9s jelentkezzen konzult\u00e1ci\u00f3ra m\u00e9g ma!\" \/>\n<meta property=\"og:url\" content=\"https:\/\/www.csh-dental.hu\/index.php\/rolunk\/\" \/>\n<meta property=\"og:site_name\" content=\"Csillaghegyi Fog\u00e1szati \u00e9s CT K\u00f6zpont\" \/>\n<meta property=\"article:publisher\" content=\"https:\/\/www.facebook.com\/cshdental\" \/>\n<meta property=\"article:modified_time\" content=\"2026-03-16T21:18:46+00:00\" \/>\n<meta name=\"twitter:card\" content=\"summary_large_image\" \/>\n<meta name=\"twitter:label1\" content=\"Becs\u00fclt olvas\u00e1si id\u0151\" \/>\n\t<meta name=\"twitter:data1\" content=\"1 perc\" \/>\n<script type=\"application\/ld+json\" class=\"yoast-schema-graph\">{\"@context\":\"https:\/\/schema.org\",\"@graph\":[{\"@type\":\"WebPage\",\"@id\":\"https:\/\/www.csh-dental.hu\/index.php\/rolunk\/\",\"url\":\"https:\/\/www.csh-dental.hu\/index.php\/rolunk\/\",\"name\":\"Csillaghegyi Fog\u00e1szati \u00e9s CT K\u00f6zpont III. ker\u00fclet | Pr\u00e9mium Ell\u00e1t\u00e1s\",\"isPartOf\":{\"@id\":\"https:\/\/www.csh-dental.hu\/#website\"},\"datePublished\":\"2025-07-09T11:55:54+00:00\",\"dateModified\":\"2026-03-16T21:18:46+00:00\",\"description\":\"V\u00e1gyik egy modern fog\u00e1szatra a III. ker\u00fcletben? Csillaghegyi Fog\u00e1szati \u00e9s CT K\u00f6zpont: pr\u00e9mium k\u00e9sz\u00fcl\u00e9kek, szak\u00e9rt\u0151 csapat \u00e9s prec\u00edz diagnosztika az \u00d6n eg\u00e9szs\u00e9ges mosoly\u00e1\u00e9rt. Kattintson a r\u00e9szletek\u00e9rt \u00e9s jelentkezzen konzult\u00e1ci\u00f3ra m\u00e9g ma!\",\"breadcrumb\":{\"@id\":\"https:\/\/www.csh-dental.hu\/index.php\/rolunk\/#breadcrumb\"},\"inLanguage\":\"hu\",\"potentialAction\":[{\"@type\":\"ReadAction\",\"target\":[\"https:\/\/www.csh-dental.hu\/index.php\/rolunk\/\"]}]},{\"@type\":\"BreadcrumbList\",\"@id\":\"https:\/\/www.csh-dental.hu\/index.php\/rolunk\/#breadcrumb\",\"itemListElement\":[{\"@type\":\"ListItem\",\"position\":1,\"name\":\"Home\",\"item\":\"https:\/\/www.csh-dental.hu\/\"},{\"@type\":\"ListItem\",\"position\":2,\"name\":\"Csillaghegyi Fog\u00e1szati \u00e9s CT K\u00f6zpont: Az \u00d6n Modern Fog\u00e1szata a III. Ker\u00fcletben\"}]},{\"@type\":\"WebSite\",\"@id\":\"https:\/\/www.csh-dental.hu\/#website\",\"url\":\"https:\/\/www.csh-dental.hu\/\",\"name\":\"Csillaghegyi Fog\u00e1szati \u00e9s CT K\u00f6zpont\",\"description\":\"\",\"publisher\":{\"@id\":\"https:\/\/www.csh-dental.hu\/#organization\"},\"alternateName\":\"Modern Fog\u00e1szat III. ker\u00fclet\",\"potentialAction\":[{\"@type\":\"SearchAction\",\"target\":{\"@type\":\"EntryPoint\",\"urlTemplate\":\"https:\/\/www.csh-dental.hu\/?s={search_term_string}\"},\"query-input\":{\"@type\":\"PropertyValueSpecification\",\"valueRequired\":true,\"valueName\":\"search_term_string\"}}],\"inLanguage\":\"hu\"},{\"@type\":\"Organization\",\"@id\":\"https:\/\/www.csh-dental.hu\/#organization\",\"name\":\"Csillaghegyi Fog\u00e1szati \u00e9s CT K\u00f6zpont\",\"url\":\"https:\/\/www.csh-dental.hu\/\",\"logo\":{\"@type\":\"ImageObject\",\"inLanguage\":\"hu\",\"@id\":\"https:\/\/www.csh-dental.hu\/#\/schema\/logo\/image\/\",\"url\":\"https:\/\/www.csh-dental.hu\/wp-content\/uploads\/2025\/11\/cropped-android-chrome-512x512-1.png\",\"contentUrl\":\"https:\/\/www.csh-dental.hu\/wp-content\/uploads\/2025\/11\/cropped-android-chrome-512x512-1.png\",\"width\":512,\"height\":512,\"caption\":\"Csillaghegyi Fog\u00e1szati \u00e9s CT K\u00f6zpont\"},\"image\":{\"@id\":\"https:\/\/www.csh-dental.hu\/#\/schema\/logo\/image\/\"},\"sameAs\":[\"https:\/\/www.facebook.com\/cshdental\",\"https:\/\/www.instagram.com\/csillaghegyifogaszat\/\"]}]}<\/script>\n<!-- \/ Yoast SEO plugin. -->","yoast_head_json":{"title":"Csillaghegyi Fog\u00e1szati \u00e9s CT K\u00f6zpont III. ker\u00fclet | Pr\u00e9mium Ell\u00e1t\u00e1s","description":"V\u00e1gyik egy modern fog\u00e1szatra a III. ker\u00fcletben? Csillaghegyi Fog\u00e1szati \u00e9s CT K\u00f6zpont: pr\u00e9mium k\u00e9sz\u00fcl\u00e9kek, szak\u00e9rt\u0151 csapat \u00e9s prec\u00edz diagnosztika az \u00d6n eg\u00e9szs\u00e9ges mosoly\u00e1\u00e9rt. Kattintson a r\u00e9szletek\u00e9rt \u00e9s jelentkezzen konzult\u00e1ci\u00f3ra m\u00e9g ma!","robots":{"index":"index","follow":"follow","max-snippet":"max-snippet:-1","max-image-preview":"max-image-preview:large","max-video-preview":"max-video-preview:-1"},"canonical":"https:\/\/www.csh-dental.hu\/index.php\/rolunk\/","og_locale":"hu_HU","og_type":"article","og_title":"Csillaghegyi Fog\u00e1szati \u00e9s CT K\u00f6zpont III. ker\u00fclet | Pr\u00e9mium Ell\u00e1t\u00e1s","og_description":"V\u00e1gyik egy modern fog\u00e1szatra a III. ker\u00fcletben? Csillaghegyi Fog\u00e1szati \u00e9s CT K\u00f6zpont: pr\u00e9mium k\u00e9sz\u00fcl\u00e9kek, szak\u00e9rt\u0151 csapat \u00e9s prec\u00edz diagnosztika az \u00d6n eg\u00e9szs\u00e9ges mosoly\u00e1\u00e9rt. Kattintson a r\u00e9szletek\u00e9rt \u00e9s jelentkezzen konzult\u00e1ci\u00f3ra m\u00e9g ma!","og_url":"https:\/\/www.csh-dental.hu\/index.php\/rolunk\/","og_site_name":"Csillaghegyi Fog\u00e1szati \u00e9s CT K\u00f6zpont","article_publisher":"https:\/\/www.facebook.com\/cshdental","article_modified_time":"2026-03-16T21:18:46+00:00","twitter_card":"summary_large_image","twitter_misc":{"Becs\u00fclt olvas\u00e1si id\u0151":"1 perc"},"schema":{"@context":"https:\/\/schema.org","@graph":[{"@type":"WebPage","@id":"https:\/\/www.csh-dental.hu\/index.php\/rolunk\/","url":"https:\/\/www.csh-dental.hu\/index.php\/rolunk\/","name":"Csillaghegyi Fog\u00e1szati \u00e9s CT K\u00f6zpont III. ker\u00fclet | Pr\u00e9mium Ell\u00e1t\u00e1s","isPartOf":{"@id":"https:\/\/www.csh-dental.hu\/#website"},"datePublished":"2025-07-09T11:55:54+00:00","dateModified":"2026-03-16T21:18:46+00:00","description":"V\u00e1gyik egy modern fog\u00e1szatra a III. ker\u00fcletben? Csillaghegyi Fog\u00e1szati \u00e9s CT K\u00f6zpont: pr\u00e9mium k\u00e9sz\u00fcl\u00e9kek, szak\u00e9rt\u0151 csapat \u00e9s prec\u00edz diagnosztika az \u00d6n eg\u00e9szs\u00e9ges mosoly\u00e1\u00e9rt. Kattintson a r\u00e9szletek\u00e9rt \u00e9s jelentkezzen konzult\u00e1ci\u00f3ra m\u00e9g ma!","breadcrumb":{"@id":"https:\/\/www.csh-dental.hu\/index.php\/rolunk\/#breadcrumb"},"inLanguage":"hu","potentialAction":[{"@type":"ReadAction","target":["https:\/\/www.csh-dental.hu\/index.php\/rolunk\/"]}]},{"@type":"BreadcrumbList","@id":"https:\/\/www.csh-dental.hu\/index.php\/rolunk\/#breadcrumb","itemListElement":[{"@type":"ListItem","position":1,"name":"Home","item":"https:\/\/www.csh-dental.hu\/"},{"@type":"ListItem","position":2,"name":"Csillaghegyi Fog\u00e1szati \u00e9s CT K\u00f6zpont: Az \u00d6n Modern Fog\u00e1szata a III. Ker\u00fcletben"}]},{"@type":"WebSite","@id":"https:\/\/www.csh-dental.hu\/#website","url":"https:\/\/www.csh-dental.hu\/","name":"Csillaghegyi Fog\u00e1szati \u00e9s CT K\u00f6zpont","description":"","publisher":{"@id":"https:\/\/www.csh-dental.hu\/#organization"},"alternateName":"Modern Fog\u00e1szat III. ker\u00fclet","potentialAction":[{"@type":"SearchAction","target":{"@type":"EntryPoint","urlTemplate":"https:\/\/www.csh-dental.hu\/?s={search_term_string}"},"query-input":{"@type":"PropertyValueSpecification","valueRequired":true,"valueName":"search_term_string"}}],"inLanguage":"hu"},{"@type":"Organization","@id":"https:\/\/www.csh-dental.hu\/#organization","name":"Csillaghegyi Fog\u00e1szati \u00e9s CT K\u00f6zpont","url":"https:\/\/www.csh-dental.hu\/","logo":{"@type":"ImageObject","inLanguage":"hu","@id":"https:\/\/www.csh-dental.hu\/#\/schema\/logo\/image\/","url":"https:\/\/www.csh-dental.hu\/wp-content\/uploads\/2025\/11\/cropped-android-chrome-512x512-1.png","contentUrl":"https:\/\/www.csh-dental.hu\/wp-content\/uploads\/2025\/11\/cropped-android-chrome-512x512-1.png","width":512,"height":512,"caption":"Csillaghegyi Fog\u00e1szati \u00e9s CT K\u00f6zpont"},"image":{"@id":"https:\/\/www.csh-dental.hu\/#\/schema\/logo\/image\/"},"sameAs":["https:\/\/www.facebook.com\/cshdental","https:\/\/www.instagram.com\/csillaghegyifogaszat\/"]}]}},"_links":{"self":[{"href":"https:\/\/www.csh-dental.hu\/index.php\/wp-json\/wp\/v2\/pages\/41","targetHints":{"allow":["GET"]}}],"collection":[{"href":"https:\/\/www.csh-dental.hu\/index.php\/wp-json\/wp\/v2\/pages"}],"about":[{"href":"https:\/\/www.csh-dental.hu\/index.php\/wp-json\/wp\/v2\/types\/page"}],"author":[{"embeddable":true,"href":"https:\/\/www.csh-dental.hu\/index.php\/wp-json\/wp\/v2\/users\/1"}],"replies":[{"embeddable":true,"href":"https:\/\/www.csh-dental.hu\/index.php\/wp-json\/wp\/v2\/comments?post=41"}],"version-history":[{"count":10,"href":"https:\/\/www.csh-dental.hu\/index.php\/wp-json\/wp\/v2\/pages\/41\/revisions"}],"predecessor-version":[{"id":1138,"href":"https:\/\/www.csh-dental.hu\/index.php\/wp-json\/wp\/v2\/pages\/41\/revisions\/1138"}],"wp:attachment":[{"href":"https:\/\/www.csh-dental.hu\/index.php\/wp-json\/wp\/v2\/media?parent=41"}],"curies":[{"name":"wp","href":"https:\/\/api.w.org\/{rel}","templated":true}]}}