{"id":425,"date":"2025-08-07T22:11:50","date_gmt":"2025-08-07T22:11:50","guid":{"rendered":"https:\/\/www.csh-dental.hu\/?page_id=425"},"modified":"2026-03-24T17:38:14","modified_gmt":"2026-03-24T17:38:14","slug":"csapatunk","status":"publish","type":"page","link":"https:\/\/www.csh-dental.hu\/index.php\/csapatunk\/","title":{"rendered":"Szak\u00e9rtelem \u00e9s Gondoskod\u00e1s: Ismerje meg Csapatunkat!"},"content":{"rendered":"\n<p>A <strong>Csillaghegyi Fog\u00e1szati \u00e9s CT K\u00f6zpontban<\/strong> hisz\u00fcnk abban, hogy a sikeres kezel\u00e9s alapja a felk\u00e9sz\u00fclt szakorvos \u00e9s a p\u00e1ciens k\u00f6z\u00f6tti bizalom. Csapatunkat \u00fagy \u00e1ll\u00edtottuk \u00f6ssze, hogy a fog\u00e1szat minden ter\u00fclet\u00e9n \u2013 a <strong>parodontol\u00f3gi\u00e1t\u00f3l<\/strong> a <strong>sz\u00e1jseb\u00e9szeten<\/strong> \u00e1t a <strong>biomimetikus fogp\u00f3tl\u00e1sokig<\/strong> \u2013 kiemelked\u0151 szaktud\u00e1st ny\u00fajthassunk \u00d6nnek.<\/p>\n\n\n\n<h3 class=\"wp-block-heading\">Mi\u00e9rt v\u00e1lassza specialist\u00e1inkat?<\/h3>\n\n\n\n<p>Rendel\u0151nkben nem csup\u00e1n fogakat kezel\u00fcnk, hanem komplex megold\u00e1sokat k\u00edn\u00e1lunk. Koll\u00e9g\u00e1ink folyamatosan r\u00e9szt vesznek hazai \u00e9s nemzetk\u00f6zi tov\u00e1bbk\u00e9pz\u00e9seken (p\u00e9ld\u00e1ul a <strong>Dentsply Sirona<\/strong> vagy a <strong>Straumann<\/strong> kurzusain), hogy a legmodernebb, f\u00e1jdalommentes technol\u00f3gi\u00e1kkal seg\u00edthess\u00e9k p\u00e1cienseinket.<\/p>\n\n\n\n<ul class=\"wp-block-list\">\n<li><strong>\u00d6sszehangolt munka:<\/strong> Specialist\u00e1ink (parodontol\u00f3gus, sz\u00e1jseb\u00e9sz, eszt\u00e9tikai fogorvos) szorosan egy\u00fcttm\u0171k\u00f6dnek a pontos diagn\u00f3zis \u00e9s a tart\u00f3s eredm\u00e9ny \u00e9rdek\u00e9ben.<\/li>\n\n\n\n<li><strong>Modern technol\u00f3gia:<\/strong> Munk\u00e1nkat saj\u00e1t <strong>3D CBCT<\/strong> \u00e9s digit\u00e1lis diagnosztikai eszk\u00f6z\u00f6k t\u00e1mogatj\u00e1k.<\/li>\n\n\n\n<li><strong>Emp\u00e1tia \u00e9s nyugalom:<\/strong> Tudjuk, hogy a fog\u00e1szati kezel\u00e9s sokak sz\u00e1m\u00e1ra izgalommal j\u00e1r, ez\u00e9rt n\u00e1lunk az oldott, t\u00fcrelmes l\u00e9gk\u00f6r alapfelt\u00e9tel.<\/li>\n<\/ul>\n\n\n\n<p>Ismerje meg orvosainkat \u00e9s asszisztenseinket al\u00e1bb, \u00e9s tal\u00e1lja meg az \u00d6n sz\u00e1m\u00e1ra legmegfelel\u0151bb szakembert!<\/p>\n\n\n\n<h3 class=\"wp-block-heading\">Orvosok<\/h3>\n\n\n\n<div class=\"wp-block-columns is-layout-flex wp-container-core-columns-is-layout-9d6595d7 wp-block-columns-is-layout-flex\">\n<div class=\"wp-block-column is-layout-flow wp-block-column-is-layout-flow\">\n<figure class=\"wp-block-image size-full\"><img loading=\"lazy\" decoding=\"async\" width=\"499\" height=\"499\" src=\"https:\/\/www.csh-dental.hu\/wp-content\/uploads\/2026\/01\/cropped-DrBalazsKrisztina.jpg\" alt=\"parodontol\u00f3gus fogorvos Csillaghegy\" class=\"wp-image-735\" srcset=\"https:\/\/www.csh-dental.hu\/wp-content\/uploads\/2026\/01\/cropped-DrBalazsKrisztina.jpg 499w, https:\/\/www.csh-dental.hu\/wp-content\/uploads\/2026\/01\/cropped-DrBalazsKrisztina-300x300.jpg 300w, https:\/\/www.csh-dental.hu\/wp-content\/uploads\/2026\/01\/cropped-DrBalazsKrisztina-150x150.jpg 150w\" sizes=\"auto, (max-width: 499px) 100vw, 499px\" \/><\/figure>\n\n\n\n<h4 class=\"wp-block-heading has-text-align-center\">Dr. Bal\u00e1zs Krisztina<br>fogorvos<\/h4>\n\n\n\n<div class=\"wp-block-buttons is-content-justification-center is-layout-flex wp-container-core-buttons-is-layout-16018d1d wp-block-buttons-is-layout-flex\">\n<div class=\"wp-block-button\"><a class=\"wp-block-button__link has-text-align-center wp-element-button\" href=\"https:\/\/www.csh-dental.hu\/index.php\/dr-balazs-krisztina-fogorvos-parodontologia\/\">Bemutatkoz\u00e1s<\/a><\/div>\n<\/div>\n<\/div>\n\n\n\n<div class=\"wp-block-column is-layout-flow wp-block-column-is-layout-flow\">\n<figure class=\"wp-block-gallery has-nested-images columns-default is-cropped wp-block-gallery-1 is-layout-flex wp-block-gallery-is-layout-flex\">\n<figure class=\"wp-block-image size-full\"><img loading=\"lazy\" decoding=\"async\" width=\"300\" height=\"300\" data-id=\"526\" src=\"https:\/\/www.csh-dental.hu\/wp-content\/uploads\/2025\/08\/DrFoad-1.jpg\" alt=\"\" class=\"wp-image-526\" srcset=\"https:\/\/www.csh-dental.hu\/wp-content\/uploads\/2025\/08\/DrFoad-1.jpg 300w, https:\/\/www.csh-dental.hu\/wp-content\/uploads\/2025\/08\/DrFoad-1-150x150.jpg 150w\" sizes=\"auto, (max-width: 300px) 100vw, 300px\" \/><\/figure>\n<\/figure>\n\n\n\n<h4 class=\"wp-block-heading has-text-align-center\">Dr. Haghighat Foad<br>parodontol\u00f3gus szakorvos<\/h4>\n\n\n\n<div class=\"wp-block-buttons is-content-justification-center is-layout-flex wp-container-core-buttons-is-layout-16018d1d wp-block-buttons-is-layout-flex\">\n<div class=\"wp-block-button\"><a class=\"wp-block-button__link has-text-align-center wp-element-button\" href=\"https:\/\/www.csh-dental.hu\/index.php\/dr-haghighat-foad\/\"><strong>Bemutatkoz\u00e1s<\/strong><\/a><\/div>\n<\/div>\n<\/div>\n\n\n\n<div class=\"wp-block-column is-layout-flow wp-block-column-is-layout-flow\">\n<h4 class=\"wp-block-heading has-text-align-center\"><\/h4>\n<\/div>\n<\/div>\n\n\n\n<div style=\"height:100px\" aria-hidden=\"true\" class=\"wp-block-spacer\"><\/div>\n\n\n\n<h3 class=\"wp-block-heading\">Asszisztensek<\/h3>\n\n\n\n<div class=\"wp-block-columns is-layout-flex wp-container-core-columns-is-layout-9d6595d7 wp-block-columns-is-layout-flex\">\n<div class=\"wp-block-column is-layout-flow wp-block-column-is-layout-flow\">\n<figure class=\"wp-block-image size-large\"><img decoding=\"async\" src=\"https:\/\/www.csh-dental.hu\/wp-content\/uploads\/2026\/02\/KisSzilvia.jpg\" alt=\"\"\/><\/figure>\n\n\n\n<h4 class=\"wp-block-heading has-text-align-center\">Kis Kamilla \u00cdrisz<br>fog\u00e1szati asszisztens<br>dentalhigi\u00e9nikus<\/h4>\n\n\n\n<div class=\"wp-block-buttons is-content-justification-center is-layout-flex wp-container-core-buttons-is-layout-16018d1d wp-block-buttons-is-layout-flex\">\n<div class=\"wp-block-button\"><a class=\"wp-block-button__link has-text-align-center wp-element-button\" href=\"https:\/\/www.csh-dental.hu\/index.php\/betin-szilvia\/\"><strong>Bemutatkoz\u00e1s<\/strong><\/a><\/div>\n<\/div>\n<\/div>\n\n\n\n<div class=\"wp-block-column is-layout-flow wp-block-column-is-layout-flow\">\n<figure class=\"wp-block-image size-full\"><img loading=\"lazy\" decoding=\"async\" width=\"300\" height=\"300\" src=\"https:\/\/www.csh-dental.hu\/wp-content\/uploads\/2025\/09\/ZsogonBogozyAndrea-1.jpg\" alt=\"\" class=\"wp-image-555\" srcset=\"https:\/\/www.csh-dental.hu\/wp-content\/uploads\/2025\/09\/ZsogonBogozyAndrea-1.jpg 300w, https:\/\/www.csh-dental.hu\/wp-content\/uploads\/2025\/09\/ZsogonBogozyAndrea-1-150x150.jpg 150w\" sizes=\"auto, (max-width: 300px) 100vw, 300px\" \/><\/figure>\n\n\n\n<h4 class=\"wp-block-heading has-text-align-center\">Zs\u00f6g\u00f6n-B\u00f6g\u00f6zi Andrea<br>fog\u00e1szati asszisztens<br>dentalhigi\u00e9nikus<\/h4>\n<\/div>\n\n\n\n<div class=\"wp-block-column is-layout-flow wp-block-column-is-layout-flow\">\n<h4 class=\"wp-block-heading has-text-align-center\"><\/h4>\n<\/div>\n<\/div>\n\n\n\n<p><\/p>\n","protected":false},"excerpt":{"rendered":"<p>A Csillaghegyi Fog\u00e1szati \u00e9s CT K\u00f6zpontban hisz\u00fcnk abban, hogy a sikeres kezel\u00e9s alapja a felk\u00e9sz\u00fclt szakorvos \u00e9s a p\u00e1ciens k\u00f6z\u00f6tti bizalom. Csapatunkat \u00fagy \u00e1ll\u00edtottuk \u00f6ssze, hogy a fog\u00e1szat minden ter\u00fclet\u00e9n \u2013 a parodontol\u00f3gi\u00e1t\u00f3l a sz\u00e1jseb\u00e9szeten \u00e1t a biomimetikus fogp\u00f3tl\u00e1sokig \u2013 kiemelked\u0151 szaktud\u00e1st ny\u00fajthassunk \u00d6nnek. Mi\u00e9rt v\u00e1lassza specialist\u00e1inkat? Rendel\u0151nkben nem csup\u00e1n fogakat kezel\u00fcnk, hanem komplex megold\u00e1sokat&hellip; <br \/> <a class=\"read-more\" href=\"https:\/\/www.csh-dental.hu\/index.php\/csapatunk\/\">Read more<\/a><\/p>\n","protected":false},"author":1,"featured_media":0,"parent":0,"menu_order":0,"comment_status":"closed","ping_status":"closed","template":"","meta":{"footnotes":""},"class_list":["post-425","page","type-page","status-publish","hentry"],"yoast_head":"<!-- This site is optimized with the Yoast SEO plugin v27.2 - https:\/\/yoast.com\/product\/yoast-seo-wordpress\/ -->\n<title>Csapatunk<\/title>\n<meta name=\"description\" content=\"Ismerje meg a Csillaghegyi Fog\u00e1szati K\u00f6zpont tapasztalt csapat\u00e1t! Parodontol\u00f3gus, sz\u00e1jseb\u00e9sz \u00e9s eszt\u00e9tikai fogorvos specialist\u00e1k egy helyen.\" \/>\n<meta name=\"robots\" content=\"index, follow, max-snippet:-1, max-image-preview:large, max-video-preview:-1\" \/>\n<link rel=\"canonical\" href=\"https:\/\/www.csh-dental.hu\/index.php\/csapatunk\/\" \/>\n<meta property=\"og:locale\" content=\"hu_HU\" \/>\n<meta property=\"og:type\" content=\"article\" \/>\n<meta property=\"og:title\" content=\"Csapatunk\" \/>\n<meta property=\"og:description\" content=\"Ismerje meg a Csillaghegyi Fog\u00e1szati K\u00f6zpont tapasztalt csapat\u00e1t! Parodontol\u00f3gus, sz\u00e1jseb\u00e9sz \u00e9s eszt\u00e9tikai fogorvos specialist\u00e1k egy helyen.\" \/>\n<meta property=\"og:url\" content=\"https:\/\/www.csh-dental.hu\/index.php\/csapatunk\/\" \/>\n<meta property=\"og:site_name\" content=\"Csillaghegyi Fog\u00e1szati \u00e9s CT K\u00f6zpont\" \/>\n<meta property=\"article:publisher\" content=\"https:\/\/www.facebook.com\/cshdental\" \/>\n<meta property=\"article:modified_time\" content=\"2026-03-24T17:38:14+00:00\" \/>\n<meta property=\"og:image\" content=\"https:\/\/www.csh-dental.hu\/wp-content\/uploads\/2026\/01\/cropped-DrBalazsKrisztina.jpg\" \/>\n\t<meta property=\"og:image:width\" content=\"499\" \/>\n\t<meta property=\"og:image:height\" content=\"499\" \/>\n\t<meta property=\"og:image:type\" content=\"image\/jpeg\" \/>\n<meta name=\"twitter:card\" content=\"summary_large_image\" \/>\n<meta name=\"twitter:label1\" content=\"Becs\u00fclt olvas\u00e1si id\u0151\" \/>\n\t<meta name=\"twitter:data1\" content=\"2 perc\" \/>\n<script type=\"application\/ld+json\" class=\"yoast-schema-graph\">{\"@context\":\"https:\/\/schema.org\",\"@graph\":[{\"@type\":\"WebPage\",\"@id\":\"https:\/\/www.csh-dental.hu\/index.php\/csapatunk\/\",\"url\":\"https:\/\/www.csh-dental.hu\/index.php\/csapatunk\/\",\"name\":\"Csapatunk\",\"isPartOf\":{\"@id\":\"https:\/\/www.csh-dental.hu\/#website\"},\"primaryImageOfPage\":{\"@id\":\"https:\/\/www.csh-dental.hu\/index.php\/csapatunk\/#primaryimage\"},\"image\":{\"@id\":\"https:\/\/www.csh-dental.hu\/index.php\/csapatunk\/#primaryimage\"},\"thumbnailUrl\":\"https:\/\/www.csh-dental.hu\/wp-content\/uploads\/2026\/01\/cropped-DrBalazsKrisztina.jpg\",\"datePublished\":\"2025-08-07T22:11:50+00:00\",\"dateModified\":\"2026-03-24T17:38:14+00:00\",\"description\":\"Ismerje meg a Csillaghegyi Fog\u00e1szati K\u00f6zpont tapasztalt csapat\u00e1t! Parodontol\u00f3gus, sz\u00e1jseb\u00e9sz \u00e9s eszt\u00e9tikai fogorvos specialist\u00e1k egy helyen.\",\"breadcrumb\":{\"@id\":\"https:\/\/www.csh-dental.hu\/index.php\/csapatunk\/#breadcrumb\"},\"inLanguage\":\"hu\",\"potentialAction\":[{\"@type\":\"ReadAction\",\"target\":[\"https:\/\/www.csh-dental.hu\/index.php\/csapatunk\/\"]}]},{\"@type\":\"ImageObject\",\"inLanguage\":\"hu\",\"@id\":\"https:\/\/www.csh-dental.hu\/index.php\/csapatunk\/#primaryimage\",\"url\":\"https:\/\/www.csh-dental.hu\/wp-content\/uploads\/2026\/01\/cropped-DrBalazsKrisztina.jpg\",\"contentUrl\":\"https:\/\/www.csh-dental.hu\/wp-content\/uploads\/2026\/01\/cropped-DrBalazsKrisztina.jpg\",\"width\":499,\"height\":499,\"caption\":\"parodontol\u00f3gus fogorvos Csillaghegy\"},{\"@type\":\"BreadcrumbList\",\"@id\":\"https:\/\/www.csh-dental.hu\/index.php\/csapatunk\/#breadcrumb\",\"itemListElement\":[{\"@type\":\"ListItem\",\"position\":1,\"name\":\"Home\",\"item\":\"https:\/\/www.csh-dental.hu\/\"},{\"@type\":\"ListItem\",\"position\":2,\"name\":\"Szak\u00e9rtelem \u00e9s Gondoskod\u00e1s: Ismerje meg Csapatunkat!\"}]},{\"@type\":\"WebSite\",\"@id\":\"https:\/\/www.csh-dental.hu\/#website\",\"url\":\"https:\/\/www.csh-dental.hu\/\",\"name\":\"Csillaghegyi Fog\u00e1szati \u00e9s CT K\u00f6zpont\",\"description\":\"\",\"publisher\":{\"@id\":\"https:\/\/www.csh-dental.hu\/#organization\"},\"alternateName\":\"Modern Fog\u00e1szat III. ker\u00fclet\",\"potentialAction\":[{\"@type\":\"SearchAction\",\"target\":{\"@type\":\"EntryPoint\",\"urlTemplate\":\"https:\/\/www.csh-dental.hu\/?s={search_term_string}\"},\"query-input\":{\"@type\":\"PropertyValueSpecification\",\"valueRequired\":true,\"valueName\":\"search_term_string\"}}],\"inLanguage\":\"hu\"},{\"@type\":\"Organization\",\"@id\":\"https:\/\/www.csh-dental.hu\/#organization\",\"name\":\"Csillaghegyi Fog\u00e1szati \u00e9s CT K\u00f6zpont\",\"url\":\"https:\/\/www.csh-dental.hu\/\",\"logo\":{\"@type\":\"ImageObject\",\"inLanguage\":\"hu\",\"@id\":\"https:\/\/www.csh-dental.hu\/#\/schema\/logo\/image\/\",\"url\":\"https:\/\/www.csh-dental.hu\/wp-content\/uploads\/2025\/11\/cropped-android-chrome-512x512-1.png\",\"contentUrl\":\"https:\/\/www.csh-dental.hu\/wp-content\/uploads\/2025\/11\/cropped-android-chrome-512x512-1.png\",\"width\":512,\"height\":512,\"caption\":\"Csillaghegyi Fog\u00e1szati \u00e9s CT K\u00f6zpont\"},\"image\":{\"@id\":\"https:\/\/www.csh-dental.hu\/#\/schema\/logo\/image\/\"},\"sameAs\":[\"https:\/\/www.facebook.com\/cshdental\",\"https:\/\/www.instagram.com\/csillaghegyifogaszat\/\"]}]}<\/script>\n<!-- \/ Yoast SEO plugin. -->","yoast_head_json":{"title":"Csapatunk","description":"Ismerje meg a Csillaghegyi Fog\u00e1szati K\u00f6zpont tapasztalt csapat\u00e1t! Parodontol\u00f3gus, sz\u00e1jseb\u00e9sz \u00e9s eszt\u00e9tikai fogorvos specialist\u00e1k egy helyen.","robots":{"index":"index","follow":"follow","max-snippet":"max-snippet:-1","max-image-preview":"max-image-preview:large","max-video-preview":"max-video-preview:-1"},"canonical":"https:\/\/www.csh-dental.hu\/index.php\/csapatunk\/","og_locale":"hu_HU","og_type":"article","og_title":"Csapatunk","og_description":"Ismerje meg a Csillaghegyi Fog\u00e1szati K\u00f6zpont tapasztalt csapat\u00e1t! Parodontol\u00f3gus, sz\u00e1jseb\u00e9sz \u00e9s eszt\u00e9tikai fogorvos specialist\u00e1k egy helyen.","og_url":"https:\/\/www.csh-dental.hu\/index.php\/csapatunk\/","og_site_name":"Csillaghegyi Fog\u00e1szati \u00e9s CT K\u00f6zpont","article_publisher":"https:\/\/www.facebook.com\/cshdental","article_modified_time":"2026-03-24T17:38:14+00:00","og_image":[{"width":499,"height":499,"url":"https:\/\/www.csh-dental.hu\/wp-content\/uploads\/2026\/01\/cropped-DrBalazsKrisztina.jpg","type":"image\/jpeg"}],"twitter_card":"summary_large_image","twitter_misc":{"Becs\u00fclt olvas\u00e1si id\u0151":"2 perc"},"schema":{"@context":"https:\/\/schema.org","@graph":[{"@type":"WebPage","@id":"https:\/\/www.csh-dental.hu\/index.php\/csapatunk\/","url":"https:\/\/www.csh-dental.hu\/index.php\/csapatunk\/","name":"Csapatunk","isPartOf":{"@id":"https:\/\/www.csh-dental.hu\/#website"},"primaryImageOfPage":{"@id":"https:\/\/www.csh-dental.hu\/index.php\/csapatunk\/#primaryimage"},"image":{"@id":"https:\/\/www.csh-dental.hu\/index.php\/csapatunk\/#primaryimage"},"thumbnailUrl":"https:\/\/www.csh-dental.hu\/wp-content\/uploads\/2026\/01\/cropped-DrBalazsKrisztina.jpg","datePublished":"2025-08-07T22:11:50+00:00","dateModified":"2026-03-24T17:38:14+00:00","description":"Ismerje meg a Csillaghegyi Fog\u00e1szati K\u00f6zpont tapasztalt csapat\u00e1t! Parodontol\u00f3gus, sz\u00e1jseb\u00e9sz \u00e9s eszt\u00e9tikai fogorvos specialist\u00e1k egy helyen.","breadcrumb":{"@id":"https:\/\/www.csh-dental.hu\/index.php\/csapatunk\/#breadcrumb"},"inLanguage":"hu","potentialAction":[{"@type":"ReadAction","target":["https:\/\/www.csh-dental.hu\/index.php\/csapatunk\/"]}]},{"@type":"ImageObject","inLanguage":"hu","@id":"https:\/\/www.csh-dental.hu\/index.php\/csapatunk\/#primaryimage","url":"https:\/\/www.csh-dental.hu\/wp-content\/uploads\/2026\/01\/cropped-DrBalazsKrisztina.jpg","contentUrl":"https:\/\/www.csh-dental.hu\/wp-content\/uploads\/2026\/01\/cropped-DrBalazsKrisztina.jpg","width":499,"height":499,"caption":"parodontol\u00f3gus fogorvos Csillaghegy"},{"@type":"BreadcrumbList","@id":"https:\/\/www.csh-dental.hu\/index.php\/csapatunk\/#breadcrumb","itemListElement":[{"@type":"ListItem","position":1,"name":"Home","item":"https:\/\/www.csh-dental.hu\/"},{"@type":"ListItem","position":2,"name":"Szak\u00e9rtelem \u00e9s Gondoskod\u00e1s: Ismerje meg Csapatunkat!"}]},{"@type":"WebSite","@id":"https:\/\/www.csh-dental.hu\/#website","url":"https:\/\/www.csh-dental.hu\/","name":"Csillaghegyi Fog\u00e1szati \u00e9s CT K\u00f6zpont","description":"","publisher":{"@id":"https:\/\/www.csh-dental.hu\/#organization"},"alternateName":"Modern Fog\u00e1szat III. ker\u00fclet","potentialAction":[{"@type":"SearchAction","target":{"@type":"EntryPoint","urlTemplate":"https:\/\/www.csh-dental.hu\/?s={search_term_string}"},"query-input":{"@type":"PropertyValueSpecification","valueRequired":true,"valueName":"search_term_string"}}],"inLanguage":"hu"},{"@type":"Organization","@id":"https:\/\/www.csh-dental.hu\/#organization","name":"Csillaghegyi Fog\u00e1szati \u00e9s CT K\u00f6zpont","url":"https:\/\/www.csh-dental.hu\/","logo":{"@type":"ImageObject","inLanguage":"hu","@id":"https:\/\/www.csh-dental.hu\/#\/schema\/logo\/image\/","url":"https:\/\/www.csh-dental.hu\/wp-content\/uploads\/2025\/11\/cropped-android-chrome-512x512-1.png","contentUrl":"https:\/\/www.csh-dental.hu\/wp-content\/uploads\/2025\/11\/cropped-android-chrome-512x512-1.png","width":512,"height":512,"caption":"Csillaghegyi Fog\u00e1szati \u00e9s CT K\u00f6zpont"},"image":{"@id":"https:\/\/www.csh-dental.hu\/#\/schema\/logo\/image\/"},"sameAs":["https:\/\/www.facebook.com\/cshdental","https:\/\/www.instagram.com\/csillaghegyifogaszat\/"]}]}},"_links":{"self":[{"href":"https:\/\/www.csh-dental.hu\/index.php\/wp-json\/wp\/v2\/pages\/425","targetHints":{"allow":["GET"]}}],"collection":[{"href":"https:\/\/www.csh-dental.hu\/index.php\/wp-json\/wp\/v2\/pages"}],"about":[{"href":"https:\/\/www.csh-dental.hu\/index.php\/wp-json\/wp\/v2\/types\/page"}],"author":[{"embeddable":true,"href":"https:\/\/www.csh-dental.hu\/index.php\/wp-json\/wp\/v2\/users\/1"}],"replies":[{"embeddable":true,"href":"https:\/\/www.csh-dental.hu\/index.php\/wp-json\/wp\/v2\/comments?post=425"}],"version-history":[{"count":23,"href":"https:\/\/www.csh-dental.hu\/index.php\/wp-json\/wp\/v2\/pages\/425\/revisions"}],"predecessor-version":[{"id":1177,"href":"https:\/\/www.csh-dental.hu\/index.php\/wp-json\/wp\/v2\/pages\/425\/revisions\/1177"}],"wp:attachment":[{"href":"https:\/\/www.csh-dental.hu\/index.php\/wp-json\/wp\/v2\/media?parent=425"}],"curies":[{"name":"wp","href":"https:\/\/api.w.org\/{rel}","templated":true}]}}