{"id":45,"date":"2025-07-09T11:57:07","date_gmt":"2025-07-09T11:57:07","guid":{"rendered":"http:\/\/www.csh-dental.hu\/?page_id=45"},"modified":"2026-02-27T19:56:37","modified_gmt":"2026-02-27T19:56:37","slug":"kapcsolat","status":"publish","type":"page","link":"https:\/\/www.csh-dental.hu\/index.php\/kapcsolat\/","title":{"rendered":"Kapcsolat"},"content":{"rendered":"\n<h2 class=\"wp-block-heading\">Csillaghegyi Fog\u00e1szati \u00e9s CT K\u00f6zpont<\/h2>\n\n\n\n<p>Szeretettel v\u00e1rjuk modern, csal\u00e1dias hangulat\u00fa rendel\u0151nkben, ahol a legmodernebb technol\u00f3gi\u00e1val (3D CBCT, mikroszk\u00f3pos fog\u00e1szat, biofilm ter\u00e1pia) \u00e9s holisztikus szeml\u00e9lettel gondoskodunk mosoly\u00e1r\u00f3l.<\/p>\n\n\n\n<h3 class=\"wp-block-heading\">\ud83d\udccd Itt tal\u00e1l meg minket<\/h3>\n\n\n\n<p><strong>C\u00edm<\/strong>: 1039 Budapest, Csillaghegy, \u00c1lmos utca 1.<\/p>\n\n\n\n<p>A rendel\u0151nk j\u00f3l megk\u00f6zel\u00edthet\u0151 aut\u00f3val \u00e9s t\u00f6megk\u00f6zleked\u00e9ssel is.<\/p>\n\n\n\n<ul class=\"wp-block-list\">\n<li>Aut\u00f3val (47.59219, 19.04237): P\u00e1cienseink sz\u00e1m\u00e1ra a parkol\u00e1s ingyenes\/k\u00f6zvetlen\u00fcl a rendel\u0151 el\u0151tt megoldott.<\/li>\n\n\n\n<li>T\u00f6megk\u00f6zleked\u00e9s:\n<ul class=\"wp-block-list\">\n<li>T\u00f6megk\u00f6zleked\u00e9ssel: H5 H\u00c9V Szentendre fel\u00e9 &#8211; Csillaghegy h\u00e9v\u00e1llom\u00e1st\u00f3l 500m s\u00e9ta B\u00e9k\u00e1smegyer ir\u00e1ny\u00e1ba<\/li>\n<\/ul>\n<\/li>\n<\/ul>\n\n\n\n<h3 class=\"wp-block-heading\">\ud83d\udcde Id\u0151pontfoglal\u00e1s \u00e9s inform\u00e1ci\u00f3<\/h3>\n\n\n\n<p>\u00c9rdekl\u0151dj\u00f6n szolg\u00e1ltat\u00e1sainkr\u00f3l, vagy k\u00e9rjen id\u0151pontot telefonon vagy online!<\/p>\n\n\n\n<ul class=\"wp-block-list\">\n<li>Telefon: +36 70 425 4125<\/li>\n\n\n\n<li>E-mail: info@csh-dental.hu<\/li>\n\n\n\n<li>Online bejelentkez\u00e9s: t\u00f6ltse ki \u0171rlapunkat \u00e9s mi visszah\u00edvjuk \u00d6nt!<\/li>\n<\/ul>\n\n\n\n<div style=\"height:100px\" aria-hidden=\"true\" class=\"wp-block-spacer\"><\/div>\n\n\n\n<h3 class=\"wp-block-heading\">JELENTKEZZEN BE ONLINE!<\/h3>\n\n\n\n<p>K\u00e9rj\u00fck a lent megadott adatok megad\u00e1s\u00e1val vegye fel vel\u00fcnk a kapcsolatot. Koll\u00e9g\u00e1nk hamarosan keresni fogja. Id\u0151pontfoglal\u00e1s\u00e1t csak akkor tekintse \u00e9rv\u00e9nyesnek, ha telefonon, vagy e-mailen visszaigazoltuk azt.<\/p>\n\n\n\n<div class=\"wpcf7 no-js\" id=\"wpcf7-f239-o1\" lang=\"en-US\" dir=\"ltr\" data-wpcf7-id=\"239\">\n<div class=\"screen-reader-response\"><p role=\"status\" aria-live=\"polite\" aria-atomic=\"true\"><\/p> <ul><\/ul><\/div>\n<form action=\"\/index.php\/wp-json\/wp\/v2\/pages\/45#wpcf7-f239-o1\" method=\"post\" class=\"wpcf7-form init\" aria-label=\"Contact form\" novalidate=\"novalidate\" data-status=\"init\">\n<fieldset class=\"hidden-fields-container\"><input type=\"hidden\" name=\"_wpcf7\" value=\"239\" \/><input type=\"hidden\" name=\"_wpcf7_version\" value=\"6.1.5\" \/><input type=\"hidden\" name=\"_wpcf7_locale\" value=\"en_US\" \/><input type=\"hidden\" name=\"_wpcf7_unit_tag\" value=\"wpcf7-f239-o1\" \/><input type=\"hidden\" name=\"_wpcf7_container_post\" value=\"0\" \/><input type=\"hidden\" name=\"_wpcf7_posted_data_hash\" value=\"\" \/>\n<\/fieldset>\n<p><label> N\u00e9v:<br \/>\n<span class=\"wpcf7-form-control-wrap\" data-name=\"your-name\"><input size=\"40\" maxlength=\"400\" class=\"wpcf7-form-control wpcf7-text wpcf7-validates-as-required\" autocomplete=\"name\" aria-required=\"true\" aria-invalid=\"false\" value=\"\" type=\"text\" name=\"your-name\" \/><\/span> <\/label>\n<\/p>\n<p><label> E-mail c\u00edm:<br \/>\n<span class=\"wpcf7-form-control-wrap\" data-name=\"your-email\"><input size=\"40\" maxlength=\"400\" class=\"wpcf7-form-control wpcf7-email wpcf7-validates-as-required wpcf7-text wpcf7-validates-as-email\" autocomplete=\"email\" aria-required=\"true\" aria-invalid=\"false\" value=\"\" type=\"email\" name=\"your-email\" \/><\/span> <\/label>\n<\/p>\n<p><label> Telefonsz\u00e1m:<br \/>\n<span class=\"wpcf7-form-control-wrap\" data-name=\"tel-136\"><input size=\"40\" maxlength=\"400\" class=\"wpcf7-form-control wpcf7-tel wpcf7-validates-as-required wpcf7-text wpcf7-validates-as-tel\" aria-required=\"true\" aria-invalid=\"false\" value=\"\" type=\"tel\" name=\"tel-136\" \/><\/span> <\/label>\n<\/p>\n<p><label> \u00dczenet:<br \/>\n<span class=\"wpcf7-form-control-wrap\" data-name=\"your-message\"><textarea cols=\"40\" rows=\"10\" maxlength=\"2000\" class=\"wpcf7-form-control wpcf7-textarea wpcf7-validates-as-required\" aria-required=\"true\" aria-invalid=\"false\" name=\"your-message\"><\/textarea><\/span> <\/label>\n<\/p>\n<p><label> Id\u0151pont preferencia:<br \/>\n<span class=\"wpcf7-form-control-wrap\" data-name=\"idopont\"><input size=\"40\" maxlength=\"400\" class=\"wpcf7-form-control wpcf7-text\" aria-invalid=\"false\" value=\"\" type=\"text\" name=\"idopont\" \/><\/span> <\/label>\n<\/p>\n<p><input class=\"wpcf7-form-control wpcf7-submit has-spinner\" type=\"submit\" value=\"K\u00fcld\u00e9s\" \/>\n<\/p><p style=\"display: none !important;\" class=\"akismet-fields-container\" data-prefix=\"_wpcf7_ak_\"><label>&#916;<textarea name=\"_wpcf7_ak_hp_textarea\" cols=\"45\" rows=\"8\" maxlength=\"100\"><\/textarea><\/label><input type=\"hidden\" id=\"ak_js_1\" name=\"_wpcf7_ak_js\" value=\"35\"\/><script>document.getElementById( \"ak_js_1\" ).setAttribute( \"value\", ( new Date() ).getTime() );<\/script><\/p><div class=\"wpcf7-response-output\" aria-hidden=\"true\"><\/div>\n<\/form>\n<\/div>\n\n\n\n\n<div style=\"height:100px\" aria-hidden=\"true\" class=\"wp-block-spacer\"><\/div>\n\n\n\n<h3 class=\"wp-block-heading\">\ud83d\uddfa\ufe0f Interakt\u00edv t\u00e9rk\u00e9p<\/h3>\n\n\n\n<iframe src=\"https:\/\/www.google.com\/maps\/embed?pb=!1m18!1m12!1m3!1d2564.7262178922438!2d19.045799876238405!3d47.58995937118835!2m3!1f0!2f0!3f0!3m2!1i1024!2i768!4f13.1!3m3!1m2!1s0x4741d90071a4b895%3A0x7d05cf0c675f0ae5!2sCsillaghegyi%20Fog%C3%A1szati%20%C3%A9s%20CT%20K%C3%B6zpont!5e1!3m2!1shu!2shu!4v1772207874878!5m2!1shu!2shu\" width=\"900\" height=\"450\" style=\"border:0;\" allowfullscreen=\"\" loading=\"lazy\" referrerpolicy=\"no-referrer-when-downgrade\"><\/iframe>\n\n\n\n<h3 class=\"wp-block-heading\">Mi\u00e9rt v\u00e1lasszon minket? <\/h3>\n\n\n\n<p>Ha k\u00e9rd\u00e9se van <strong>BPA-mentes t\u00f6m\u00e9seinkr\u0151l<\/strong>, a <strong>mikroszk\u00f3pos gy\u00f6k\u00e9rkezel\u00e9sr\u0151l<\/strong> vagy <strong>3D CT diagnosztik\u00e1nkr\u00f3l<\/strong>, szak\u00e9rt\u0151 csapatunk k\u00e9szs\u00e9ggel \u00e1ll rendelkez\u00e9s\u00e9re. Rendel\u0151nk akad\u00e1lymentes\u00edtett \u00e9s gyermekbar\u00e1t, \u00edgy minden koroszt\u00e1ly sz\u00e1m\u00e1ra k\u00e9nyelmes megold\u00e1st ny\u00fajtunk a III. ker\u00fclet sz\u00edv\u00e9ben.<\/p>\n","protected":false},"excerpt":{"rendered":"<p>Csillaghegyi Fog\u00e1szati \u00e9s CT K\u00f6zpont Szeretettel v\u00e1rjuk modern, csal\u00e1dias hangulat\u00fa rendel\u0151nkben, ahol a legmodernebb technol\u00f3gi\u00e1val (3D CBCT, mikroszk\u00f3pos fog\u00e1szat, biofilm ter\u00e1pia) \u00e9s holisztikus szeml\u00e9lettel gondoskodunk mosoly\u00e1r\u00f3l. \ud83d\udccd Itt tal\u00e1l meg minket C\u00edm: 1039 Budapest, Csillaghegy, \u00c1lmos utca 1. A rendel\u0151nk j\u00f3l megk\u00f6zel\u00edthet\u0151 aut\u00f3val \u00e9s t\u00f6megk\u00f6zleked\u00e9ssel is. \ud83d\udcde Id\u0151pontfoglal\u00e1s \u00e9s inform\u00e1ci\u00f3 \u00c9rdekl\u0151dj\u00f6n szolg\u00e1ltat\u00e1sainkr\u00f3l, vagy k\u00e9rjen id\u0151pontot&hellip; <br \/> <a class=\"read-more\" href=\"https:\/\/www.csh-dental.hu\/index.php\/kapcsolat\/\">Read more<\/a><\/p>\n","protected":false},"author":1,"featured_media":0,"parent":0,"menu_order":0,"comment_status":"closed","ping_status":"closed","template":"","meta":{"footnotes":""},"class_list":["post-45","page","type-page","status-publish","hentry"],"yoast_head":"<!-- This site is optimized with the Yoast SEO plugin v27.2 - https:\/\/yoast.com\/product\/yoast-seo-wordpress\/ -->\n<title>Kapcsolat &amp; Id\u0151pontfoglal\u00e1s | Csillaghegyi Fog\u00e1szati \u00e9s CT K\u00f6zpont<\/title>\n<meta name=\"description\" content=\"K\u00e9rjen id\u0151pontot a Csillaghegyi Fog\u00e1szati K\u00f6zpontba! 3D CT, mikroszk\u00f3pos kezel\u00e9sek \u00e9s f\u00e1jdalommentes biofilm ter\u00e1pia a III. ker\u00fcletben. K\u00f6nny\u0171 parkol\u00e1s, profi csapat.\" \/>\n<meta name=\"robots\" content=\"index, follow, max-snippet:-1, max-image-preview:large, max-video-preview:-1\" \/>\n<link rel=\"canonical\" href=\"https:\/\/www.csh-dental.hu\/index.php\/kapcsolat\/\" \/>\n<meta property=\"og:locale\" content=\"hu_HU\" \/>\n<meta property=\"og:type\" content=\"article\" \/>\n<meta property=\"og:title\" content=\"Kapcsolat &amp; Id\u0151pontfoglal\u00e1s | Csillaghegyi Fog\u00e1szati \u00e9s CT K\u00f6zpont\" \/>\n<meta property=\"og:description\" content=\"K\u00e9rjen id\u0151pontot a Csillaghegyi Fog\u00e1szati K\u00f6zpontba! 3D CT, mikroszk\u00f3pos kezel\u00e9sek \u00e9s f\u00e1jdalommentes biofilm ter\u00e1pia a III. ker\u00fcletben. K\u00f6nny\u0171 parkol\u00e1s, profi csapat.\" \/>\n<meta property=\"og:url\" content=\"https:\/\/www.csh-dental.hu\/index.php\/kapcsolat\/\" \/>\n<meta property=\"og:site_name\" content=\"Csillaghegyi Fog\u00e1szati \u00e9s CT K\u00f6zpont\" \/>\n<meta property=\"article:publisher\" content=\"https:\/\/www.facebook.com\/cshdental\" \/>\n<meta property=\"article:modified_time\" content=\"2026-02-27T19:56:37+00:00\" \/>\n<meta name=\"twitter:card\" content=\"summary_large_image\" \/>\n<meta name=\"twitter:label1\" content=\"Becs\u00fclt olvas\u00e1si id\u0151\" \/>\n\t<meta name=\"twitter:data1\" content=\"1 perc\" \/>\n<script type=\"application\/ld+json\" class=\"yoast-schema-graph\">{\"@context\":\"https:\/\/schema.org\",\"@graph\":[{\"@type\":\"WebPage\",\"@id\":\"https:\/\/www.csh-dental.hu\/index.php\/kapcsolat\/\",\"url\":\"https:\/\/www.csh-dental.hu\/index.php\/kapcsolat\/\",\"name\":\"Kapcsolat & Id\u0151pontfoglal\u00e1s | Csillaghegyi Fog\u00e1szati \u00e9s CT K\u00f6zpont\",\"isPartOf\":{\"@id\":\"https:\/\/www.csh-dental.hu\/#website\"},\"datePublished\":\"2025-07-09T11:57:07+00:00\",\"dateModified\":\"2026-02-27T19:56:37+00:00\",\"description\":\"K\u00e9rjen id\u0151pontot a Csillaghegyi Fog\u00e1szati K\u00f6zpontba! 3D CT, mikroszk\u00f3pos kezel\u00e9sek \u00e9s f\u00e1jdalommentes biofilm ter\u00e1pia a III. ker\u00fcletben. K\u00f6nny\u0171 parkol\u00e1s, profi csapat.\",\"breadcrumb\":{\"@id\":\"https:\/\/www.csh-dental.hu\/index.php\/kapcsolat\/#breadcrumb\"},\"inLanguage\":\"hu\",\"potentialAction\":[{\"@type\":\"ReadAction\",\"target\":[\"https:\/\/www.csh-dental.hu\/index.php\/kapcsolat\/\"]}]},{\"@type\":\"BreadcrumbList\",\"@id\":\"https:\/\/www.csh-dental.hu\/index.php\/kapcsolat\/#breadcrumb\",\"itemListElement\":[{\"@type\":\"ListItem\",\"position\":1,\"name\":\"Home\",\"item\":\"https:\/\/www.csh-dental.hu\/\"},{\"@type\":\"ListItem\",\"position\":2,\"name\":\"Kapcsolat\"}]},{\"@type\":\"WebSite\",\"@id\":\"https:\/\/www.csh-dental.hu\/#website\",\"url\":\"https:\/\/www.csh-dental.hu\/\",\"name\":\"Csillaghegyi Fog\u00e1szati \u00e9s CT K\u00f6zpont\",\"description\":\"\",\"publisher\":{\"@id\":\"https:\/\/www.csh-dental.hu\/#organization\"},\"alternateName\":\"Modern Fog\u00e1szat III. ker\u00fclet\",\"potentialAction\":[{\"@type\":\"SearchAction\",\"target\":{\"@type\":\"EntryPoint\",\"urlTemplate\":\"https:\/\/www.csh-dental.hu\/?s={search_term_string}\"},\"query-input\":{\"@type\":\"PropertyValueSpecification\",\"valueRequired\":true,\"valueName\":\"search_term_string\"}}],\"inLanguage\":\"hu\"},{\"@type\":\"Organization\",\"@id\":\"https:\/\/www.csh-dental.hu\/#organization\",\"name\":\"Csillaghegyi Fog\u00e1szati \u00e9s CT K\u00f6zpont\",\"url\":\"https:\/\/www.csh-dental.hu\/\",\"logo\":{\"@type\":\"ImageObject\",\"inLanguage\":\"hu\",\"@id\":\"https:\/\/www.csh-dental.hu\/#\/schema\/logo\/image\/\",\"url\":\"https:\/\/www.csh-dental.hu\/wp-content\/uploads\/2025\/11\/cropped-android-chrome-512x512-1.png\",\"contentUrl\":\"https:\/\/www.csh-dental.hu\/wp-content\/uploads\/2025\/11\/cropped-android-chrome-512x512-1.png\",\"width\":512,\"height\":512,\"caption\":\"Csillaghegyi Fog\u00e1szati \u00e9s CT K\u00f6zpont\"},\"image\":{\"@id\":\"https:\/\/www.csh-dental.hu\/#\/schema\/logo\/image\/\"},\"sameAs\":[\"https:\/\/www.facebook.com\/cshdental\",\"https:\/\/www.instagram.com\/csillaghegyifogaszat\/\"]}]}<\/script>\n<!-- \/ Yoast SEO plugin. -->","yoast_head_json":{"title":"Kapcsolat & Id\u0151pontfoglal\u00e1s | Csillaghegyi Fog\u00e1szati \u00e9s CT K\u00f6zpont","description":"K\u00e9rjen id\u0151pontot a Csillaghegyi Fog\u00e1szati K\u00f6zpontba! 3D CT, mikroszk\u00f3pos kezel\u00e9sek \u00e9s f\u00e1jdalommentes biofilm ter\u00e1pia a III. ker\u00fcletben. K\u00f6nny\u0171 parkol\u00e1s, profi csapat.","robots":{"index":"index","follow":"follow","max-snippet":"max-snippet:-1","max-image-preview":"max-image-preview:large","max-video-preview":"max-video-preview:-1"},"canonical":"https:\/\/www.csh-dental.hu\/index.php\/kapcsolat\/","og_locale":"hu_HU","og_type":"article","og_title":"Kapcsolat & Id\u0151pontfoglal\u00e1s | Csillaghegyi Fog\u00e1szati \u00e9s CT K\u00f6zpont","og_description":"K\u00e9rjen id\u0151pontot a Csillaghegyi Fog\u00e1szati K\u00f6zpontba! 3D CT, mikroszk\u00f3pos kezel\u00e9sek \u00e9s f\u00e1jdalommentes biofilm ter\u00e1pia a III. ker\u00fcletben. K\u00f6nny\u0171 parkol\u00e1s, profi csapat.","og_url":"https:\/\/www.csh-dental.hu\/index.php\/kapcsolat\/","og_site_name":"Csillaghegyi Fog\u00e1szati \u00e9s CT K\u00f6zpont","article_publisher":"https:\/\/www.facebook.com\/cshdental","article_modified_time":"2026-02-27T19:56:37+00:00","twitter_card":"summary_large_image","twitter_misc":{"Becs\u00fclt olvas\u00e1si id\u0151":"1 perc"},"schema":{"@context":"https:\/\/schema.org","@graph":[{"@type":"WebPage","@id":"https:\/\/www.csh-dental.hu\/index.php\/kapcsolat\/","url":"https:\/\/www.csh-dental.hu\/index.php\/kapcsolat\/","name":"Kapcsolat & Id\u0151pontfoglal\u00e1s | Csillaghegyi Fog\u00e1szati \u00e9s CT K\u00f6zpont","isPartOf":{"@id":"https:\/\/www.csh-dental.hu\/#website"},"datePublished":"2025-07-09T11:57:07+00:00","dateModified":"2026-02-27T19:56:37+00:00","description":"K\u00e9rjen id\u0151pontot a Csillaghegyi Fog\u00e1szati K\u00f6zpontba! 3D CT, mikroszk\u00f3pos kezel\u00e9sek \u00e9s f\u00e1jdalommentes biofilm ter\u00e1pia a III. ker\u00fcletben. K\u00f6nny\u0171 parkol\u00e1s, profi csapat.","breadcrumb":{"@id":"https:\/\/www.csh-dental.hu\/index.php\/kapcsolat\/#breadcrumb"},"inLanguage":"hu","potentialAction":[{"@type":"ReadAction","target":["https:\/\/www.csh-dental.hu\/index.php\/kapcsolat\/"]}]},{"@type":"BreadcrumbList","@id":"https:\/\/www.csh-dental.hu\/index.php\/kapcsolat\/#breadcrumb","itemListElement":[{"@type":"ListItem","position":1,"name":"Home","item":"https:\/\/www.csh-dental.hu\/"},{"@type":"ListItem","position":2,"name":"Kapcsolat"}]},{"@type":"WebSite","@id":"https:\/\/www.csh-dental.hu\/#website","url":"https:\/\/www.csh-dental.hu\/","name":"Csillaghegyi Fog\u00e1szati \u00e9s CT K\u00f6zpont","description":"","publisher":{"@id":"https:\/\/www.csh-dental.hu\/#organization"},"alternateName":"Modern Fog\u00e1szat III. ker\u00fclet","potentialAction":[{"@type":"SearchAction","target":{"@type":"EntryPoint","urlTemplate":"https:\/\/www.csh-dental.hu\/?s={search_term_string}"},"query-input":{"@type":"PropertyValueSpecification","valueRequired":true,"valueName":"search_term_string"}}],"inLanguage":"hu"},{"@type":"Organization","@id":"https:\/\/www.csh-dental.hu\/#organization","name":"Csillaghegyi Fog\u00e1szati \u00e9s CT K\u00f6zpont","url":"https:\/\/www.csh-dental.hu\/","logo":{"@type":"ImageObject","inLanguage":"hu","@id":"https:\/\/www.csh-dental.hu\/#\/schema\/logo\/image\/","url":"https:\/\/www.csh-dental.hu\/wp-content\/uploads\/2025\/11\/cropped-android-chrome-512x512-1.png","contentUrl":"https:\/\/www.csh-dental.hu\/wp-content\/uploads\/2025\/11\/cropped-android-chrome-512x512-1.png","width":512,"height":512,"caption":"Csillaghegyi Fog\u00e1szati \u00e9s CT K\u00f6zpont"},"image":{"@id":"https:\/\/www.csh-dental.hu\/#\/schema\/logo\/image\/"},"sameAs":["https:\/\/www.facebook.com\/cshdental","https:\/\/www.instagram.com\/csillaghegyifogaszat\/"]}]}},"_links":{"self":[{"href":"https:\/\/www.csh-dental.hu\/index.php\/wp-json\/wp\/v2\/pages\/45","targetHints":{"allow":["GET"]}}],"collection":[{"href":"https:\/\/www.csh-dental.hu\/index.php\/wp-json\/wp\/v2\/pages"}],"about":[{"href":"https:\/\/www.csh-dental.hu\/index.php\/wp-json\/wp\/v2\/types\/page"}],"author":[{"embeddable":true,"href":"https:\/\/www.csh-dental.hu\/index.php\/wp-json\/wp\/v2\/users\/1"}],"replies":[{"embeddable":true,"href":"https:\/\/www.csh-dental.hu\/index.php\/wp-json\/wp\/v2\/comments?post=45"}],"version-history":[{"count":30,"href":"https:\/\/www.csh-dental.hu\/index.php\/wp-json\/wp\/v2\/pages\/45\/revisions"}],"predecessor-version":[{"id":976,"href":"https:\/\/www.csh-dental.hu\/index.php\/wp-json\/wp\/v2\/pages\/45\/revisions\/976"}],"wp:attachment":[{"href":"https:\/\/www.csh-dental.hu\/index.php\/wp-json\/wp\/v2\/media?parent=45"}],"curies":[{"name":"wp","href":"https:\/\/api.w.org\/{rel}","templated":true}]}}