{"id":483,"date":"2025-08-24T18:33:45","date_gmt":"2025-08-24T18:33:45","guid":{"rendered":"http:\/\/www.csh-dental.hu\/?page_id=483"},"modified":"2026-04-08T12:35:39","modified_gmt":"2026-04-08T12:35:39","slug":"konzultacio-es-diagnosztika","status":"publish","type":"page","link":"https:\/\/www.csh-dental.hu\/index.php\/konzultacio-es-diagnosztika\/","title":{"rendered":"Fog\u00e1szati konzult\u00e1ci\u00f3 \u00e9s diagnosztika Budapest: A sikeres kezel\u00e9s alapja"},"content":{"rendered":"\n<p>Miel\u0151tt b\u00e1rmilyen fog\u00e1szati beavatkoz\u00e1sba belekezdene, elengedhetetlen egy alapos, mindenre kiterjed\u0151 \u00e1llapotfelm\u00e9r\u00e9s. A pontos diagn\u00f3zis fel\u00e1ll\u00edt\u00e1sa \u00e9s a szem\u00e9lyre szabott kezel\u00e9si terv elk\u00e9sz\u00edt\u00e9se a sikeres \u00e9s tart\u00f3s eredm\u00e9ny z\u00e1loga. A <strong>Csillaghegyi Fog\u00e1szati \u00e9s CT K\u00f6zpontban<\/strong> kiemelt figyelmet ford\u00edtunk a <strong>fog\u00e1szati konzult\u00e1ci\u00f3 \u00e9s diagnosztika Budapest<\/strong> szolg\u00e1ltat\u00e1sunkra, hogy \u00d6n a legmegfelel\u0151bb ell\u00e1t\u00e1st kaphassa. Szak\u00e9rt\u0151 csapatunk \u00e9s legmodernebb diagnosztikai eszk\u00f6zeink garant\u00e1lj\u00e1k a precizit\u00e1st \u00e9s a biztons\u00e1got.<\/p>\n\n\n\n<p>V\u00e1gyik egy eg\u00e9szs\u00e9ges \u00e9s magabiztos mosolyra? Tegye meg az els\u0151 l\u00e9p\u00e9st, \u00e9s jelentkezzen konzult\u00e1ci\u00f3ra m\u00e9g ma!<\/p>\n\n\n\n<div style=\"height:100px\" aria-hidden=\"true\" class=\"wp-block-spacer\"><\/div>\n\n\n\n<hr class=\"wp-block-separator has-alpha-channel-opacity\"\/>\n\n\n\n<h5 class=\"wp-block-heading\"><strong>SZEM\u00c9LYRE SZABOTT FOG\u00c1SZATI KONZULT\u00c1CI\u00d3 \u00c9S \u00c1LLAPOTFELM\u00c9R\u00c9S<\/strong><\/h5>\n\n\n\n<hr class=\"wp-block-separator has-alpha-channel-opacity\"\/>\n\n\n\n<p>A <strong>fog\u00e1szati konzult\u00e1ci\u00f3<\/strong> sor\u00e1n kezel\u0151orvosa teljes k\u00f6r\u0171 k\u00e9pet kap az \u00d6n fogainak \u00e9s sz\u00e1j\u00fcreg\u00e9nek aktu\u00e1lis \u00e1llapot\u00e1r\u00f3l. Ez az els\u0151 tal\u00e1lkoz\u00e1s lehet\u0151s\u00e9get ad arra, hogy megossza panaszait, elv\u00e1r\u00e1sait \u00e9s k\u00e9rd\u00e9seit szakorvosunkkal.<\/p>\n\n\n\n<p>A konzult\u00e1ci\u00f3 folyamata rendel\u0151nkben:<\/p>\n\n\n\n<ol start=\"1\" class=\"wp-block-list\">\n<li><strong>Anamn\u00e9zis felv\u00e9tele:<\/strong> T\u00e1j\u00e9koz\u00f3dunk az \u00d6n \u00e1ltal\u00e1nos eg\u00e9szs\u00e9gi \u00e1llapot\u00e1r\u00f3l, kr\u00f3nikus betegs\u00e9geir\u0151l, \u00e1lland\u00f3 gy\u00f3gyszerszed\u00e9s\u00e9r\u0151l, illetve esetleges gy\u00f3gyszer\u00e9rz\u00e9kenys\u00e9g\u00e9r\u0151l. Ez kulcsfontoss\u00e1g\u00fa, mivel ezek a t\u00e9nyez\u0151k befoly\u00e1solhatj\u00e1k a tervezett fog\u00e1szati kezel\u00e9st.<\/li>\n\n\n\n<li><strong>Klinikai vizsg\u00e1lat:<\/strong> Fogorvosa alaposan megvizsg\u00e1lja fogait, \u00edny\u00e9t, sz\u00e1jny\u00e1lkah\u00e1rty\u00e1j\u00e1t \u00e9s az \u00e1llkapocs\u00edz\u00fcletet.<\/li>\n\n\n\n<li><strong>Kieg\u00e9sz\u00edt\u0151 diagnosztika:<\/strong> Sz\u00fcks\u00e9g eset\u00e9n helyben el\u00e9rhet\u0151 <strong>panor\u00e1mar\u00f6ntgen<\/strong> vagy <strong>3D CBCT<\/strong> felv\u00e9telt k\u00e9sz\u00edt\u00fcnk sz\u00e1j\u00fcreg\u00e9r\u0151l a pontosabb k\u00e9p \u00e9rdek\u00e9ben.<\/li>\n\n\n\n<li><strong>T\u00e1j\u00e9koztat\u00e1s \u00e9s Kezel\u00e9si Terv:<\/strong> A vizsg\u00e1latok eredm\u00e9nyei alapj\u00e1n orvosa r\u00e9szletesen t\u00e1j\u00e9koztatja \u00d6nt a diagnosztiz\u00e1lt probl\u00e9m\u00e1kr\u00f3l \u00e9s a lehets\u00e9ges megold\u00e1sokr\u00f3l. Ezut\u00e1n egy r\u00e9szletes, \u00edr\u00e1sos kezel\u00e9si tervet \u00e1ll\u00edt \u00f6ssze, amely tartalmazza a javasolt beavatkoz\u00e1sokat, azok \u00fctemez\u00e9s\u00e9t \u00e9s v\u00e1rhat\u00f3 k\u00f6lts\u00e9geit.<\/li>\n<\/ol>\n\n\n\n<div style=\"height:100px\" aria-hidden=\"true\" class=\"wp-block-spacer\"><\/div>\n\n\n\n<hr class=\"wp-block-separator has-alpha-channel-opacity\"\/>\n\n\n\n<h5 class=\"wp-block-heading\">MODERN FOG\u00c1SZATI DIAGNOSZTIKA: L\u00c1SSA A L\u00c1THATATLANT!<\/h5>\n\n\n\n<hr class=\"wp-block-separator has-alpha-channel-opacity\"\/>\n\n\n\n<p>A pontos \u00e9s hat\u00e9kony kezel\u00e9si terv fel\u00e1ll\u00edt\u00e1s\u00e1hoz gyakran elengedhetetlenek a k\u00fcl\u00f6nb\u00f6z\u0151 r\u00f6ntgenfelv\u00e9telek. A <strong>Csillaghegyi Fog\u00e1szati \u00e9s CT K\u00f6zpontban<\/strong> a legmodernebb digit\u00e1lis k\u00e9palkot\u00f3 diagnosztikai eszk\u00f6z\u00f6k \u00e1llnak rendelkez\u00e9sre:<\/p>\n\n\n\n<ul class=\"wp-block-list\">\n<li><strong>RVG (Digit\u00e1lis kisr\u00f6ntgen):<\/strong> Egy-egy fog r\u00e9szletes vizsg\u00e1lat\u00e1ra.<\/li>\n\n\n\n<li><strong>Panor\u00e1mar\u00f6ntgen:<\/strong> \u00c1tfog\u00f3 k\u00e9pet ny\u00fajt az als\u00f3 \u00e9s fels\u0151 \u00e1llcsontr\u00f3l, a fogak elhelyezked\u00e9s\u00e9r\u0151l \u00e9s a gyullad\u00e1sos folyamatokr\u00f3l. Olyan ter\u00fcleteket is l\u00e1that\u00f3v\u00e1 tesz, amelyek szabad szemmel rejtve maradn\u00e1nak.<\/li>\n\n\n\n<li><strong>3D CBCT (Computer Tomogr\u00e1fia):<\/strong> A 3D k\u00e9palkot\u00f3 diagnosztik\u00e1nak k\u00f6sz\u00f6nhet\u0151en a fogorvos a legr\u00e9szletesebben t\u00e1j\u00e9koz\u00f3dhat a b\u00f6lcsess\u00e9gfogak pontos elhelyezked\u00e9s\u00e9r\u0151l, gy\u00f6k\u00e9rkezel\u00e9skor a gy\u00f6kerek lefut\u00e1s\u00e1r\u00f3l, implant\u00e1ci\u00f3 eset\u00e9n pedig az \u00e1llcsont csont\u00e1llom\u00e1ny\u00e1nak mennyis\u00e9g\u00e9r\u0151l \u00e9s min\u0151s\u00e9g\u00e9r\u0151l, illetve az esetleges csontp\u00f3tl\u00e1s sz\u00fcks\u00e9gess\u00e9g\u00e9r\u0151l.<\/li>\n<\/ul>\n\n\n\n<div style=\"height:100px\" aria-hidden=\"true\" class=\"wp-block-spacer\"><\/div>\n\n\n\n<hr class=\"wp-block-separator has-alpha-channel-opacity\"\/>\n\n\n\n<h5 class=\"wp-block-heading\">KOMPLEX FOG\u00c1SZATI G\u00d3CKUTAT\u00c1S: AZ \u00c1LTAL\u00c1NOS EG\u00c9SZS\u00c9G\u00c9RT<\/h5>\n\n\n\n<hr class=\"wp-block-separator has-alpha-channel-opacity\"\/>\n\n\n\n<p>Hajhull\u00e1s? B\u0151rbetegs\u00e9gek? N\u0151gy\u00f3gy\u00e1szati vagy reumatikus probl\u00e9m\u00e1k? Meglep\u0151 m\u00f3don sz\u00e1mos kr\u00f3nikus eg\u00e9szs\u00e9g\u00fcgyi panasz m\u00f6g\u00f6tt \u00e1llhat fel nem fedezett fog\u00e1szati gyullad\u00e1s, azaz fog\u00e1szati g\u00f3c. A <strong>komplex fog\u00e1szati g\u00f3ckutat\u00e1s<\/strong> c\u00e9lja ezen rejtett fert\u0151z\u00e9si forr\u00e1sok felder\u00edt\u00e9se \u00e9s megsz\u00fcntet\u00e9se.<\/p>\n\n\n\n<p>A g\u00f3ckutat\u00e1s fontoss\u00e1g\u00e1r\u00f3l tov\u00e1bbi inform\u00e1ci\u00f3kat tal\u00e1lhat ide kattintva! <em>(Linkelj a g\u00f3ckutat\u00e1s aloldalra)<\/em><\/p>\n\n\n\n<p>A komplex g\u00f3ckutat\u00e1si csomagunk tartalma a Csillaghegyi Fog\u00e1szatn\u00e1l:<\/p>\n\n\n\n<ul class=\"wp-block-list\">\n<li>\u2714 <strong>CBCT felv\u00e9tel \u00e9s szakorvosi ki\u00e9rt\u00e9kel\u00e9s<\/strong><\/li>\n\n\n\n<li>\u2714 Alapos <strong>parodontol\u00f3giai<\/strong> (\u00edny- \u00e9s fog\u00e1gy) <strong>\u00e1llapotfelm\u00e9r\u00e9s<\/strong><\/li>\n\n\n\n<li>\u2714 Stomato-onkologiai (sz\u00e1j\u00fcregi daganatsz\u0171r\u00e9s) <strong>\u00e1llapotfelm\u00e9r\u00e9s<\/strong><\/li>\n\n\n\n<li>\u2714 R\u00e9szletes <strong>fog\u00e1szati st\u00e1tuszfelv\u00e9tel<\/strong><\/li>\n\n\n\n<li>\u2714 Szem\u00e9lyre szabott <strong>kezel\u00e9si terv k\u00e9sz\u00edt\u00e9s<\/strong><\/li>\n<\/ul>\n\n\n\n<h4 class=\"wp-block-heading\"><strong>A Rendszeres Sz\u0171r\u00e9s a Megel\u0151z\u00e9s Kulcsa<\/strong><\/h4>\n\n\n\n<p>Szeretn\u00e9nk hangs\u00falyozni, hogy az eg\u00e9szs\u00e9ges \u00e9s eszt\u00e9tikus fogsor meg\u0151rz\u00e9se \u00e9rdek\u00e9ben a rendszeres, \u00e9venk\u00e9nti fog\u00e1szati sz\u0171r\u0151vizsg\u00e1lat aj\u00e1nlott minden p\u00e1ciens\u00fcnk sz\u00e1m\u00e1ra. A korai felismer\u00e9s kisebb beavatkoz\u00e1st \u00e9s gyorsabb gy\u00f3gyul\u00e1st tesz lehet\u0151v\u00e9.<\/p>\n\n\n\n<div style=\"height:100px\" aria-hidden=\"true\" class=\"wp-block-spacer\"><\/div>\n\n\n\n<h3 class=\"wp-block-heading has-text-align-center\"><strong>K\u00e9rjen Id\u0151pontot Alapos Fog\u00e1szati Diagnosztik\u00e1ra Budapesten!<\/strong><\/h3>\n\n\n\n<p class=\"has-text-align-center\">Ne halogassa fogai eg\u00e9szs\u00e9g\u00e9nek meg\u0151rz\u00e9s\u00e9t! A <strong>Csillaghegyi Fog\u00e1szati \u00e9s CT K\u00f6zpontban<\/strong> tapasztalt szakorvosok, modern diagnosztikai eszk\u00f6z\u00f6k \u00e9s szem\u00e9lyre szabott figyelem v\u00e1rja \u00d6nt. Tegye meg az els\u0151 l\u00e9p\u00e9st az eg\u00e9szs\u00e9ges \u00e9s magabiztos mosoly fel\u00e9!<\/p>\n\n\n\n<div class=\"wp-block-buttons is-content-justification-center is-layout-flex wp-container-core-buttons-is-layout-16018d1d wp-block-buttons-is-layout-flex\">\n<div class=\"wp-block-button\"><a class=\"wp-block-button__link wp-element-button\">ID\u0150PONTFOGLAL\u00c1S: +36 70 425 4125<\/a><\/div>\n<\/div>\n","protected":false},"excerpt":{"rendered":"<p>Miel\u0151tt b\u00e1rmilyen fog\u00e1szati beavatkoz\u00e1sba belekezdene, elengedhetetlen egy alapos, mindenre kiterjed\u0151 \u00e1llapotfelm\u00e9r\u00e9s. A pontos diagn\u00f3zis fel\u00e1ll\u00edt\u00e1sa \u00e9s a szem\u00e9lyre szabott kezel\u00e9si terv elk\u00e9sz\u00edt\u00e9se a sikeres \u00e9s tart\u00f3s eredm\u00e9ny z\u00e1loga. A Csillaghegyi Fog\u00e1szati \u00e9s CT K\u00f6zpontban kiemelt figyelmet ford\u00edtunk a fog\u00e1szati konzult\u00e1ci\u00f3 \u00e9s diagnosztika Budapest szolg\u00e1ltat\u00e1sunkra, hogy \u00d6n a legmegfelel\u0151bb ell\u00e1t\u00e1st kaphassa. Szak\u00e9rt\u0151 csapatunk \u00e9s legmodernebb diagnosztikai&hellip; <br \/> <a class=\"read-more\" href=\"https:\/\/www.csh-dental.hu\/index.php\/konzultacio-es-diagnosztika\/\">Read more<\/a><\/p>\n","protected":false},"author":1,"featured_media":0,"parent":0,"menu_order":0,"comment_status":"closed","ping_status":"closed","template":"","meta":{"footnotes":""},"class_list":["post-483","page","type-page","status-publish","hentry"],"yoast_head":"<!-- This site is optimized with the Yoast SEO plugin v27.2 - https:\/\/yoast.com\/product\/yoast-seo-wordpress\/ -->\n<title>Min\u0151s\u00e9gi Fog\u00e1szati Rendel\u0151 III. ker\u00fclet | Modern CT Diagnosztika | Csillaghegyi Fog\u00e1szat<\/title>\n<meta name=\"description\" content=\"Keressen megb\u00edzhat\u00f3 fog\u00e1szati rendel\u0151t a III. ker\u00fcletben? A Csillaghegyi Fog\u00e1szat \u00e1tfog\u00f3 ell\u00e1t\u00e1st ny\u00fajt, helyben el\u00e9rhet\u0151 3D CT-vel. Min\u0151s\u00e9g, k\u00e9nyelem, kedvez\u0151 \u00e1rak. Kattintson a r\u00e9szletek\u00e9rt!\" \/>\n<meta name=\"robots\" content=\"index, follow, max-snippet:-1, max-image-preview:large, max-video-preview:-1\" \/>\n<link rel=\"canonical\" href=\"https:\/\/www.csh-dental.hu\/index.php\/konzultacio-es-diagnosztika\/\" \/>\n<meta property=\"og:locale\" content=\"hu_HU\" \/>\n<meta property=\"og:type\" content=\"article\" \/>\n<meta property=\"og:title\" content=\"Min\u0151s\u00e9gi Fog\u00e1szati Rendel\u0151 III. ker\u00fclet | Modern CT Diagnosztika | Csillaghegyi Fog\u00e1szat\" \/>\n<meta property=\"og:description\" content=\"Keressen megb\u00edzhat\u00f3 fog\u00e1szati rendel\u0151t a III. ker\u00fcletben? A Csillaghegyi Fog\u00e1szat \u00e1tfog\u00f3 ell\u00e1t\u00e1st ny\u00fajt, helyben el\u00e9rhet\u0151 3D CT-vel. Min\u0151s\u00e9g, k\u00e9nyelem, kedvez\u0151 \u00e1rak. Kattintson a r\u00e9szletek\u00e9rt!\" \/>\n<meta property=\"og:url\" content=\"https:\/\/www.csh-dental.hu\/index.php\/konzultacio-es-diagnosztika\/\" \/>\n<meta property=\"og:site_name\" content=\"Csillaghegyi Fog\u00e1szati \u00e9s CT K\u00f6zpont\" \/>\n<meta property=\"article:publisher\" content=\"https:\/\/www.facebook.com\/cshdental\" \/>\n<meta property=\"article:modified_time\" content=\"2026-04-08T12:35:39+00:00\" \/>\n<meta name=\"twitter:card\" content=\"summary_large_image\" \/>\n<meta name=\"twitter:label1\" content=\"Becs\u00fclt olvas\u00e1si id\u0151\" \/>\n\t<meta name=\"twitter:data1\" content=\"3 perc\" \/>\n<script type=\"application\/ld+json\" class=\"yoast-schema-graph\">{\"@context\":\"https:\/\/schema.org\",\"@graph\":[{\"@type\":\"WebPage\",\"@id\":\"https:\/\/www.csh-dental.hu\/index.php\/konzultacio-es-diagnosztika\/\",\"url\":\"https:\/\/www.csh-dental.hu\/index.php\/konzultacio-es-diagnosztika\/\",\"name\":\"Min\u0151s\u00e9gi Fog\u00e1szati Rendel\u0151 III. ker\u00fclet | Modern CT Diagnosztika | Csillaghegyi Fog\u00e1szat\",\"isPartOf\":{\"@id\":\"https:\/\/www.csh-dental.hu\/#website\"},\"datePublished\":\"2025-08-24T18:33:45+00:00\",\"dateModified\":\"2026-04-08T12:35:39+00:00\",\"description\":\"Keressen megb\u00edzhat\u00f3 fog\u00e1szati rendel\u0151t a III. ker\u00fcletben? A Csillaghegyi Fog\u00e1szat \u00e1tfog\u00f3 ell\u00e1t\u00e1st ny\u00fajt, helyben el\u00e9rhet\u0151 3D CT-vel. Min\u0151s\u00e9g, k\u00e9nyelem, kedvez\u0151 \u00e1rak. Kattintson a r\u00e9szletek\u00e9rt!\",\"breadcrumb\":{\"@id\":\"https:\/\/www.csh-dental.hu\/index.php\/konzultacio-es-diagnosztika\/#breadcrumb\"},\"inLanguage\":\"hu\",\"potentialAction\":[{\"@type\":\"ReadAction\",\"target\":[\"https:\/\/www.csh-dental.hu\/index.php\/konzultacio-es-diagnosztika\/\"]}]},{\"@type\":\"BreadcrumbList\",\"@id\":\"https:\/\/www.csh-dental.hu\/index.php\/konzultacio-es-diagnosztika\/#breadcrumb\",\"itemListElement\":[{\"@type\":\"ListItem\",\"position\":1,\"name\":\"Home\",\"item\":\"https:\/\/www.csh-dental.hu\/\"},{\"@type\":\"ListItem\",\"position\":2,\"name\":\"Fog\u00e1szati konzult\u00e1ci\u00f3 \u00e9s diagnosztika Budapest: A sikeres kezel\u00e9s alapja\"}]},{\"@type\":\"WebSite\",\"@id\":\"https:\/\/www.csh-dental.hu\/#website\",\"url\":\"https:\/\/www.csh-dental.hu\/\",\"name\":\"Csillaghegyi Fog\u00e1szati \u00e9s CT K\u00f6zpont\",\"description\":\"\",\"publisher\":{\"@id\":\"https:\/\/www.csh-dental.hu\/#organization\"},\"alternateName\":\"Modern Fog\u00e1szat III. ker\u00fclet\",\"potentialAction\":[{\"@type\":\"SearchAction\",\"target\":{\"@type\":\"EntryPoint\",\"urlTemplate\":\"https:\/\/www.csh-dental.hu\/?s={search_term_string}\"},\"query-input\":{\"@type\":\"PropertyValueSpecification\",\"valueRequired\":true,\"valueName\":\"search_term_string\"}}],\"inLanguage\":\"hu\"},{\"@type\":\"Organization\",\"@id\":\"https:\/\/www.csh-dental.hu\/#organization\",\"name\":\"Csillaghegyi Fog\u00e1szati \u00e9s CT K\u00f6zpont\",\"url\":\"https:\/\/www.csh-dental.hu\/\",\"logo\":{\"@type\":\"ImageObject\",\"inLanguage\":\"hu\",\"@id\":\"https:\/\/www.csh-dental.hu\/#\/schema\/logo\/image\/\",\"url\":\"https:\/\/www.csh-dental.hu\/wp-content\/uploads\/2025\/11\/cropped-android-chrome-512x512-1.png\",\"contentUrl\":\"https:\/\/www.csh-dental.hu\/wp-content\/uploads\/2025\/11\/cropped-android-chrome-512x512-1.png\",\"width\":512,\"height\":512,\"caption\":\"Csillaghegyi Fog\u00e1szati \u00e9s CT K\u00f6zpont\"},\"image\":{\"@id\":\"https:\/\/www.csh-dental.hu\/#\/schema\/logo\/image\/\"},\"sameAs\":[\"https:\/\/www.facebook.com\/cshdental\",\"https:\/\/www.instagram.com\/csillaghegyifogaszat\/\"]}]}<\/script>\n<!-- \/ Yoast SEO plugin. -->","yoast_head_json":{"title":"Min\u0151s\u00e9gi Fog\u00e1szati Rendel\u0151 III. ker\u00fclet | Modern CT Diagnosztika | Csillaghegyi Fog\u00e1szat","description":"Keressen megb\u00edzhat\u00f3 fog\u00e1szati rendel\u0151t a III. ker\u00fcletben? A Csillaghegyi Fog\u00e1szat \u00e1tfog\u00f3 ell\u00e1t\u00e1st ny\u00fajt, helyben el\u00e9rhet\u0151 3D CT-vel. Min\u0151s\u00e9g, k\u00e9nyelem, kedvez\u0151 \u00e1rak. Kattintson a r\u00e9szletek\u00e9rt!","robots":{"index":"index","follow":"follow","max-snippet":"max-snippet:-1","max-image-preview":"max-image-preview:large","max-video-preview":"max-video-preview:-1"},"canonical":"https:\/\/www.csh-dental.hu\/index.php\/konzultacio-es-diagnosztika\/","og_locale":"hu_HU","og_type":"article","og_title":"Min\u0151s\u00e9gi Fog\u00e1szati Rendel\u0151 III. ker\u00fclet | Modern CT Diagnosztika | Csillaghegyi Fog\u00e1szat","og_description":"Keressen megb\u00edzhat\u00f3 fog\u00e1szati rendel\u0151t a III. ker\u00fcletben? A Csillaghegyi Fog\u00e1szat \u00e1tfog\u00f3 ell\u00e1t\u00e1st ny\u00fajt, helyben el\u00e9rhet\u0151 3D CT-vel. Min\u0151s\u00e9g, k\u00e9nyelem, kedvez\u0151 \u00e1rak. Kattintson a r\u00e9szletek\u00e9rt!","og_url":"https:\/\/www.csh-dental.hu\/index.php\/konzultacio-es-diagnosztika\/","og_site_name":"Csillaghegyi Fog\u00e1szati \u00e9s CT K\u00f6zpont","article_publisher":"https:\/\/www.facebook.com\/cshdental","article_modified_time":"2026-04-08T12:35:39+00:00","twitter_card":"summary_large_image","twitter_misc":{"Becs\u00fclt olvas\u00e1si id\u0151":"3 perc"},"schema":{"@context":"https:\/\/schema.org","@graph":[{"@type":"WebPage","@id":"https:\/\/www.csh-dental.hu\/index.php\/konzultacio-es-diagnosztika\/","url":"https:\/\/www.csh-dental.hu\/index.php\/konzultacio-es-diagnosztika\/","name":"Min\u0151s\u00e9gi Fog\u00e1szati Rendel\u0151 III. ker\u00fclet | Modern CT Diagnosztika | Csillaghegyi Fog\u00e1szat","isPartOf":{"@id":"https:\/\/www.csh-dental.hu\/#website"},"datePublished":"2025-08-24T18:33:45+00:00","dateModified":"2026-04-08T12:35:39+00:00","description":"Keressen megb\u00edzhat\u00f3 fog\u00e1szati rendel\u0151t a III. ker\u00fcletben? A Csillaghegyi Fog\u00e1szat \u00e1tfog\u00f3 ell\u00e1t\u00e1st ny\u00fajt, helyben el\u00e9rhet\u0151 3D CT-vel. Min\u0151s\u00e9g, k\u00e9nyelem, kedvez\u0151 \u00e1rak. Kattintson a r\u00e9szletek\u00e9rt!","breadcrumb":{"@id":"https:\/\/www.csh-dental.hu\/index.php\/konzultacio-es-diagnosztika\/#breadcrumb"},"inLanguage":"hu","potentialAction":[{"@type":"ReadAction","target":["https:\/\/www.csh-dental.hu\/index.php\/konzultacio-es-diagnosztika\/"]}]},{"@type":"BreadcrumbList","@id":"https:\/\/www.csh-dental.hu\/index.php\/konzultacio-es-diagnosztika\/#breadcrumb","itemListElement":[{"@type":"ListItem","position":1,"name":"Home","item":"https:\/\/www.csh-dental.hu\/"},{"@type":"ListItem","position":2,"name":"Fog\u00e1szati konzult\u00e1ci\u00f3 \u00e9s diagnosztika Budapest: A sikeres kezel\u00e9s alapja"}]},{"@type":"WebSite","@id":"https:\/\/www.csh-dental.hu\/#website","url":"https:\/\/www.csh-dental.hu\/","name":"Csillaghegyi Fog\u00e1szati \u00e9s CT K\u00f6zpont","description":"","publisher":{"@id":"https:\/\/www.csh-dental.hu\/#organization"},"alternateName":"Modern Fog\u00e1szat III. ker\u00fclet","potentialAction":[{"@type":"SearchAction","target":{"@type":"EntryPoint","urlTemplate":"https:\/\/www.csh-dental.hu\/?s={search_term_string}"},"query-input":{"@type":"PropertyValueSpecification","valueRequired":true,"valueName":"search_term_string"}}],"inLanguage":"hu"},{"@type":"Organization","@id":"https:\/\/www.csh-dental.hu\/#organization","name":"Csillaghegyi Fog\u00e1szati \u00e9s CT K\u00f6zpont","url":"https:\/\/www.csh-dental.hu\/","logo":{"@type":"ImageObject","inLanguage":"hu","@id":"https:\/\/www.csh-dental.hu\/#\/schema\/logo\/image\/","url":"https:\/\/www.csh-dental.hu\/wp-content\/uploads\/2025\/11\/cropped-android-chrome-512x512-1.png","contentUrl":"https:\/\/www.csh-dental.hu\/wp-content\/uploads\/2025\/11\/cropped-android-chrome-512x512-1.png","width":512,"height":512,"caption":"Csillaghegyi Fog\u00e1szati \u00e9s CT K\u00f6zpont"},"image":{"@id":"https:\/\/www.csh-dental.hu\/#\/schema\/logo\/image\/"},"sameAs":["https:\/\/www.facebook.com\/cshdental","https:\/\/www.instagram.com\/csillaghegyifogaszat\/"]}]}},"_links":{"self":[{"href":"https:\/\/www.csh-dental.hu\/index.php\/wp-json\/wp\/v2\/pages\/483","targetHints":{"allow":["GET"]}}],"collection":[{"href":"https:\/\/www.csh-dental.hu\/index.php\/wp-json\/wp\/v2\/pages"}],"about":[{"href":"https:\/\/www.csh-dental.hu\/index.php\/wp-json\/wp\/v2\/types\/page"}],"author":[{"embeddable":true,"href":"https:\/\/www.csh-dental.hu\/index.php\/wp-json\/wp\/v2\/users\/1"}],"replies":[{"embeddable":true,"href":"https:\/\/www.csh-dental.hu\/index.php\/wp-json\/wp\/v2\/comments?post=483"}],"version-history":[{"count":18,"href":"https:\/\/www.csh-dental.hu\/index.php\/wp-json\/wp\/v2\/pages\/483\/revisions"}],"predecessor-version":[{"id":1185,"href":"https:\/\/www.csh-dental.hu\/index.php\/wp-json\/wp\/v2\/pages\/483\/revisions\/1185"}],"wp:attachment":[{"href":"https:\/\/www.csh-dental.hu\/index.php\/wp-json\/wp\/v2\/media?parent=483"}],"curies":[{"name":"wp","href":"https:\/\/api.w.org\/{rel}","templated":true}]}}