{"id":503,"date":"2025-08-24T19:04:09","date_gmt":"2025-08-24T19:04:09","guid":{"rendered":"http:\/\/www.csh-dental.hu\/?page_id=503"},"modified":"2026-04-08T12:43:11","modified_gmt":"2026-04-08T12:43:11","slug":"sebeszet","status":"publish","type":"page","link":"https:\/\/www.csh-dental.hu\/index.php\/sebeszet\/","title":{"rendered":"Sz\u00e1jseb\u00e9szet Csillaghegyen: F\u00e1jdalommentes \u00e9s prec\u00edz beavatkoz\u00e1sok"},"content":{"rendered":"\n<p>A sz\u00e1jseb\u00e9szeti beavatkoz\u00e1sok sokakban szorong\u00e1st kelthetnek, azonban a modern fog\u00e1szat \u00e9s a tapasztalt szakorvosok seg\u00edts\u00e9g\u00e9vel ezek a kezel\u00e9sek ma m\u00e1r rutinszer\u0171ek \u00e9s f\u00e1jdalommentesek. A <strong>Csillaghegyi Fog\u00e1szati \u00e9s CT K\u00f6zpontban<\/strong> elk\u00f6telezettek vagyunk amellett, hogy p\u00e1cienseink a lehet\u0151 legnagyobb biztons\u00e1gban \u00e9s komfortban \u00e9rezz\u00e9k magukat. Szak\u00e9rt\u0151 csapatunk \u00e9s legmodernebb diagnosztikai eszk\u00f6zeink, k\u00f6zt\u00fck a helyben el\u00e9rhet\u0151 <strong>3D CBCT<\/strong>, garant\u00e1lj\u00e1k a pontos tervez\u00e9st \u00e9s a sikeres eredm\u00e9nyt. Ha megb\u00edzhat\u00f3 <strong>sz\u00e1jseb\u00e9szetet keres Csillaghegyen<\/strong>, forduljon hozz\u00e1nk bizalommal!<\/p>\n\n\n\n<p>Milyen esetekben \u00e9rdemes sz\u00e1jseb\u00e9sz szakorvoshoz fordulni?<\/p>\n\n\n\n<ul class=\"wp-block-list\">\n<li>Bonyolultabb fog- \u00e9s gy\u00f6k\u00e9rh\u00faz\u00e1s<\/li>\n\n\n\n<li><strong>B\u00f6lcsess\u00e9gfogak elt\u00e1vol\u00edt\u00e1sa<\/strong><\/li>\n\n\n\n<li>Fog\u00e1szati <strong>implant\u00e1ci\u00f3<\/strong> \u00e9s <strong>csontp\u00f3tl\u00f3 beavatkoz\u00e1sok<\/strong><\/li>\n\n\n\n<li>Egy\u00e9b sz\u00e1j\u00fcregi elv\u00e1ltoz\u00e1sok \u00e9s gyullad\u00e1sok kezel\u00e9se<\/li>\n<\/ul>\n\n\n\n<div style=\"height:100px\" aria-hidden=\"true\" class=\"wp-block-spacer\"><\/div>\n\n\n\n<hr class=\"wp-block-separator has-alpha-channel-opacity\"\/>\n\n\n\n<h5 class=\"wp-block-heading\"><strong>B\u00d6LCSESS\u00c9GFOG ELT\u00c1VOL\u00cdT\u00c1SA: AMIKOR A HELYHI\u00c1NY GONDOT OKOZ<\/strong><\/h5>\n\n\n\n<hr class=\"wp-block-separator has-alpha-channel-opacity\"\/>\n\n\n\n<p>A b\u00f6lcsess\u00e9gfogak n\u0151nek ki utolj\u00e1ra, \u00e9s mivel legh\u00e1tul helyezkednek el, gyakran nincs elegend\u0151 hely\u00fck az \u00e1llcsontban. Ez sz\u00e1mos neh\u00e9zs\u00e9get \u00e9s kellemetlens\u00e9get okozhat:<\/p>\n\n\n\n<ul class=\"wp-block-list\">\n<li><strong>F\u00e1jdalom \u00e9s gyullad\u00e1s:<\/strong> A kib\u00faj\u00e1suk gyakran f\u00e1jdalommal j\u00e1r, amit s\u00falyosabb esetekben gyullad\u00e1s k\u00eds\u00e9rhet (a fog mellett tasak k\u00e9pz\u0151dik, amiben bakt\u00e9riumok telepedhetnek meg).<\/li>\n\n\n\n<li><strong>Fogtorl\u00f3d\u00e1s:<\/strong> A leggyakoribb probl\u00e9ma, hogy az el\u0151t\u00f6r\u00e9skor a b\u00f6lcsess\u00e9gfog nem felfel\u00e9, hanem el\u0151re n\u0151, ben\u0151ve az \u00ednybe. Ilyenkor a szab\u00e1lyos fogsort is \u00f6sszetolhatja, ami eszt\u00e9tikai \u00e9s funkcion\u00e1lis probl\u00e9m\u00e1khoz vezet.<\/li>\n<\/ul>\n\n\n\n<p>A b\u00f6lcsess\u00e9gfogak n\u00e9lk\u00fcl kit\u0171n\u0151en lehet r\u00e1gni, funkcion\u00e1lisan nem meghat\u00e1roz\u00f3 a meg\u0151rz\u00e9s\u00fck, szemben a sok probl\u00e9m\u00e1val, kellemetlens\u00e9ggel, amit okozhatnak. Ez\u00e9rt gyakran sz\u00e1jseb\u00e9szeti beavatkoz\u00e1sra, a b\u00f6lcsess\u00e9gfog elt\u00e1vol\u00edt\u00e1s\u00e1ra van sz\u00fcks\u00e9g.<\/p>\n\n\n\n<h3 class=\"wp-block-heading\">F\u00e1jdalommentes b\u00f6lcsess\u00e9gfog h\u00faz\u00e1s<\/h3>\n\n\n\n<p>Szeretn\u00e9nk megnyugtatni: a <strong>b\u00f6lcsess\u00e9gfog elt\u00e1vol\u00edt\u00e1sa<\/strong> ugyanolyan egyszer\u0171 fogh\u00faz\u00e1st is jelenthet, mint a t\u00f6bbi fog eset\u00e9ben, \u00e9s injekci\u00f3 seg\u00edts\u00e9g\u00e9vel teljesen f\u00e1jdalommentess\u00e9 tehet\u0151. Komplik\u00e1ltabb helyzetben minim\u00e1lis csont elt\u00e1vol\u00edt\u00e1sra lehet sz\u00fcks\u00e9g.<\/p>\n\n\n\n<p>A k\u00f6zvetlen sebgy\u00f3gyul\u00e1s \u00e1ltal\u00e1ban 3-4 nap, de a m\u0171t\u00e9t neh\u00e9zs\u00e9g\u00e9t\u0151l \u00e9s a b\u00f6lcsess\u00e9gfog elhelyezked\u00e9s\u00e9t\u0151l f\u00fcgg\u0151en esetleg egy-k\u00e9t h\u00e9t is lehet.<\/p>\n\n\n\n<div style=\"height:100px\" aria-hidden=\"true\" class=\"wp-block-spacer\"><\/div>\n\n\n\n<hr class=\"wp-block-separator has-alpha-channel-opacity\"\/>\n\n\n\n<h5 class=\"wp-block-heading\">GY\u00d6K\u00c9RCS\u00daCS REZEKCI\u00d3: AZ UTOLS\u00d3 ES\u00c9LY A FOG MEGMENT\u00c9S\u00c9RE<\/h5>\n\n\n\n<hr class=\"wp-block-separator has-alpha-channel-opacity\"\/>\n\n\n\n<p>Ha a hagyom\u00e1nyos gy\u00f6k\u00e9rkezel\u00e9s nem j\u00e1rt sikerrel, vagy valami miatt nem v\u00e9gezhet\u0151 el, m\u00e9g mindig van rem\u00e9ny a fog megment\u00e9s\u00e9re. Ilyenkor sz\u00fcks\u00e9g lehet a <strong>gy\u00f6k\u00e9rcs\u00facs sz\u00e1jseb\u00e9szeti \u00faton val\u00f3 elt\u00e1vol\u00edt\u00e1s\u00e1ra<\/strong>, azaz a gy\u00f6k\u00e9rcs\u00facs rezekci\u00f3ra. Ezzel a m\u00f3dszerrel hat\u00e9konyan elt\u00e1vol\u00edthat\u00f3ak a gyulladt sz\u00f6vetek \u00e9s a fert\u0151z\u00e9s g\u00f3ca.<\/p>\n\n\n\n<p>A <strong>gy\u00f6k\u00e9rcs\u00facs rezekci\u00f3<\/strong> a sz\u00e1jseb\u00e9szeti m\u0171t\u00e9tek k\u00f6z\u00fcl a legkisebb beavatkoz\u00e1ssal j\u00e1r. Mint minden kezel\u00e9st, \u00fagy a gy\u00f6k\u00e9rcs\u00facs-elt\u00e1vol\u00edt\u00e1st is megel\u0151zi egy alapos diagnosztika: <strong>panor\u00e1mar\u00f6ntgen<\/strong> vagy <strong>3D CT-felv\u00e9tel<\/strong> k\u00e9sz\u00edt\u00e9se. A felv\u00e9tel alapj\u00e1n szakorvosunk meg\u00e1llap\u00edtja, hogy lehets\u00e9ges-e a beavatkoz\u00e1s elv\u00e9gz\u00e9se. Ne feledje: a rezekci\u00f3 az utols\u00f3 es\u00e9lyt jelentheti a fogmegtart\u00e1sra, m\u00e9g akkor is, ha a kor\u00e1bbi gy\u00f6k\u00e9rkezel\u00e9sek sikertelenek voltak.<\/p>\n\n\n\n<div style=\"height:100px\" aria-hidden=\"true\" class=\"wp-block-spacer\"><\/div>\n\n\n\n<hr class=\"wp-block-separator has-alpha-channel-opacity\"\/>\n\n\n\n<h5 class=\"wp-block-heading\">CSONTP\u00d3TL\u00c1S: STABIL ALAP AZ IMPLANT\u00c1TUMNAK<\/h5>\n\n\n\n<hr class=\"wp-block-separator has-alpha-channel-opacity\"\/>\n\n\n\n<p>A <strong>csontp\u00f3tl\u00e1s<\/strong> ijeszt\u0151en hangozhat, pedig ma m\u00e1r rutinm\u0171t\u00e9tnek sz\u00e1m\u00edt. Ez a beavatkoz\u00e1s kulcsfontoss\u00e1g\u00fa lehet a fog\u00e1szati <strong>implant\u00e1ci\u00f3<\/strong> siker\u00e9hez.<\/p>\n\n\n\n<p>Az implant\u00e1ci\u00f3 el\u0151tt minden esetben alapos csontszerkezet vizsg\u00e1latot v\u00e9gz\u00fcnk helyben el\u00e9rhet\u0151 <strong>3D CBCT-felv\u00e9tel<\/strong> seg\u00edts\u00e9g\u00e9vel. Csontp\u00f3tl\u00f3 m\u0171t\u00e9tre akkor ker\u00fclhet sor, ha nincs elegend\u0151 mennyis\u00e9g\u0171 vagy min\u0151s\u00e9g\u0171 csont a be\u00fcltetend\u0151 implant\u00e1tum hely\u00e9n.<\/p>\n\n\n\n<p>A csontp\u00f3tl\u00f3 m\u0171t\u00e9t az implant\u00e1tum behelyez\u00e9se el\u0151tt, vagy ak\u00e1r azzal egyid\u0151ben is t\u00f6rt\u00e9nhet. Fontos tudni, hogy a csontp\u00f3tl\u00e1ssal v\u00e9gzett implant\u00e1ci\u00f3 ut\u00e1n a gy\u00f3gyul\u00e1si id\u0151 hosszabb folyamat, 5-6 h\u00f3napot is ig\u00e9nybe vehet. A sikeres eredm\u00e9nyhez, ak\u00e1rcsak valamennyi fog\u00e1szati kezel\u00e9s eset\u00e9ben, a p\u00e1ciens egy\u00fcttm\u0171k\u00f6d\u00e9s\u00e9re \u00e9s a pontos ut\u00f3gondoz\u00e1sra is sz\u00fcks\u00e9g van.<\/p>\n\n\n\n<div style=\"height:100px\" aria-hidden=\"true\" class=\"wp-block-spacer\"><\/div>\n\n\n\n<h3 class=\"wp-block-heading has-text-align-center\"><strong>Profi sz\u00e1jseb\u00e9szeti ell\u00e1t\u00e1st keres? K\u00e9rjen id\u0151pontot Csillaghegyen!<\/strong><\/h3>\n\n\n\n<p class=\"has-text-align-center\">Ne halogassa a sz\u00e1jseb\u00e9szeti probl\u00e9m\u00e1k kezel\u00e9s\u00e9t! A Csillaghegyi Fog\u00e1szati \u00e9s CT K\u00f6zpontban tapasztalt szakorvosok, modern technol\u00f3gia \u00e9s f\u00e1jdalommentes elj\u00e1r\u00e1sok v\u00e1rj\u00e1k \u00d6nt. Tegye meg az els\u0151 l\u00e9p\u00e9st az eg\u00e9szs\u00e9ges \u00e9s panaszmentes mosoly fel\u00e9!<\/p>\n\n\n\n<div class=\"wp-block-buttons is-content-justification-center is-layout-flex wp-container-core-buttons-is-layout-16018d1d wp-block-buttons-is-layout-flex\">\n<div class=\"wp-block-button\"><a class=\"wp-block-button__link wp-element-button\">ID\u0150PONTFOGLAL\u00c1S: +36 70 425 4125<\/a><\/div>\n<\/div>\n","protected":false},"excerpt":{"rendered":"<p>A sz\u00e1jseb\u00e9szeti beavatkoz\u00e1sok sokakban szorong\u00e1st kelthetnek, azonban a modern fog\u00e1szat \u00e9s a tapasztalt szakorvosok seg\u00edts\u00e9g\u00e9vel ezek a kezel\u00e9sek ma m\u00e1r rutinszer\u0171ek \u00e9s f\u00e1jdalommentesek. A Csillaghegyi Fog\u00e1szati \u00e9s CT K\u00f6zpontban elk\u00f6telezettek vagyunk amellett, hogy p\u00e1cienseink a lehet\u0151 legnagyobb biztons\u00e1gban \u00e9s komfortban \u00e9rezz\u00e9k magukat. Szak\u00e9rt\u0151 csapatunk \u00e9s legmodernebb diagnosztikai eszk\u00f6zeink, k\u00f6zt\u00fck a helyben el\u00e9rhet\u0151 3D CBCT, garant\u00e1lj\u00e1k&hellip; <br \/> <a class=\"read-more\" href=\"https:\/\/www.csh-dental.hu\/index.php\/sebeszet\/\">Read more<\/a><\/p>\n","protected":false},"author":1,"featured_media":0,"parent":0,"menu_order":0,"comment_status":"closed","ping_status":"closed","template":"","meta":{"footnotes":""},"class_list":["post-503","page","type-page","status-publish","hentry"],"yoast_head":"<!-- This site is optimized with the Yoast SEO plugin v27.2 - https:\/\/yoast.com\/product\/yoast-seo-wordpress\/ -->\n<title>Sz\u00e1jseb\u00e9szet Csillaghegy | B\u00f6lcsess\u00e9gfog, Implant\u00e1ci\u00f3, CT | Csillaghegyi Fog\u00e1szati K\u00f6zpont<\/title>\n<meta name=\"description\" content=\"Profi sz\u00e1jseb\u00e9szet Csillaghegyen! B\u00f6lcsess\u00e9gfog elt\u00e1vol\u00edt\u00e1s, implant\u00e1ci\u00f3, csontp\u00f3tl\u00e1s, gy\u00f6k\u00e9rcs\u00facs rezekci\u00f3 f\u00e1jdalommentesen. Helysz\u00edni CT diagnosztika. K\u00e9rjen id\u0151pontot!\" \/>\n<meta name=\"robots\" content=\"index, follow, max-snippet:-1, max-image-preview:large, max-video-preview:-1\" \/>\n<link rel=\"canonical\" href=\"https:\/\/www.csh-dental.hu\/index.php\/sebeszet\/\" \/>\n<meta property=\"og:locale\" content=\"hu_HU\" \/>\n<meta property=\"og:type\" content=\"article\" \/>\n<meta property=\"og:title\" content=\"Sz\u00e1jseb\u00e9szet Csillaghegy | B\u00f6lcsess\u00e9gfog, Implant\u00e1ci\u00f3, CT | Csillaghegyi Fog\u00e1szati K\u00f6zpont\" \/>\n<meta property=\"og:description\" content=\"Profi sz\u00e1jseb\u00e9szet Csillaghegyen! B\u00f6lcsess\u00e9gfog elt\u00e1vol\u00edt\u00e1s, implant\u00e1ci\u00f3, csontp\u00f3tl\u00e1s, gy\u00f6k\u00e9rcs\u00facs rezekci\u00f3 f\u00e1jdalommentesen. Helysz\u00edni CT diagnosztika. K\u00e9rjen id\u0151pontot!\" \/>\n<meta property=\"og:url\" content=\"https:\/\/www.csh-dental.hu\/index.php\/sebeszet\/\" \/>\n<meta property=\"og:site_name\" content=\"Csillaghegyi Fog\u00e1szati \u00e9s CT K\u00f6zpont\" \/>\n<meta property=\"article:publisher\" content=\"https:\/\/www.facebook.com\/cshdental\" \/>\n<meta property=\"article:modified_time\" content=\"2026-04-08T12:43:11+00:00\" \/>\n<meta name=\"twitter:card\" content=\"summary_large_image\" \/>\n<meta name=\"twitter:label1\" content=\"Becs\u00fclt olvas\u00e1si id\u0151\" \/>\n\t<meta name=\"twitter:data1\" content=\"3 perc\" \/>\n<script type=\"application\/ld+json\" class=\"yoast-schema-graph\">{\"@context\":\"https:\/\/schema.org\",\"@graph\":[{\"@type\":\"WebPage\",\"@id\":\"https:\/\/www.csh-dental.hu\/index.php\/sebeszet\/\",\"url\":\"https:\/\/www.csh-dental.hu\/index.php\/sebeszet\/\",\"name\":\"Sz\u00e1jseb\u00e9szet Csillaghegy | B\u00f6lcsess\u00e9gfog, Implant\u00e1ci\u00f3, CT | Csillaghegyi Fog\u00e1szati K\u00f6zpont\",\"isPartOf\":{\"@id\":\"https:\/\/www.csh-dental.hu\/#website\"},\"datePublished\":\"2025-08-24T19:04:09+00:00\",\"dateModified\":\"2026-04-08T12:43:11+00:00\",\"description\":\"Profi sz\u00e1jseb\u00e9szet Csillaghegyen! B\u00f6lcsess\u00e9gfog elt\u00e1vol\u00edt\u00e1s, implant\u00e1ci\u00f3, csontp\u00f3tl\u00e1s, gy\u00f6k\u00e9rcs\u00facs rezekci\u00f3 f\u00e1jdalommentesen. Helysz\u00edni CT diagnosztika. K\u00e9rjen id\u0151pontot!\",\"breadcrumb\":{\"@id\":\"https:\/\/www.csh-dental.hu\/index.php\/sebeszet\/#breadcrumb\"},\"inLanguage\":\"hu\",\"potentialAction\":[{\"@type\":\"ReadAction\",\"target\":[\"https:\/\/www.csh-dental.hu\/index.php\/sebeszet\/\"]}]},{\"@type\":\"BreadcrumbList\",\"@id\":\"https:\/\/www.csh-dental.hu\/index.php\/sebeszet\/#breadcrumb\",\"itemListElement\":[{\"@type\":\"ListItem\",\"position\":1,\"name\":\"Home\",\"item\":\"https:\/\/www.csh-dental.hu\/\"},{\"@type\":\"ListItem\",\"position\":2,\"name\":\"Sz\u00e1jseb\u00e9szet Csillaghegyen: F\u00e1jdalommentes \u00e9s prec\u00edz beavatkoz\u00e1sok\"}]},{\"@type\":\"WebSite\",\"@id\":\"https:\/\/www.csh-dental.hu\/#website\",\"url\":\"https:\/\/www.csh-dental.hu\/\",\"name\":\"Csillaghegyi Fog\u00e1szati \u00e9s CT K\u00f6zpont\",\"description\":\"\",\"publisher\":{\"@id\":\"https:\/\/www.csh-dental.hu\/#organization\"},\"alternateName\":\"Modern Fog\u00e1szat III. ker\u00fclet\",\"potentialAction\":[{\"@type\":\"SearchAction\",\"target\":{\"@type\":\"EntryPoint\",\"urlTemplate\":\"https:\/\/www.csh-dental.hu\/?s={search_term_string}\"},\"query-input\":{\"@type\":\"PropertyValueSpecification\",\"valueRequired\":true,\"valueName\":\"search_term_string\"}}],\"inLanguage\":\"hu\"},{\"@type\":\"Organization\",\"@id\":\"https:\/\/www.csh-dental.hu\/#organization\",\"name\":\"Csillaghegyi Fog\u00e1szati \u00e9s CT K\u00f6zpont\",\"url\":\"https:\/\/www.csh-dental.hu\/\",\"logo\":{\"@type\":\"ImageObject\",\"inLanguage\":\"hu\",\"@id\":\"https:\/\/www.csh-dental.hu\/#\/schema\/logo\/image\/\",\"url\":\"https:\/\/www.csh-dental.hu\/wp-content\/uploads\/2025\/11\/cropped-android-chrome-512x512-1.png\",\"contentUrl\":\"https:\/\/www.csh-dental.hu\/wp-content\/uploads\/2025\/11\/cropped-android-chrome-512x512-1.png\",\"width\":512,\"height\":512,\"caption\":\"Csillaghegyi Fog\u00e1szati \u00e9s CT K\u00f6zpont\"},\"image\":{\"@id\":\"https:\/\/www.csh-dental.hu\/#\/schema\/logo\/image\/\"},\"sameAs\":[\"https:\/\/www.facebook.com\/cshdental\",\"https:\/\/www.instagram.com\/csillaghegyifogaszat\/\"]}]}<\/script>\n<!-- \/ Yoast SEO plugin. -->","yoast_head_json":{"title":"Sz\u00e1jseb\u00e9szet Csillaghegy | B\u00f6lcsess\u00e9gfog, Implant\u00e1ci\u00f3, CT | Csillaghegyi Fog\u00e1szati K\u00f6zpont","description":"Profi sz\u00e1jseb\u00e9szet Csillaghegyen! B\u00f6lcsess\u00e9gfog elt\u00e1vol\u00edt\u00e1s, implant\u00e1ci\u00f3, csontp\u00f3tl\u00e1s, gy\u00f6k\u00e9rcs\u00facs rezekci\u00f3 f\u00e1jdalommentesen. Helysz\u00edni CT diagnosztika. K\u00e9rjen id\u0151pontot!","robots":{"index":"index","follow":"follow","max-snippet":"max-snippet:-1","max-image-preview":"max-image-preview:large","max-video-preview":"max-video-preview:-1"},"canonical":"https:\/\/www.csh-dental.hu\/index.php\/sebeszet\/","og_locale":"hu_HU","og_type":"article","og_title":"Sz\u00e1jseb\u00e9szet Csillaghegy | B\u00f6lcsess\u00e9gfog, Implant\u00e1ci\u00f3, CT | Csillaghegyi Fog\u00e1szati K\u00f6zpont","og_description":"Profi sz\u00e1jseb\u00e9szet Csillaghegyen! B\u00f6lcsess\u00e9gfog elt\u00e1vol\u00edt\u00e1s, implant\u00e1ci\u00f3, csontp\u00f3tl\u00e1s, gy\u00f6k\u00e9rcs\u00facs rezekci\u00f3 f\u00e1jdalommentesen. Helysz\u00edni CT diagnosztika. K\u00e9rjen id\u0151pontot!","og_url":"https:\/\/www.csh-dental.hu\/index.php\/sebeszet\/","og_site_name":"Csillaghegyi Fog\u00e1szati \u00e9s CT K\u00f6zpont","article_publisher":"https:\/\/www.facebook.com\/cshdental","article_modified_time":"2026-04-08T12:43:11+00:00","twitter_card":"summary_large_image","twitter_misc":{"Becs\u00fclt olvas\u00e1si id\u0151":"3 perc"},"schema":{"@context":"https:\/\/schema.org","@graph":[{"@type":"WebPage","@id":"https:\/\/www.csh-dental.hu\/index.php\/sebeszet\/","url":"https:\/\/www.csh-dental.hu\/index.php\/sebeszet\/","name":"Sz\u00e1jseb\u00e9szet Csillaghegy | B\u00f6lcsess\u00e9gfog, Implant\u00e1ci\u00f3, CT | Csillaghegyi Fog\u00e1szati K\u00f6zpont","isPartOf":{"@id":"https:\/\/www.csh-dental.hu\/#website"},"datePublished":"2025-08-24T19:04:09+00:00","dateModified":"2026-04-08T12:43:11+00:00","description":"Profi sz\u00e1jseb\u00e9szet Csillaghegyen! B\u00f6lcsess\u00e9gfog elt\u00e1vol\u00edt\u00e1s, implant\u00e1ci\u00f3, csontp\u00f3tl\u00e1s, gy\u00f6k\u00e9rcs\u00facs rezekci\u00f3 f\u00e1jdalommentesen. Helysz\u00edni CT diagnosztika. K\u00e9rjen id\u0151pontot!","breadcrumb":{"@id":"https:\/\/www.csh-dental.hu\/index.php\/sebeszet\/#breadcrumb"},"inLanguage":"hu","potentialAction":[{"@type":"ReadAction","target":["https:\/\/www.csh-dental.hu\/index.php\/sebeszet\/"]}]},{"@type":"BreadcrumbList","@id":"https:\/\/www.csh-dental.hu\/index.php\/sebeszet\/#breadcrumb","itemListElement":[{"@type":"ListItem","position":1,"name":"Home","item":"https:\/\/www.csh-dental.hu\/"},{"@type":"ListItem","position":2,"name":"Sz\u00e1jseb\u00e9szet Csillaghegyen: F\u00e1jdalommentes \u00e9s prec\u00edz beavatkoz\u00e1sok"}]},{"@type":"WebSite","@id":"https:\/\/www.csh-dental.hu\/#website","url":"https:\/\/www.csh-dental.hu\/","name":"Csillaghegyi Fog\u00e1szati \u00e9s CT K\u00f6zpont","description":"","publisher":{"@id":"https:\/\/www.csh-dental.hu\/#organization"},"alternateName":"Modern Fog\u00e1szat III. ker\u00fclet","potentialAction":[{"@type":"SearchAction","target":{"@type":"EntryPoint","urlTemplate":"https:\/\/www.csh-dental.hu\/?s={search_term_string}"},"query-input":{"@type":"PropertyValueSpecification","valueRequired":true,"valueName":"search_term_string"}}],"inLanguage":"hu"},{"@type":"Organization","@id":"https:\/\/www.csh-dental.hu\/#organization","name":"Csillaghegyi Fog\u00e1szati \u00e9s CT K\u00f6zpont","url":"https:\/\/www.csh-dental.hu\/","logo":{"@type":"ImageObject","inLanguage":"hu","@id":"https:\/\/www.csh-dental.hu\/#\/schema\/logo\/image\/","url":"https:\/\/www.csh-dental.hu\/wp-content\/uploads\/2025\/11\/cropped-android-chrome-512x512-1.png","contentUrl":"https:\/\/www.csh-dental.hu\/wp-content\/uploads\/2025\/11\/cropped-android-chrome-512x512-1.png","width":512,"height":512,"caption":"Csillaghegyi Fog\u00e1szati \u00e9s CT K\u00f6zpont"},"image":{"@id":"https:\/\/www.csh-dental.hu\/#\/schema\/logo\/image\/"},"sameAs":["https:\/\/www.facebook.com\/cshdental","https:\/\/www.instagram.com\/csillaghegyifogaszat\/"]}]}},"_links":{"self":[{"href":"https:\/\/www.csh-dental.hu\/index.php\/wp-json\/wp\/v2\/pages\/503","targetHints":{"allow":["GET"]}}],"collection":[{"href":"https:\/\/www.csh-dental.hu\/index.php\/wp-json\/wp\/v2\/pages"}],"about":[{"href":"https:\/\/www.csh-dental.hu\/index.php\/wp-json\/wp\/v2\/types\/page"}],"author":[{"embeddable":true,"href":"https:\/\/www.csh-dental.hu\/index.php\/wp-json\/wp\/v2\/users\/1"}],"replies":[{"embeddable":true,"href":"https:\/\/www.csh-dental.hu\/index.php\/wp-json\/wp\/v2\/comments?post=503"}],"version-history":[{"count":6,"href":"https:\/\/www.csh-dental.hu\/index.php\/wp-json\/wp\/v2\/pages\/503\/revisions"}],"predecessor-version":[{"id":1192,"href":"https:\/\/www.csh-dental.hu\/index.php\/wp-json\/wp\/v2\/pages\/503\/revisions\/1192"}],"wp:attachment":[{"href":"https:\/\/www.csh-dental.hu\/index.php\/wp-json\/wp\/v2\/media?parent=503"}],"curies":[{"name":"wp","href":"https:\/\/api.w.org\/{rel}","templated":true}]}}