{"id":568,"date":"2025-11-04T19:54:01","date_gmt":"2025-11-04T19:54:01","guid":{"rendered":"https:\/\/www.csh-dental.hu\/?page_id=568"},"modified":"2026-03-23T20:45:53","modified_gmt":"2026-03-23T20:45:53","slug":"betin-szilvia","status":"publish","type":"page","link":"https:\/\/www.csh-dental.hu\/index.php\/betin-szilvia\/","title":{"rendered":"Kis Kamilla: Az \u00d6n dent\u00e1lhigi\u00e9nikusa \u00e9s iTOP tan\u00e1csad\u00f3ja Budapesten"},"content":{"rendered":"\n<h3 class=\"wp-block-heading\"><strong><img decoding=\"async\" class=\"alignleft wp-image-2179\" src=\"https:\/\/www.csh-dental.hu\/wp-content\/uploads\/2026\/02\/KisSzilvia.jpg\" alt=\"\" width=\"300\">Szakmai Elhivatotts\u00e1g \u00e9s Tapasztalat<\/strong><\/h3>\n\n\n\n<p>A fog\u00e1szat sz\u00e1momra nem csup\u00e1n egy szakma, hanem sz\u00edvb\u0151l j\u00f6v\u0151 hivat\u00e1s. 2018-ban fog\u00e1szati asszisztensk\u00e9nt, majd 2019-ben dent\u00e1lhigi\u00e9nikusk\u00e9nt dics\u00e9rettel v\u00e9geztem.<\/p>\n\n\n\n<h3 class=\"wp-block-heading\"><strong>Emp\u00e1tia \u00e9s Szem\u00e9lyes Odafigyel\u00e9s<\/strong><\/h3>\n\n\n\n<p>Tapasztalom, hogy sok ember sz\u00e1m\u00e1ra a fog\u00e1szati kezel\u00e9sek m\u00e9g ma is stresszt vagy f\u00e9lelmet jelentenek, gyakran gyermekkori rossz \u00e9lm\u00e9nyek miatt. Ez\u00e9rt k\u00fcl\u00f6n\u00f6sen fontos sz\u00e1momra az ilyen p\u00e1ciensek t\u00e1mogat\u00e1sa. Munk\u00e1m sor\u00e1n az emp\u00e1tia \u00e9s a szem\u00e9lyes odafigyel\u00e9s kiemelt szerepet kap.<\/p>\n\n\n\n<h3 class=\"wp-block-heading\"><strong>A komfortos kezel\u00e9s\u00e9rt dolgozom<\/strong><\/h3>\n\n\n\n<p>\u00dagy gondolom, egy j\u00f3l k\u00e9pzett, figyelmes orvos mellett az \u00e9n szerepem is meghat\u00e1roz\u00f3. Feladatom nemcsak az orvos munk\u00e1j\u00e1nak hat\u00e9kony t\u00e1mogat\u00e1sa, hanem az is, hogy a p\u00e1ciens sz\u00e1m\u00e1ra a kezel\u00e9s min\u00e9l komfortosabb legyen.<\/p>\n\n\n\n<h3 class=\"wp-block-heading\"><strong>iTOP Tan\u00e1csad\u00e1s: Az \u00d6n Eg\u00e9szs\u00e9ges Mosoly\u00e1\u00e9rt<\/strong><\/h3>\n\n\n\n<p><strong>iTOP Tan\u00e1csad\u00e1s: Szem\u00e9lyre Szabott Sz\u00e1jhigi\u00e9niai Oktat\u00e1s<\/strong><\/p>\n\n\n\n<p>Munk\u00e1m sor\u00e1n kiemelt figyelmet ford\u00edtok az <strong>iTOP (individually Trained Oral Prophylaxis)<\/strong> tan\u00e1csad\u00e1sra is. Az iTOP seg\u00edt a p\u00e1ciensek egy\u00e9ni sz\u00e1jhigi\u00e9niai ig\u00e9nyeinek felm\u00e9r\u00e9s\u00e9ben, \u00e9s a megfelel\u0151 prevenci\u00f3s strat\u00e9gia kidolgoz\u00e1s\u00e1ban. Nemcsak megtan\u00edtom a helyes fogmos\u00e1si technik\u00e1kat, hanem seg\u00edtek kiv\u00e1lasztani a legmegfelel\u0151bb eszk\u00f6z\u00f6ket is, hogy \u00d6n otthon\u00e1ban is hat\u00e9konyan gondoskodhasson fogai eg\u00e9szs\u00e9g\u00e9r\u0151l.<\/p>\n\n\n\n<h3 class=\"wp-block-heading\"><strong>A Megel\u0151z\u00e9s a J\u00f6v\u0151<\/strong><\/h3>\n\n\n\n<p>C\u00e9lom, hogy olyan csapatban dolgozzam, ahol szakmai tud\u00e1som \u00e9s emberi hozz\u00e1\u00e1ll\u00e1som egyar\u00e1nt hozz\u00e1j\u00e1rul a k\u00f6z\u00f6s munk\u00e1hoz, ahol a mosoly nemcsak sz\u00e9p, hanem \u0151szinte is. Hiszem, hogy a szeretetteljes \u00e9s figyelmes hozz\u00e1\u00e1ll\u00e1s \u00e9ppolyan fontos r\u00e9sze a sikeres kezel\u00e9seknek, mint a szakmai precizit\u00e1s.<\/p>\n\n\n\n<h3 class=\"wp-block-heading\"><strong>B\u00edzom benne, hogy hossz\u00fa t\u00e1von&#8230;<\/strong><\/h3>\n\n\n\n<p>&#8230;munk\u00e1nk eredm\u00e9nyek\u00e9nt egy olyan gener\u00e1ci\u00f3 n\u0151 fel, amely sz\u00e1m\u00e1ra a fog\u00e1szatban a megel\u0151z\u00e9s v\u00e1lik term\u00e9szetes szok\u00e1ss\u00e1, \u00e9s \u00edgy a kezel\u00e9seket m\u00e1r f\u00e9lelem \u00e9s trauma n\u00e9lk\u00fcl \u00e9lhetik meg. Ezen dolgozom nap mint nap.<\/p>\n\n\n\n<p>Ismerje meg <a href=\"https:\/\/www.csh-dental.hu\/index.php\/kezelesek\/\"><strong>szolg\u00e1ltat\u00e1sainkat<\/strong><\/a>!<\/p>\n\n\n\n<h3 class=\"wp-block-heading\">K\u00e9szen \u00e1ll arra, hogy profi dent\u00e1lhigi\u00e9nikus \u00e9s iTOP tan\u00e1csad\u00f3 seg\u00edts\u00e9g\u00e9vel gondoskodjon fogai eg\u00e9szs\u00e9g\u00e9r\u0151l? <\/h3>\n\n\n\n<div class=\"wp-block-buttons is-layout-flex wp-block-buttons-is-layout-flex\">\n<div class=\"wp-block-button\"><a class=\"wp-block-button__link wp-element-button\" href=\"https:\/\/www.csh-dental.hu\/index.php\/kapcsolat\/\">K\u00e9rjen id\u0151pontot konzult\u00e1ci\u00f3ra m\u00e9g ma!<\/a><\/div>\n<\/div>\n","protected":false},"excerpt":{"rendered":"<p>Szakmai Elhivatotts\u00e1g \u00e9s Tapasztalat A fog\u00e1szat sz\u00e1momra nem csup\u00e1n egy szakma, hanem sz\u00edvb\u0151l j\u00f6v\u0151 hivat\u00e1s. 2018-ban fog\u00e1szati asszisztensk\u00e9nt, majd 2019-ben dent\u00e1lhigi\u00e9nikusk\u00e9nt dics\u00e9rettel v\u00e9geztem. Emp\u00e1tia \u00e9s Szem\u00e9lyes Odafigyel\u00e9s Tapasztalom, hogy sok ember sz\u00e1m\u00e1ra a fog\u00e1szati kezel\u00e9sek m\u00e9g ma is stresszt vagy f\u00e9lelmet jelentenek, gyakran gyermekkori rossz \u00e9lm\u00e9nyek miatt. Ez\u00e9rt k\u00fcl\u00f6n\u00f6sen fontos sz\u00e1momra az ilyen p\u00e1ciensek t\u00e1mogat\u00e1sa.&hellip; <br \/> <a class=\"read-more\" href=\"https:\/\/www.csh-dental.hu\/index.php\/betin-szilvia\/\">Read more<\/a><\/p>\n","protected":false},"author":1,"featured_media":0,"parent":0,"menu_order":0,"comment_status":"closed","ping_status":"closed","template":"","meta":{"footnotes":""},"class_list":["post-568","page","type-page","status-publish","hentry"],"yoast_head":"<!-- This site is optimized with the Yoast SEO plugin v27.2 - https:\/\/yoast.com\/product\/yoast-seo-wordpress\/ -->\n<title>Kis Szilvia Dent\u00e1lhigi\u00e9nikus Budapest | iTOP Tan\u00e1csad\u00f3 | Csillaghegyi Fog\u00e1szati K\u00f6zpont<\/title>\n<meta name=\"description\" content=\"Ismerje meg Kis Szilvi\u00e1t, Budapest elhivatott dent\u00e1lhigi\u00e9nikus\u00e1t \u00e9s iTOP tan\u00e1csad\u00f3j\u00e1t! Emp\u00e1tia, szem\u00e9lyes odafigyel\u00e9s \u00e9s professzion\u00e1lis sz\u00e1jhigi\u00e9niai oktat\u00e1s az \u00d6n eg\u00e9szs\u00e9ges mosoly\u00e1\u00e9rt. Kattintson a r\u00e9szletek\u00e9rt!\" \/>\n<meta name=\"robots\" content=\"index, follow, max-snippet:-1, max-image-preview:large, max-video-preview:-1\" \/>\n<link rel=\"canonical\" href=\"https:\/\/www.csh-dental.hu\/index.php\/betin-szilvia\/\" \/>\n<meta property=\"og:locale\" content=\"hu_HU\" \/>\n<meta property=\"og:type\" content=\"article\" \/>\n<meta property=\"og:title\" content=\"Kis Szilvia Dent\u00e1lhigi\u00e9nikus Budapest | iTOP Tan\u00e1csad\u00f3 | Csillaghegyi Fog\u00e1szati K\u00f6zpont\" \/>\n<meta property=\"og:description\" content=\"Ismerje meg Kis Szilvi\u00e1t, Budapest elhivatott dent\u00e1lhigi\u00e9nikus\u00e1t \u00e9s iTOP tan\u00e1csad\u00f3j\u00e1t! Emp\u00e1tia, szem\u00e9lyes odafigyel\u00e9s \u00e9s professzion\u00e1lis sz\u00e1jhigi\u00e9niai oktat\u00e1s az \u00d6n eg\u00e9szs\u00e9ges mosoly\u00e1\u00e9rt. Kattintson a r\u00e9szletek\u00e9rt!\" \/>\n<meta property=\"og:url\" content=\"https:\/\/www.csh-dental.hu\/index.php\/betin-szilvia\/\" \/>\n<meta property=\"og:site_name\" content=\"Csillaghegyi Fog\u00e1szati \u00e9s CT K\u00f6zpont\" \/>\n<meta property=\"article:publisher\" content=\"https:\/\/www.facebook.com\/cshdental\" \/>\n<meta property=\"article:modified_time\" content=\"2026-03-23T20:45:53+00:00\" \/>\n<meta property=\"og:image\" content=\"http:\/\/www.csh-dental.hu\/wp-content\/uploads\/2026\/02\/KisSzilvia.jpg\" \/>\n<meta name=\"twitter:card\" content=\"summary_large_image\" \/>\n<meta name=\"twitter:label1\" content=\"Becs\u00fclt olvas\u00e1si id\u0151\" \/>\n\t<meta name=\"twitter:data1\" content=\"2 perc\" \/>\n<script type=\"application\/ld+json\" class=\"yoast-schema-graph\">{\"@context\":\"https:\/\/schema.org\",\"@graph\":[{\"@type\":\"WebPage\",\"@id\":\"https:\/\/www.csh-dental.hu\/index.php\/betin-szilvia\/\",\"url\":\"https:\/\/www.csh-dental.hu\/index.php\/betin-szilvia\/\",\"name\":\"Kis Szilvia Dent\u00e1lhigi\u00e9nikus Budapest | iTOP Tan\u00e1csad\u00f3 | Csillaghegyi Fog\u00e1szati K\u00f6zpont\",\"isPartOf\":{\"@id\":\"https:\/\/www.csh-dental.hu\/#website\"},\"primaryImageOfPage\":{\"@id\":\"https:\/\/www.csh-dental.hu\/index.php\/betin-szilvia\/#primaryimage\"},\"image\":{\"@id\":\"https:\/\/www.csh-dental.hu\/index.php\/betin-szilvia\/#primaryimage\"},\"thumbnailUrl\":\"http:\/\/www.csh-dental.hu\/wp-content\/uploads\/2026\/02\/KisSzilvia.jpg\",\"datePublished\":\"2025-11-04T19:54:01+00:00\",\"dateModified\":\"2026-03-23T20:45:53+00:00\",\"description\":\"Ismerje meg Kis Szilvi\u00e1t, Budapest elhivatott dent\u00e1lhigi\u00e9nikus\u00e1t \u00e9s iTOP tan\u00e1csad\u00f3j\u00e1t! Emp\u00e1tia, szem\u00e9lyes odafigyel\u00e9s \u00e9s professzion\u00e1lis sz\u00e1jhigi\u00e9niai oktat\u00e1s az \u00d6n eg\u00e9szs\u00e9ges mosoly\u00e1\u00e9rt. Kattintson a r\u00e9szletek\u00e9rt!\",\"breadcrumb\":{\"@id\":\"https:\/\/www.csh-dental.hu\/index.php\/betin-szilvia\/#breadcrumb\"},\"inLanguage\":\"hu\",\"potentialAction\":[{\"@type\":\"ReadAction\",\"target\":[\"https:\/\/www.csh-dental.hu\/index.php\/betin-szilvia\/\"]}]},{\"@type\":\"ImageObject\",\"inLanguage\":\"hu\",\"@id\":\"https:\/\/www.csh-dental.hu\/index.php\/betin-szilvia\/#primaryimage\",\"url\":\"http:\/\/www.csh-dental.hu\/wp-content\/uploads\/2026\/02\/KisSzilvia.jpg\",\"contentUrl\":\"http:\/\/www.csh-dental.hu\/wp-content\/uploads\/2026\/02\/KisSzilvia.jpg\"},{\"@type\":\"BreadcrumbList\",\"@id\":\"https:\/\/www.csh-dental.hu\/index.php\/betin-szilvia\/#breadcrumb\",\"itemListElement\":[{\"@type\":\"ListItem\",\"position\":1,\"name\":\"Home\",\"item\":\"https:\/\/www.csh-dental.hu\/\"},{\"@type\":\"ListItem\",\"position\":2,\"name\":\"Kis Kamilla: Az \u00d6n dent\u00e1lhigi\u00e9nikusa \u00e9s iTOP tan\u00e1csad\u00f3ja Budapesten\"}]},{\"@type\":\"WebSite\",\"@id\":\"https:\/\/www.csh-dental.hu\/#website\",\"url\":\"https:\/\/www.csh-dental.hu\/\",\"name\":\"Csillaghegyi Fog\u00e1szati \u00e9s CT K\u00f6zpont\",\"description\":\"\",\"publisher\":{\"@id\":\"https:\/\/www.csh-dental.hu\/#organization\"},\"alternateName\":\"Modern Fog\u00e1szat III. ker\u00fclet\",\"potentialAction\":[{\"@type\":\"SearchAction\",\"target\":{\"@type\":\"EntryPoint\",\"urlTemplate\":\"https:\/\/www.csh-dental.hu\/?s={search_term_string}\"},\"query-input\":{\"@type\":\"PropertyValueSpecification\",\"valueRequired\":true,\"valueName\":\"search_term_string\"}}],\"inLanguage\":\"hu\"},{\"@type\":\"Organization\",\"@id\":\"https:\/\/www.csh-dental.hu\/#organization\",\"name\":\"Csillaghegyi Fog\u00e1szati \u00e9s CT K\u00f6zpont\",\"url\":\"https:\/\/www.csh-dental.hu\/\",\"logo\":{\"@type\":\"ImageObject\",\"inLanguage\":\"hu\",\"@id\":\"https:\/\/www.csh-dental.hu\/#\/schema\/logo\/image\/\",\"url\":\"https:\/\/www.csh-dental.hu\/wp-content\/uploads\/2025\/11\/cropped-android-chrome-512x512-1.png\",\"contentUrl\":\"https:\/\/www.csh-dental.hu\/wp-content\/uploads\/2025\/11\/cropped-android-chrome-512x512-1.png\",\"width\":512,\"height\":512,\"caption\":\"Csillaghegyi Fog\u00e1szati \u00e9s CT K\u00f6zpont\"},\"image\":{\"@id\":\"https:\/\/www.csh-dental.hu\/#\/schema\/logo\/image\/\"},\"sameAs\":[\"https:\/\/www.facebook.com\/cshdental\",\"https:\/\/www.instagram.com\/csillaghegyifogaszat\/\"]}]}<\/script>\n<!-- \/ Yoast SEO plugin. -->","yoast_head_json":{"title":"Kis Szilvia Dent\u00e1lhigi\u00e9nikus Budapest | iTOP Tan\u00e1csad\u00f3 | Csillaghegyi Fog\u00e1szati K\u00f6zpont","description":"Ismerje meg Kis Szilvi\u00e1t, Budapest elhivatott dent\u00e1lhigi\u00e9nikus\u00e1t \u00e9s iTOP tan\u00e1csad\u00f3j\u00e1t! Emp\u00e1tia, szem\u00e9lyes odafigyel\u00e9s \u00e9s professzion\u00e1lis sz\u00e1jhigi\u00e9niai oktat\u00e1s az \u00d6n eg\u00e9szs\u00e9ges mosoly\u00e1\u00e9rt. Kattintson a r\u00e9szletek\u00e9rt!","robots":{"index":"index","follow":"follow","max-snippet":"max-snippet:-1","max-image-preview":"max-image-preview:large","max-video-preview":"max-video-preview:-1"},"canonical":"https:\/\/www.csh-dental.hu\/index.php\/betin-szilvia\/","og_locale":"hu_HU","og_type":"article","og_title":"Kis Szilvia Dent\u00e1lhigi\u00e9nikus Budapest | iTOP Tan\u00e1csad\u00f3 | Csillaghegyi Fog\u00e1szati K\u00f6zpont","og_description":"Ismerje meg Kis Szilvi\u00e1t, Budapest elhivatott dent\u00e1lhigi\u00e9nikus\u00e1t \u00e9s iTOP tan\u00e1csad\u00f3j\u00e1t! Emp\u00e1tia, szem\u00e9lyes odafigyel\u00e9s \u00e9s professzion\u00e1lis sz\u00e1jhigi\u00e9niai oktat\u00e1s az \u00d6n eg\u00e9szs\u00e9ges mosoly\u00e1\u00e9rt. Kattintson a r\u00e9szletek\u00e9rt!","og_url":"https:\/\/www.csh-dental.hu\/index.php\/betin-szilvia\/","og_site_name":"Csillaghegyi Fog\u00e1szati \u00e9s CT K\u00f6zpont","article_publisher":"https:\/\/www.facebook.com\/cshdental","article_modified_time":"2026-03-23T20:45:53+00:00","og_image":[{"url":"http:\/\/www.csh-dental.hu\/wp-content\/uploads\/2026\/02\/KisSzilvia.jpg","type":"","width":"","height":""}],"twitter_card":"summary_large_image","twitter_misc":{"Becs\u00fclt olvas\u00e1si id\u0151":"2 perc"},"schema":{"@context":"https:\/\/schema.org","@graph":[{"@type":"WebPage","@id":"https:\/\/www.csh-dental.hu\/index.php\/betin-szilvia\/","url":"https:\/\/www.csh-dental.hu\/index.php\/betin-szilvia\/","name":"Kis Szilvia Dent\u00e1lhigi\u00e9nikus Budapest | iTOP Tan\u00e1csad\u00f3 | Csillaghegyi Fog\u00e1szati K\u00f6zpont","isPartOf":{"@id":"https:\/\/www.csh-dental.hu\/#website"},"primaryImageOfPage":{"@id":"https:\/\/www.csh-dental.hu\/index.php\/betin-szilvia\/#primaryimage"},"image":{"@id":"https:\/\/www.csh-dental.hu\/index.php\/betin-szilvia\/#primaryimage"},"thumbnailUrl":"http:\/\/www.csh-dental.hu\/wp-content\/uploads\/2026\/02\/KisSzilvia.jpg","datePublished":"2025-11-04T19:54:01+00:00","dateModified":"2026-03-23T20:45:53+00:00","description":"Ismerje meg Kis Szilvi\u00e1t, Budapest elhivatott dent\u00e1lhigi\u00e9nikus\u00e1t \u00e9s iTOP tan\u00e1csad\u00f3j\u00e1t! Emp\u00e1tia, szem\u00e9lyes odafigyel\u00e9s \u00e9s professzion\u00e1lis sz\u00e1jhigi\u00e9niai oktat\u00e1s az \u00d6n eg\u00e9szs\u00e9ges mosoly\u00e1\u00e9rt. Kattintson a r\u00e9szletek\u00e9rt!","breadcrumb":{"@id":"https:\/\/www.csh-dental.hu\/index.php\/betin-szilvia\/#breadcrumb"},"inLanguage":"hu","potentialAction":[{"@type":"ReadAction","target":["https:\/\/www.csh-dental.hu\/index.php\/betin-szilvia\/"]}]},{"@type":"ImageObject","inLanguage":"hu","@id":"https:\/\/www.csh-dental.hu\/index.php\/betin-szilvia\/#primaryimage","url":"http:\/\/www.csh-dental.hu\/wp-content\/uploads\/2026\/02\/KisSzilvia.jpg","contentUrl":"http:\/\/www.csh-dental.hu\/wp-content\/uploads\/2026\/02\/KisSzilvia.jpg"},{"@type":"BreadcrumbList","@id":"https:\/\/www.csh-dental.hu\/index.php\/betin-szilvia\/#breadcrumb","itemListElement":[{"@type":"ListItem","position":1,"name":"Home","item":"https:\/\/www.csh-dental.hu\/"},{"@type":"ListItem","position":2,"name":"Kis Kamilla: Az \u00d6n dent\u00e1lhigi\u00e9nikusa \u00e9s iTOP tan\u00e1csad\u00f3ja Budapesten"}]},{"@type":"WebSite","@id":"https:\/\/www.csh-dental.hu\/#website","url":"https:\/\/www.csh-dental.hu\/","name":"Csillaghegyi Fog\u00e1szati \u00e9s CT K\u00f6zpont","description":"","publisher":{"@id":"https:\/\/www.csh-dental.hu\/#organization"},"alternateName":"Modern Fog\u00e1szat III. ker\u00fclet","potentialAction":[{"@type":"SearchAction","target":{"@type":"EntryPoint","urlTemplate":"https:\/\/www.csh-dental.hu\/?s={search_term_string}"},"query-input":{"@type":"PropertyValueSpecification","valueRequired":true,"valueName":"search_term_string"}}],"inLanguage":"hu"},{"@type":"Organization","@id":"https:\/\/www.csh-dental.hu\/#organization","name":"Csillaghegyi Fog\u00e1szati \u00e9s CT K\u00f6zpont","url":"https:\/\/www.csh-dental.hu\/","logo":{"@type":"ImageObject","inLanguage":"hu","@id":"https:\/\/www.csh-dental.hu\/#\/schema\/logo\/image\/","url":"https:\/\/www.csh-dental.hu\/wp-content\/uploads\/2025\/11\/cropped-android-chrome-512x512-1.png","contentUrl":"https:\/\/www.csh-dental.hu\/wp-content\/uploads\/2025\/11\/cropped-android-chrome-512x512-1.png","width":512,"height":512,"caption":"Csillaghegyi Fog\u00e1szati \u00e9s CT K\u00f6zpont"},"image":{"@id":"https:\/\/www.csh-dental.hu\/#\/schema\/logo\/image\/"},"sameAs":["https:\/\/www.facebook.com\/cshdental","https:\/\/www.instagram.com\/csillaghegyifogaszat\/"]}]}},"_links":{"self":[{"href":"https:\/\/www.csh-dental.hu\/index.php\/wp-json\/wp\/v2\/pages\/568","targetHints":{"allow":["GET"]}}],"collection":[{"href":"https:\/\/www.csh-dental.hu\/index.php\/wp-json\/wp\/v2\/pages"}],"about":[{"href":"https:\/\/www.csh-dental.hu\/index.php\/wp-json\/wp\/v2\/types\/page"}],"author":[{"embeddable":true,"href":"https:\/\/www.csh-dental.hu\/index.php\/wp-json\/wp\/v2\/users\/1"}],"replies":[{"embeddable":true,"href":"https:\/\/www.csh-dental.hu\/index.php\/wp-json\/wp\/v2\/comments?post=568"}],"version-history":[{"count":10,"href":"https:\/\/www.csh-dental.hu\/index.php\/wp-json\/wp\/v2\/pages\/568\/revisions"}],"predecessor-version":[{"id":1155,"href":"https:\/\/www.csh-dental.hu\/index.php\/wp-json\/wp\/v2\/pages\/568\/revisions\/1155"}],"wp:attachment":[{"href":"https:\/\/www.csh-dental.hu\/index.php\/wp-json\/wp\/v2\/media?parent=568"}],"curies":[{"name":"wp","href":"https:\/\/api.w.org\/{rel}","templated":true}]}}