{"id":762,"date":"2026-02-04T21:48:46","date_gmt":"2026-02-04T21:48:46","guid":{"rendered":"https:\/\/www.csh-dental.hu\/?page_id=762"},"modified":"2026-02-04T21:52:18","modified_gmt":"2026-02-04T21:52:18","slug":"dr-mehes-eszter","status":"publish","type":"page","link":"https:\/\/www.csh-dental.hu\/index.php\/dr-mehes-eszter\/","title":{"rendered":"Dr. M\u00e9hes Eszter"},"content":{"rendered":"\n<p style=\"text-align: justify;\"><img decoding=\"async\" class=\"alignleft wp-image-2179\" src=\"https:\/\/www.csh-dental.hu\/wp-content\/uploads\/2026\/01\/cropped-cropped-BGER0093.jpg\" alt=\"\" width=\"300\" >Tanulm\u00e1nyaimat a Semmelweis Egyetem Fogorvostudom\u00e1nyi Kar\u00e1n folytattam, azonban az orvostudom\u00e1ny ir\u00e1nti komolyabb \u00e9rdekl\u0151d\u00e9sem m\u00e1r a gimn\u00e1ziumi \u00e9veim sor\u00e1n kialakult. Tudtam, hogy egy olyan munk\u00e1t szeretn\u00e9k v\u00e9gezni, mely \u00e1ltal napi kapcsolatba ker\u00fclhetek az emberekkel. Egyetemi \u00e9veim alatt betekint\u00e9st nyerhettem a fog\u00e1szat k\u00fcl\u00f6nb\u00f6z\u0151 ter\u00fcleteibe, megtanultam szervezetten, csapatban dolgozni, valamint hat\u00e9konyan kommunik\u00e1lni a p\u00e1ciensekkel, amit fogorvosi munk\u00e1m sor\u00e1n is kamatoztatok. \n<br><br>\n\nMeggy\u0151z\u0151d\u00e9sem, hogy az emp\u00e1tia \u00e9s a k\u00f6lcs\u00f6n\u00f6s bizalmon alapul\u00f3 orvos- beteg kapcsolat elengedhetetlen pill\u00e9rei a sikeres fogorvosi munk\u00e1nak. Hivat\u00e1somban nagy hangs\u00falyt fektetek a prevenci\u00f3ra, tov\u00e1bb\u00e1 p\u00e1cienseim pontos, teljes k\u00f6r\u0171 t\u00e1j\u00e9koztat\u00e1s\u00e1ra.  C\u00e9lom, hogy a p\u00e1ciensek el\u00e9gedetts\u00e9g\u00e9t szem el\u0151tt tartva \u00e9s kitart\u00f3, szorgalmas munk\u00e1val hozz\u00e1j\u00e1rulhassak a min\u0151s\u00e9gi betegell\u00e1t\u00e1shoz.\n<br><br>\n","protected":false},"excerpt":{"rendered":"<p>Tanulm\u00e1nyaimat a Semmelweis Egyetem Fogorvostudom\u00e1nyi Kar\u00e1n folytattam, azonban az orvostudom\u00e1ny ir\u00e1nti komolyabb \u00e9rdekl\u0151d\u00e9sem m\u00e1r a gimn\u00e1ziumi \u00e9veim sor\u00e1n kialakult. Tudtam, hogy egy olyan munk\u00e1t szeretn\u00e9k v\u00e9gezni, mely \u00e1ltal napi kapcsolatba ker\u00fclhetek az emberekkel. Egyetemi \u00e9veim alatt betekint\u00e9st nyerhettem a fog\u00e1szat k\u00fcl\u00f6nb\u00f6z\u0151 ter\u00fcleteibe, megtanultam szervezetten, csapatban dolgozni, valamint hat\u00e9konyan kommunik\u00e1lni a p\u00e1ciensekkel, amit fogorvosi munk\u00e1m sor\u00e1n&hellip; <br \/> <a class=\"read-more\" href=\"https:\/\/www.csh-dental.hu\/index.php\/dr-mehes-eszter\/\">Read more<\/a><\/p>\n","protected":false},"author":1,"featured_media":0,"parent":0,"menu_order":0,"comment_status":"closed","ping_status":"closed","template":"","meta":{"footnotes":""},"class_list":["post-762","page","type-page","status-publish","hentry"],"yoast_head":"<!-- This site is optimized with the Yoast SEO plugin v27.2 - https:\/\/yoast.com\/product\/yoast-seo-wordpress\/ -->\n<title>Min\u0151s\u00e9gi Fog\u00e1szati Rendel\u0151 III. ker\u00fclet | Modern CT Diagnosztika | Csillaghegyi Fog\u00e1szat<\/title>\n<meta name=\"description\" content=\"Keressen megb\u00edzhat\u00f3 fog\u00e1szati rendel\u0151t a III. ker\u00fcletben? A Csillaghegyi Fog\u00e1szat \u00e1tfog\u00f3 ell\u00e1t\u00e1st ny\u00fajt, helyben el\u00e9rhet\u0151 3D CT-vel. Min\u0151s\u00e9g, k\u00e9nyelem, kedvez\u0151 \u00e1rak. Kattintson a r\u00e9szletek\u00e9rt!\" \/>\n<meta name=\"robots\" content=\"index, follow, max-snippet:-1, max-image-preview:large, max-video-preview:-1\" \/>\n<link rel=\"canonical\" href=\"https:\/\/www.csh-dental.hu\/index.php\/dr-mehes-eszter\/\" \/>\n<meta property=\"og:locale\" content=\"hu_HU\" \/>\n<meta property=\"og:type\" content=\"article\" \/>\n<meta property=\"og:title\" content=\"Min\u0151s\u00e9gi Fog\u00e1szati Rendel\u0151 III. ker\u00fclet | Modern CT Diagnosztika | Csillaghegyi Fog\u00e1szat\" \/>\n<meta property=\"og:description\" content=\"Keressen megb\u00edzhat\u00f3 fog\u00e1szati rendel\u0151t a III. ker\u00fcletben? A Csillaghegyi Fog\u00e1szat \u00e1tfog\u00f3 ell\u00e1t\u00e1st ny\u00fajt, helyben el\u00e9rhet\u0151 3D CT-vel. Min\u0151s\u00e9g, k\u00e9nyelem, kedvez\u0151 \u00e1rak. Kattintson a r\u00e9szletek\u00e9rt!\" \/>\n<meta property=\"og:url\" content=\"https:\/\/www.csh-dental.hu\/index.php\/dr-mehes-eszter\/\" \/>\n<meta property=\"og:site_name\" content=\"Csillaghegyi Fog\u00e1szati \u00e9s CT K\u00f6zpont\" \/>\n<meta property=\"article:publisher\" content=\"https:\/\/www.facebook.com\/cshdental\" \/>\n<meta property=\"article:modified_time\" content=\"2026-02-04T21:52:18+00:00\" \/>\n<meta property=\"og:image\" content=\"http:\/\/www.csh-dental.hu\/wp-content\/uploads\/2026\/01\/cropped-cropped-BGER0093.jpg\" \/>\n<meta name=\"twitter:card\" content=\"summary_large_image\" \/>\n<meta name=\"twitter:label1\" content=\"Becs\u00fclt olvas\u00e1si id\u0151\" \/>\n\t<meta name=\"twitter:data1\" content=\"1 perc\" \/>\n<script type=\"application\/ld+json\" class=\"yoast-schema-graph\">{\"@context\":\"https:\/\/schema.org\",\"@graph\":[{\"@type\":\"WebPage\",\"@id\":\"https:\/\/www.csh-dental.hu\/index.php\/dr-mehes-eszter\/\",\"url\":\"https:\/\/www.csh-dental.hu\/index.php\/dr-mehes-eszter\/\",\"name\":\"Min\u0151s\u00e9gi Fog\u00e1szati Rendel\u0151 III. ker\u00fclet | Modern CT Diagnosztika | Csillaghegyi Fog\u00e1szat\",\"isPartOf\":{\"@id\":\"https:\/\/www.csh-dental.hu\/#website\"},\"primaryImageOfPage\":{\"@id\":\"https:\/\/www.csh-dental.hu\/index.php\/dr-mehes-eszter\/#primaryimage\"},\"image\":{\"@id\":\"https:\/\/www.csh-dental.hu\/index.php\/dr-mehes-eszter\/#primaryimage\"},\"thumbnailUrl\":\"http:\/\/www.csh-dental.hu\/wp-content\/uploads\/2026\/01\/cropped-cropped-BGER0093.jpg\",\"datePublished\":\"2026-02-04T21:48:46+00:00\",\"dateModified\":\"2026-02-04T21:52:18+00:00\",\"description\":\"Keressen megb\u00edzhat\u00f3 fog\u00e1szati rendel\u0151t a III. ker\u00fcletben? A Csillaghegyi Fog\u00e1szat \u00e1tfog\u00f3 ell\u00e1t\u00e1st ny\u00fajt, helyben el\u00e9rhet\u0151 3D CT-vel. Min\u0151s\u00e9g, k\u00e9nyelem, kedvez\u0151 \u00e1rak. Kattintson a r\u00e9szletek\u00e9rt!\",\"breadcrumb\":{\"@id\":\"https:\/\/www.csh-dental.hu\/index.php\/dr-mehes-eszter\/#breadcrumb\"},\"inLanguage\":\"hu\",\"potentialAction\":[{\"@type\":\"ReadAction\",\"target\":[\"https:\/\/www.csh-dental.hu\/index.php\/dr-mehes-eszter\/\"]}]},{\"@type\":\"ImageObject\",\"inLanguage\":\"hu\",\"@id\":\"https:\/\/www.csh-dental.hu\/index.php\/dr-mehes-eszter\/#primaryimage\",\"url\":\"\",\"contentUrl\":\"\"},{\"@type\":\"BreadcrumbList\",\"@id\":\"https:\/\/www.csh-dental.hu\/index.php\/dr-mehes-eszter\/#breadcrumb\",\"itemListElement\":[{\"@type\":\"ListItem\",\"position\":1,\"name\":\"Home\",\"item\":\"https:\/\/www.csh-dental.hu\/\"},{\"@type\":\"ListItem\",\"position\":2,\"name\":\"Dr. M\u00e9hes Eszter\"}]},{\"@type\":\"WebSite\",\"@id\":\"https:\/\/www.csh-dental.hu\/#website\",\"url\":\"https:\/\/www.csh-dental.hu\/\",\"name\":\"Csillaghegyi Fog\u00e1szati \u00e9s CT K\u00f6zpont\",\"description\":\"\",\"publisher\":{\"@id\":\"https:\/\/www.csh-dental.hu\/#organization\"},\"alternateName\":\"Modern Fog\u00e1szat III. ker\u00fclet\",\"potentialAction\":[{\"@type\":\"SearchAction\",\"target\":{\"@type\":\"EntryPoint\",\"urlTemplate\":\"https:\/\/www.csh-dental.hu\/?s={search_term_string}\"},\"query-input\":{\"@type\":\"PropertyValueSpecification\",\"valueRequired\":true,\"valueName\":\"search_term_string\"}}],\"inLanguage\":\"hu\"},{\"@type\":\"Organization\",\"@id\":\"https:\/\/www.csh-dental.hu\/#organization\",\"name\":\"Csillaghegyi Fog\u00e1szati \u00e9s CT K\u00f6zpont\",\"url\":\"https:\/\/www.csh-dental.hu\/\",\"logo\":{\"@type\":\"ImageObject\",\"inLanguage\":\"hu\",\"@id\":\"https:\/\/www.csh-dental.hu\/#\/schema\/logo\/image\/\",\"url\":\"https:\/\/www.csh-dental.hu\/wp-content\/uploads\/2025\/11\/cropped-android-chrome-512x512-1.png\",\"contentUrl\":\"https:\/\/www.csh-dental.hu\/wp-content\/uploads\/2025\/11\/cropped-android-chrome-512x512-1.png\",\"width\":512,\"height\":512,\"caption\":\"Csillaghegyi Fog\u00e1szati \u00e9s CT K\u00f6zpont\"},\"image\":{\"@id\":\"https:\/\/www.csh-dental.hu\/#\/schema\/logo\/image\/\"},\"sameAs\":[\"https:\/\/www.facebook.com\/cshdental\",\"https:\/\/www.instagram.com\/csillaghegyifogaszat\/\"]}]}<\/script>\n<!-- \/ Yoast SEO plugin. -->","yoast_head_json":{"title":"Min\u0151s\u00e9gi Fog\u00e1szati Rendel\u0151 III. ker\u00fclet | Modern CT Diagnosztika | Csillaghegyi Fog\u00e1szat","description":"Keressen megb\u00edzhat\u00f3 fog\u00e1szati rendel\u0151t a III. ker\u00fcletben? A Csillaghegyi Fog\u00e1szat \u00e1tfog\u00f3 ell\u00e1t\u00e1st ny\u00fajt, helyben el\u00e9rhet\u0151 3D CT-vel. Min\u0151s\u00e9g, k\u00e9nyelem, kedvez\u0151 \u00e1rak. Kattintson a r\u00e9szletek\u00e9rt!","robots":{"index":"index","follow":"follow","max-snippet":"max-snippet:-1","max-image-preview":"max-image-preview:large","max-video-preview":"max-video-preview:-1"},"canonical":"https:\/\/www.csh-dental.hu\/index.php\/dr-mehes-eszter\/","og_locale":"hu_HU","og_type":"article","og_title":"Min\u0151s\u00e9gi Fog\u00e1szati Rendel\u0151 III. ker\u00fclet | Modern CT Diagnosztika | Csillaghegyi Fog\u00e1szat","og_description":"Keressen megb\u00edzhat\u00f3 fog\u00e1szati rendel\u0151t a III. ker\u00fcletben? A Csillaghegyi Fog\u00e1szat \u00e1tfog\u00f3 ell\u00e1t\u00e1st ny\u00fajt, helyben el\u00e9rhet\u0151 3D CT-vel. Min\u0151s\u00e9g, k\u00e9nyelem, kedvez\u0151 \u00e1rak. Kattintson a r\u00e9szletek\u00e9rt!","og_url":"https:\/\/www.csh-dental.hu\/index.php\/dr-mehes-eszter\/","og_site_name":"Csillaghegyi Fog\u00e1szati \u00e9s CT K\u00f6zpont","article_publisher":"https:\/\/www.facebook.com\/cshdental","article_modified_time":"2026-02-04T21:52:18+00:00","og_image":[{"url":"http:\/\/www.csh-dental.hu\/wp-content\/uploads\/2026\/01\/cropped-cropped-BGER0093.jpg","type":"","width":"","height":""}],"twitter_card":"summary_large_image","twitter_misc":{"Becs\u00fclt olvas\u00e1si id\u0151":"1 perc"},"schema":{"@context":"https:\/\/schema.org","@graph":[{"@type":"WebPage","@id":"https:\/\/www.csh-dental.hu\/index.php\/dr-mehes-eszter\/","url":"https:\/\/www.csh-dental.hu\/index.php\/dr-mehes-eszter\/","name":"Min\u0151s\u00e9gi Fog\u00e1szati Rendel\u0151 III. ker\u00fclet | Modern CT Diagnosztika | Csillaghegyi Fog\u00e1szat","isPartOf":{"@id":"https:\/\/www.csh-dental.hu\/#website"},"primaryImageOfPage":{"@id":"https:\/\/www.csh-dental.hu\/index.php\/dr-mehes-eszter\/#primaryimage"},"image":{"@id":"https:\/\/www.csh-dental.hu\/index.php\/dr-mehes-eszter\/#primaryimage"},"thumbnailUrl":"http:\/\/www.csh-dental.hu\/wp-content\/uploads\/2026\/01\/cropped-cropped-BGER0093.jpg","datePublished":"2026-02-04T21:48:46+00:00","dateModified":"2026-02-04T21:52:18+00:00","description":"Keressen megb\u00edzhat\u00f3 fog\u00e1szati rendel\u0151t a III. ker\u00fcletben? A Csillaghegyi Fog\u00e1szat \u00e1tfog\u00f3 ell\u00e1t\u00e1st ny\u00fajt, helyben el\u00e9rhet\u0151 3D CT-vel. Min\u0151s\u00e9g, k\u00e9nyelem, kedvez\u0151 \u00e1rak. Kattintson a r\u00e9szletek\u00e9rt!","breadcrumb":{"@id":"https:\/\/www.csh-dental.hu\/index.php\/dr-mehes-eszter\/#breadcrumb"},"inLanguage":"hu","potentialAction":[{"@type":"ReadAction","target":["https:\/\/www.csh-dental.hu\/index.php\/dr-mehes-eszter\/"]}]},{"@type":"ImageObject","inLanguage":"hu","@id":"https:\/\/www.csh-dental.hu\/index.php\/dr-mehes-eszter\/#primaryimage","url":"","contentUrl":""},{"@type":"BreadcrumbList","@id":"https:\/\/www.csh-dental.hu\/index.php\/dr-mehes-eszter\/#breadcrumb","itemListElement":[{"@type":"ListItem","position":1,"name":"Home","item":"https:\/\/www.csh-dental.hu\/"},{"@type":"ListItem","position":2,"name":"Dr. M\u00e9hes Eszter"}]},{"@type":"WebSite","@id":"https:\/\/www.csh-dental.hu\/#website","url":"https:\/\/www.csh-dental.hu\/","name":"Csillaghegyi Fog\u00e1szati \u00e9s CT K\u00f6zpont","description":"","publisher":{"@id":"https:\/\/www.csh-dental.hu\/#organization"},"alternateName":"Modern Fog\u00e1szat III. ker\u00fclet","potentialAction":[{"@type":"SearchAction","target":{"@type":"EntryPoint","urlTemplate":"https:\/\/www.csh-dental.hu\/?s={search_term_string}"},"query-input":{"@type":"PropertyValueSpecification","valueRequired":true,"valueName":"search_term_string"}}],"inLanguage":"hu"},{"@type":"Organization","@id":"https:\/\/www.csh-dental.hu\/#organization","name":"Csillaghegyi Fog\u00e1szati \u00e9s CT K\u00f6zpont","url":"https:\/\/www.csh-dental.hu\/","logo":{"@type":"ImageObject","inLanguage":"hu","@id":"https:\/\/www.csh-dental.hu\/#\/schema\/logo\/image\/","url":"https:\/\/www.csh-dental.hu\/wp-content\/uploads\/2025\/11\/cropped-android-chrome-512x512-1.png","contentUrl":"https:\/\/www.csh-dental.hu\/wp-content\/uploads\/2025\/11\/cropped-android-chrome-512x512-1.png","width":512,"height":512,"caption":"Csillaghegyi Fog\u00e1szati \u00e9s CT K\u00f6zpont"},"image":{"@id":"https:\/\/www.csh-dental.hu\/#\/schema\/logo\/image\/"},"sameAs":["https:\/\/www.facebook.com\/cshdental","https:\/\/www.instagram.com\/csillaghegyifogaszat\/"]}]}},"_links":{"self":[{"href":"https:\/\/www.csh-dental.hu\/index.php\/wp-json\/wp\/v2\/pages\/762","targetHints":{"allow":["GET"]}}],"collection":[{"href":"https:\/\/www.csh-dental.hu\/index.php\/wp-json\/wp\/v2\/pages"}],"about":[{"href":"https:\/\/www.csh-dental.hu\/index.php\/wp-json\/wp\/v2\/types\/page"}],"author":[{"embeddable":true,"href":"https:\/\/www.csh-dental.hu\/index.php\/wp-json\/wp\/v2\/users\/1"}],"replies":[{"embeddable":true,"href":"https:\/\/www.csh-dental.hu\/index.php\/wp-json\/wp\/v2\/comments?post=762"}],"version-history":[{"count":2,"href":"https:\/\/www.csh-dental.hu\/index.php\/wp-json\/wp\/v2\/pages\/762\/revisions"}],"predecessor-version":[{"id":768,"href":"https:\/\/www.csh-dental.hu\/index.php\/wp-json\/wp\/v2\/pages\/762\/revisions\/768"}],"wp:attachment":[{"href":"https:\/\/www.csh-dental.hu\/index.php\/wp-json\/wp\/v2\/media?parent=762"}],"curies":[{"name":"wp","href":"https:\/\/api.w.org\/{rel}","templated":true}]}}