{"id":799,"date":"2026-02-10T12:56:17","date_gmt":"2026-02-10T12:56:17","guid":{"rendered":"https:\/\/www.csh-dental.hu\/?page_id=799"},"modified":"2026-04-08T12:49:20","modified_gmt":"2026-04-08T12:49:20","slug":"fizetes-es-egeszsegpenztar","status":"publish","type":"page","link":"https:\/\/www.csh-dental.hu\/index.php\/fizetes-es-egeszsegpenztar\/","title":{"rendered":"Fizet\u00e9si lehet\u0151s\u00e9gek \u00e9s eg\u00e9szs\u00e9gp\u00e9nzt\u00e1ri partnereink"},"content":{"rendered":"\n<p>A <strong>Csillaghegyi Fog\u00e1szati K\u00f6zpontban<\/strong> t\u00f6reksz\u00fcnk arra, hogy szolg\u00e1ltat\u00e1saink min\u00e9l sz\u00e9lesebb k\u00f6rben \u00e9s rugalmas felt\u00e9telekkel el\u00e9rhet\u0151ek legyenek. P\u00e1cienseink k\u00e9nyelme \u00e9rdek\u00e9ben t\u00f6bbf\u00e9le fizet\u00e9si m\u00f3dot is biztos\u00edtunk a fog\u00e1szati kezel\u00e9sek d\u00edj\u00e1nak rendez\u00e9s\u00e9re.<\/p>\n\n\n\n<h3 class=\"wp-block-heading\">Bankk\u00e1rty\u00e1s \u00e9s k\u00e9szp\u00e9nzes fizet\u00e9s<\/h3>\n\n\n\n<p>Rendel\u0151nkben gyorsan \u00e9s biztons\u00e1gosan fizethet bankk\u00e1rty\u00e1val. Az al\u00e1bbi k\u00e1rtyat\u00edpusokat fogadjuk el:<\/p>\n\n\n\n<ul class=\"wp-block-list\">\n<li><strong>MasterCard<\/strong> \u00e9s <strong>MasterCard Electronic<\/strong><\/li>\n\n\n\n<li><strong>VISA<\/strong> \u00e9s <strong>VISA Electron<\/strong><\/li>\n\n\n\n<li><strong>Maestro<\/strong>, <strong>V-Pay<\/strong> \u00e9s <strong>JCB<\/strong><\/li>\n<\/ul>\n\n\n\n<p>Term\u00e9szetesen a hagyom\u00e1nyos k\u00e9szp\u00e9nzes fizet\u00e9sre is van lehet\u0151s\u00e9g minden kezel\u00e9s\u00fcnk ut\u00e1n.<\/p>\n\n\n\n<div style=\"height:100px\" aria-hidden=\"true\" class=\"wp-block-spacer\"><\/div>\n\n\n\n<h3 class=\"wp-block-heading\">\ud83d\udcb3 Eg\u00e9szs\u00e9gp\u00e9nzt\u00e1ri partnereink \u2013 Fizessen k\u00e1rty\u00e1val!<\/h3>\n\n\n\n<p>Rendel\u0151nk hivatalos <strong>eg\u00e9szs\u00e9gp\u00e9nzt\u00e1r elfogad\u00f3hely<\/strong>, \u00edgy \u00d6n k\u00e9nyelmesen, az \u00e1llami ad\u00f3kedvezm\u00e9ny (20%) ig\u00e9nybev\u00e9tel\u00e9vel is rendezheti kezel\u00e9sei d\u00edj\u00e1t. Jelenleg az al\u00e1bbi meghat\u00e1roz\u00f3 eg\u00e9szs\u00e9gp\u00e9nzt\u00e1rakkal \u00e1llunk szerz\u0151d\u00e9sben:<\/p>\n\n\n\n<ul class=\"wp-block-list\">\n<li><a href=\"https:\/\/www.patikapenztar.hu\/\">Patika Eg\u00e9szs\u00e9gp\u00e9nzt\u00e1r<\/a><\/li>\n\n\n\n<li><a href=\"https:\/\/www.otpegeszsegpenztar.hu\/hu\/penztartagok\" target=\"_blank\" rel=\"noreferrer noopener\">OTP Orsz\u00e1gos Eg\u00e9szs\u00e9gp\u00e9nzt\u00e1r<\/a><\/li>\n\n\n\n<li><a href=\"https:\/\/www.gondoskodasegeszsegpenztar.hu\/\" target=\"_blank\" rel=\"noreferrer noopener\">MBH Gondoskod\u00e1s Eg\u00e9szs\u00e9gp\u00e9nzt\u00e1r<\/a><\/li>\n\n\n\n<li><a href=\"https:\/\/www.ujpiller.hu\/\" target=\"_blank\" rel=\"noreferrer noopener\">\u00daj Pill\u00e9r Eg\u00e9szs\u00e9gp\u00e9nzt\u00e1r<\/a><\/li>\n<\/ul>\n\n\n\n<p><strong>Mi\u00e9rt el\u0151ny\u00f6s az eg\u00e9szs\u00e9gp\u00e9nzt\u00e1ri fizet\u00e9s?<\/strong><\/p>\n\n\n\n<p>Az eg\u00e9szs\u00e9gp\u00e9nzt\u00e1ri tags\u00e1g lehet\u0151v\u00e9 teszi, hogy a fog\u00e1szati kezel\u00e9sek, mint p\u00e9ld\u00e1ul a <strong>fogbe\u00fcltet\u00e9s<\/strong> vagy a <strong>biomimetikus fog\u00e1szat<\/strong> k\u00f6lts\u00e9geit kedvezm\u00e9nyesen sz\u00e1molhassa el.<\/p>\n\n\n\n<p><em>A vel\u00fcnk partneri kapcsolatban \u00e1ll\u00f3 eg\u00e9szs\u00e9gp\u00e9nzt\u00e1rak list\u00e1ja folyamatosan b\u0151v\u00fcl. Amennyiben \u00d6n m\u00e1s p\u00e9nzt\u00e1r tagja, k\u00e9rj\u00fck, jelezze fel\u00e9nk a bejelentkez\u00e9skor, hogy ellen\u0151rizhess\u00fck a csatlakoz\u00e1si lehet\u0151s\u00e9get!<\/em><\/p>\n\n\n\n<figure class=\"wp-block-image size-large\"><img decoding=\"async\" src=\"https:\/\/www.csh-dental.hu\/wp-content\/uploads\/2026\/03\/fizetesilehetosegek-csillaghegyi-fogaszati-kozpont.png\" alt=\"\"\/><\/figure>\n","protected":false},"excerpt":{"rendered":"<p>A Csillaghegyi Fog\u00e1szati K\u00f6zpontban t\u00f6reksz\u00fcnk arra, hogy szolg\u00e1ltat\u00e1saink min\u00e9l sz\u00e9lesebb k\u00f6rben \u00e9s rugalmas felt\u00e9telekkel el\u00e9rhet\u0151ek legyenek. P\u00e1cienseink k\u00e9nyelme \u00e9rdek\u00e9ben t\u00f6bbf\u00e9le fizet\u00e9si m\u00f3dot is biztos\u00edtunk a fog\u00e1szati kezel\u00e9sek d\u00edj\u00e1nak rendez\u00e9s\u00e9re. Bankk\u00e1rty\u00e1s \u00e9s k\u00e9szp\u00e9nzes fizet\u00e9s Rendel\u0151nkben gyorsan \u00e9s biztons\u00e1gosan fizethet bankk\u00e1rty\u00e1val. Az al\u00e1bbi k\u00e1rtyat\u00edpusokat fogadjuk el: Term\u00e9szetesen a hagyom\u00e1nyos k\u00e9szp\u00e9nzes fizet\u00e9sre is van lehet\u0151s\u00e9g minden kezel\u00e9s\u00fcnk ut\u00e1n.&hellip; <br \/> <a class=\"read-more\" href=\"https:\/\/www.csh-dental.hu\/index.php\/fizetes-es-egeszsegpenztar\/\">Read more<\/a><\/p>\n","protected":false},"author":1,"featured_media":0,"parent":0,"menu_order":0,"comment_status":"closed","ping_status":"closed","template":"","meta":{"footnotes":""},"class_list":["post-799","page","type-page","status-publish","hentry"],"yoast_head":"<!-- This site is optimized with the Yoast SEO plugin v27.2 - https:\/\/yoast.com\/product\/yoast-seo-wordpress\/ -->\n<title>Fizet\u00e9si lehet\u0151s\u00e9gek \u00e9s Eg\u00e9szs\u00e9gp\u00e9nzt\u00e1r<\/title>\n<meta name=\"description\" content=\"Fizessen k\u00e9nyelmesen eg\u00e9szs\u00e9gp\u00e9nzt\u00e1ri k\u00e1rty\u00e1val a Csillaghegyi Fog\u00e1szaton! OTP, Patika \u00e9s MBH partner rendel\u0151. Bankk\u00e1rty\u00e1s \u00e9s k\u00e9szp\u00e9nzes fizet\u00e9s is lehets\u00e9ges.\" \/>\n<meta name=\"robots\" content=\"index, follow, max-snippet:-1, max-image-preview:large, max-video-preview:-1\" \/>\n<link rel=\"canonical\" href=\"https:\/\/www.csh-dental.hu\/index.php\/fizetes-es-egeszsegpenztar\/\" \/>\n<meta property=\"og:locale\" content=\"hu_HU\" \/>\n<meta property=\"og:type\" content=\"article\" \/>\n<meta property=\"og:title\" content=\"Fizet\u00e9si lehet\u0151s\u00e9gek \u00e9s Eg\u00e9szs\u00e9gp\u00e9nzt\u00e1r\" \/>\n<meta property=\"og:description\" content=\"Fizessen k\u00e9nyelmesen eg\u00e9szs\u00e9gp\u00e9nzt\u00e1ri k\u00e1rty\u00e1val a Csillaghegyi Fog\u00e1szaton! OTP, Patika \u00e9s MBH partner rendel\u0151. Bankk\u00e1rty\u00e1s \u00e9s k\u00e9szp\u00e9nzes fizet\u00e9s is lehets\u00e9ges.\" \/>\n<meta property=\"og:url\" content=\"https:\/\/www.csh-dental.hu\/index.php\/fizetes-es-egeszsegpenztar\/\" \/>\n<meta property=\"og:site_name\" content=\"Csillaghegyi Fog\u00e1szati \u00e9s CT K\u00f6zpont\" \/>\n<meta property=\"article:publisher\" content=\"https:\/\/www.facebook.com\/cshdental\" \/>\n<meta property=\"article:modified_time\" content=\"2026-04-08T12:49:20+00:00\" \/>\n<meta property=\"og:image\" content=\"http:\/\/www.csh-dental.hu\/wp-content\/uploads\/2026\/03\/fizetesilehetosegek-csillaghegyi-fogaszati-kozpont.png\" \/>\n<meta name=\"twitter:card\" content=\"summary_large_image\" \/>\n<meta name=\"twitter:label1\" content=\"Becs\u00fclt olvas\u00e1si id\u0151\" \/>\n\t<meta name=\"twitter:data1\" content=\"2 perc\" \/>\n<script type=\"application\/ld+json\" class=\"yoast-schema-graph\">{\"@context\":\"https:\/\/schema.org\",\"@graph\":[{\"@type\":\"WebPage\",\"@id\":\"https:\/\/www.csh-dental.hu\/index.php\/fizetes-es-egeszsegpenztar\/\",\"url\":\"https:\/\/www.csh-dental.hu\/index.php\/fizetes-es-egeszsegpenztar\/\",\"name\":\"Fizet\u00e9si lehet\u0151s\u00e9gek \u00e9s Eg\u00e9szs\u00e9gp\u00e9nzt\u00e1r\",\"isPartOf\":{\"@id\":\"https:\/\/www.csh-dental.hu\/#website\"},\"primaryImageOfPage\":{\"@id\":\"https:\/\/www.csh-dental.hu\/index.php\/fizetes-es-egeszsegpenztar\/#primaryimage\"},\"image\":{\"@id\":\"https:\/\/www.csh-dental.hu\/index.php\/fizetes-es-egeszsegpenztar\/#primaryimage\"},\"thumbnailUrl\":\"http:\/\/www.csh-dental.hu\/wp-content\/uploads\/2026\/03\/fizetesilehetosegek-csillaghegyi-fogaszati-kozpont.png\",\"datePublished\":\"2026-02-10T12:56:17+00:00\",\"dateModified\":\"2026-04-08T12:49:20+00:00\",\"description\":\"Fizessen k\u00e9nyelmesen eg\u00e9szs\u00e9gp\u00e9nzt\u00e1ri k\u00e1rty\u00e1val a Csillaghegyi Fog\u00e1szaton! OTP, Patika \u00e9s MBH partner rendel\u0151. Bankk\u00e1rty\u00e1s \u00e9s k\u00e9szp\u00e9nzes fizet\u00e9s is lehets\u00e9ges.\",\"breadcrumb\":{\"@id\":\"https:\/\/www.csh-dental.hu\/index.php\/fizetes-es-egeszsegpenztar\/#breadcrumb\"},\"inLanguage\":\"hu\",\"potentialAction\":[{\"@type\":\"ReadAction\",\"target\":[\"https:\/\/www.csh-dental.hu\/index.php\/fizetes-es-egeszsegpenztar\/\"]}]},{\"@type\":\"ImageObject\",\"inLanguage\":\"hu\",\"@id\":\"https:\/\/www.csh-dental.hu\/index.php\/fizetes-es-egeszsegpenztar\/#primaryimage\",\"url\":\"http:\/\/www.csh-dental.hu\/wp-content\/uploads\/2026\/03\/fizetesilehetosegek-csillaghegyi-fogaszati-kozpont.png\",\"contentUrl\":\"http:\/\/www.csh-dental.hu\/wp-content\/uploads\/2026\/03\/fizetesilehetosegek-csillaghegyi-fogaszati-kozpont.png\"},{\"@type\":\"BreadcrumbList\",\"@id\":\"https:\/\/www.csh-dental.hu\/index.php\/fizetes-es-egeszsegpenztar\/#breadcrumb\",\"itemListElement\":[{\"@type\":\"ListItem\",\"position\":1,\"name\":\"Home\",\"item\":\"https:\/\/www.csh-dental.hu\/\"},{\"@type\":\"ListItem\",\"position\":2,\"name\":\"Fizet\u00e9si lehet\u0151s\u00e9gek \u00e9s eg\u00e9szs\u00e9gp\u00e9nzt\u00e1ri partnereink\"}]},{\"@type\":\"WebSite\",\"@id\":\"https:\/\/www.csh-dental.hu\/#website\",\"url\":\"https:\/\/www.csh-dental.hu\/\",\"name\":\"Csillaghegyi Fog\u00e1szati \u00e9s CT K\u00f6zpont\",\"description\":\"\",\"publisher\":{\"@id\":\"https:\/\/www.csh-dental.hu\/#organization\"},\"alternateName\":\"Modern Fog\u00e1szat III. ker\u00fclet\",\"potentialAction\":[{\"@type\":\"SearchAction\",\"target\":{\"@type\":\"EntryPoint\",\"urlTemplate\":\"https:\/\/www.csh-dental.hu\/?s={search_term_string}\"},\"query-input\":{\"@type\":\"PropertyValueSpecification\",\"valueRequired\":true,\"valueName\":\"search_term_string\"}}],\"inLanguage\":\"hu\"},{\"@type\":\"Organization\",\"@id\":\"https:\/\/www.csh-dental.hu\/#organization\",\"name\":\"Csillaghegyi Fog\u00e1szati \u00e9s CT K\u00f6zpont\",\"url\":\"https:\/\/www.csh-dental.hu\/\",\"logo\":{\"@type\":\"ImageObject\",\"inLanguage\":\"hu\",\"@id\":\"https:\/\/www.csh-dental.hu\/#\/schema\/logo\/image\/\",\"url\":\"https:\/\/www.csh-dental.hu\/wp-content\/uploads\/2025\/11\/cropped-android-chrome-512x512-1.png\",\"contentUrl\":\"https:\/\/www.csh-dental.hu\/wp-content\/uploads\/2025\/11\/cropped-android-chrome-512x512-1.png\",\"width\":512,\"height\":512,\"caption\":\"Csillaghegyi Fog\u00e1szati \u00e9s CT K\u00f6zpont\"},\"image\":{\"@id\":\"https:\/\/www.csh-dental.hu\/#\/schema\/logo\/image\/\"},\"sameAs\":[\"https:\/\/www.facebook.com\/cshdental\",\"https:\/\/www.instagram.com\/csillaghegyifogaszat\/\"]}]}<\/script>\n<!-- \/ Yoast SEO plugin. -->","yoast_head_json":{"title":"Fizet\u00e9si lehet\u0151s\u00e9gek \u00e9s Eg\u00e9szs\u00e9gp\u00e9nzt\u00e1r","description":"Fizessen k\u00e9nyelmesen eg\u00e9szs\u00e9gp\u00e9nzt\u00e1ri k\u00e1rty\u00e1val a Csillaghegyi Fog\u00e1szaton! OTP, Patika \u00e9s MBH partner rendel\u0151. Bankk\u00e1rty\u00e1s \u00e9s k\u00e9szp\u00e9nzes fizet\u00e9s is lehets\u00e9ges.","robots":{"index":"index","follow":"follow","max-snippet":"max-snippet:-1","max-image-preview":"max-image-preview:large","max-video-preview":"max-video-preview:-1"},"canonical":"https:\/\/www.csh-dental.hu\/index.php\/fizetes-es-egeszsegpenztar\/","og_locale":"hu_HU","og_type":"article","og_title":"Fizet\u00e9si lehet\u0151s\u00e9gek \u00e9s Eg\u00e9szs\u00e9gp\u00e9nzt\u00e1r","og_description":"Fizessen k\u00e9nyelmesen eg\u00e9szs\u00e9gp\u00e9nzt\u00e1ri k\u00e1rty\u00e1val a Csillaghegyi Fog\u00e1szaton! OTP, Patika \u00e9s MBH partner rendel\u0151. Bankk\u00e1rty\u00e1s \u00e9s k\u00e9szp\u00e9nzes fizet\u00e9s is lehets\u00e9ges.","og_url":"https:\/\/www.csh-dental.hu\/index.php\/fizetes-es-egeszsegpenztar\/","og_site_name":"Csillaghegyi Fog\u00e1szati \u00e9s CT K\u00f6zpont","article_publisher":"https:\/\/www.facebook.com\/cshdental","article_modified_time":"2026-04-08T12:49:20+00:00","og_image":[{"url":"http:\/\/www.csh-dental.hu\/wp-content\/uploads\/2026\/03\/fizetesilehetosegek-csillaghegyi-fogaszati-kozpont.png","type":"","width":"","height":""}],"twitter_card":"summary_large_image","twitter_misc":{"Becs\u00fclt olvas\u00e1si id\u0151":"2 perc"},"schema":{"@context":"https:\/\/schema.org","@graph":[{"@type":"WebPage","@id":"https:\/\/www.csh-dental.hu\/index.php\/fizetes-es-egeszsegpenztar\/","url":"https:\/\/www.csh-dental.hu\/index.php\/fizetes-es-egeszsegpenztar\/","name":"Fizet\u00e9si lehet\u0151s\u00e9gek \u00e9s Eg\u00e9szs\u00e9gp\u00e9nzt\u00e1r","isPartOf":{"@id":"https:\/\/www.csh-dental.hu\/#website"},"primaryImageOfPage":{"@id":"https:\/\/www.csh-dental.hu\/index.php\/fizetes-es-egeszsegpenztar\/#primaryimage"},"image":{"@id":"https:\/\/www.csh-dental.hu\/index.php\/fizetes-es-egeszsegpenztar\/#primaryimage"},"thumbnailUrl":"http:\/\/www.csh-dental.hu\/wp-content\/uploads\/2026\/03\/fizetesilehetosegek-csillaghegyi-fogaszati-kozpont.png","datePublished":"2026-02-10T12:56:17+00:00","dateModified":"2026-04-08T12:49:20+00:00","description":"Fizessen k\u00e9nyelmesen eg\u00e9szs\u00e9gp\u00e9nzt\u00e1ri k\u00e1rty\u00e1val a Csillaghegyi Fog\u00e1szaton! OTP, Patika \u00e9s MBH partner rendel\u0151. Bankk\u00e1rty\u00e1s \u00e9s k\u00e9szp\u00e9nzes fizet\u00e9s is lehets\u00e9ges.","breadcrumb":{"@id":"https:\/\/www.csh-dental.hu\/index.php\/fizetes-es-egeszsegpenztar\/#breadcrumb"},"inLanguage":"hu","potentialAction":[{"@type":"ReadAction","target":["https:\/\/www.csh-dental.hu\/index.php\/fizetes-es-egeszsegpenztar\/"]}]},{"@type":"ImageObject","inLanguage":"hu","@id":"https:\/\/www.csh-dental.hu\/index.php\/fizetes-es-egeszsegpenztar\/#primaryimage","url":"http:\/\/www.csh-dental.hu\/wp-content\/uploads\/2026\/03\/fizetesilehetosegek-csillaghegyi-fogaszati-kozpont.png","contentUrl":"http:\/\/www.csh-dental.hu\/wp-content\/uploads\/2026\/03\/fizetesilehetosegek-csillaghegyi-fogaszati-kozpont.png"},{"@type":"BreadcrumbList","@id":"https:\/\/www.csh-dental.hu\/index.php\/fizetes-es-egeszsegpenztar\/#breadcrumb","itemListElement":[{"@type":"ListItem","position":1,"name":"Home","item":"https:\/\/www.csh-dental.hu\/"},{"@type":"ListItem","position":2,"name":"Fizet\u00e9si lehet\u0151s\u00e9gek \u00e9s eg\u00e9szs\u00e9gp\u00e9nzt\u00e1ri partnereink"}]},{"@type":"WebSite","@id":"https:\/\/www.csh-dental.hu\/#website","url":"https:\/\/www.csh-dental.hu\/","name":"Csillaghegyi Fog\u00e1szati \u00e9s CT K\u00f6zpont","description":"","publisher":{"@id":"https:\/\/www.csh-dental.hu\/#organization"},"alternateName":"Modern Fog\u00e1szat III. ker\u00fclet","potentialAction":[{"@type":"SearchAction","target":{"@type":"EntryPoint","urlTemplate":"https:\/\/www.csh-dental.hu\/?s={search_term_string}"},"query-input":{"@type":"PropertyValueSpecification","valueRequired":true,"valueName":"search_term_string"}}],"inLanguage":"hu"},{"@type":"Organization","@id":"https:\/\/www.csh-dental.hu\/#organization","name":"Csillaghegyi Fog\u00e1szati \u00e9s CT K\u00f6zpont","url":"https:\/\/www.csh-dental.hu\/","logo":{"@type":"ImageObject","inLanguage":"hu","@id":"https:\/\/www.csh-dental.hu\/#\/schema\/logo\/image\/","url":"https:\/\/www.csh-dental.hu\/wp-content\/uploads\/2025\/11\/cropped-android-chrome-512x512-1.png","contentUrl":"https:\/\/www.csh-dental.hu\/wp-content\/uploads\/2025\/11\/cropped-android-chrome-512x512-1.png","width":512,"height":512,"caption":"Csillaghegyi Fog\u00e1szati \u00e9s CT K\u00f6zpont"},"image":{"@id":"https:\/\/www.csh-dental.hu\/#\/schema\/logo\/image\/"},"sameAs":["https:\/\/www.facebook.com\/cshdental","https:\/\/www.instagram.com\/csillaghegyifogaszat\/"]}]}},"_links":{"self":[{"href":"https:\/\/www.csh-dental.hu\/index.php\/wp-json\/wp\/v2\/pages\/799","targetHints":{"allow":["GET"]}}],"collection":[{"href":"https:\/\/www.csh-dental.hu\/index.php\/wp-json\/wp\/v2\/pages"}],"about":[{"href":"https:\/\/www.csh-dental.hu\/index.php\/wp-json\/wp\/v2\/types\/page"}],"author":[{"embeddable":true,"href":"https:\/\/www.csh-dental.hu\/index.php\/wp-json\/wp\/v2\/users\/1"}],"replies":[{"embeddable":true,"href":"https:\/\/www.csh-dental.hu\/index.php\/wp-json\/wp\/v2\/comments?post=799"}],"version-history":[{"count":9,"href":"https:\/\/www.csh-dental.hu\/index.php\/wp-json\/wp\/v2\/pages\/799\/revisions"}],"predecessor-version":[{"id":1196,"href":"https:\/\/www.csh-dental.hu\/index.php\/wp-json\/wp\/v2\/pages\/799\/revisions\/1196"}],"wp:attachment":[{"href":"https:\/\/www.csh-dental.hu\/index.php\/wp-json\/wp\/v2\/media?parent=799"}],"curies":[{"name":"wp","href":"https:\/\/api.w.org\/{rel}","templated":true}]}}