{"id":837,"date":"2026-02-23T13:36:01","date_gmt":"2026-02-23T13:36:01","guid":{"rendered":"https:\/\/www.csh-dental.hu\/?page_id=837"},"modified":"2026-04-08T12:46:05","modified_gmt":"2026-04-08T12:46:05","slug":"kismama-fogaszat-es-tanacsadas","status":"publish","type":"page","link":"https:\/\/www.csh-dental.hu\/index.php\/kismama-fogaszat-es-tanacsadas\/","title":{"rendered":"Kismama fog\u00e1szat \u00e9s tan\u00e1csad\u00e1s Csillaghegyen"},"content":{"rendered":"\n<h3 class=\"wp-block-heading\">Gondoskod\u00e1s k\u00e9t sz\u00edvre<\/h3>\n\n\n\n<p><p style=\"text-align: justify;\"><img decoding=\"async\" width=\"400\" class=\"alignright wp-image-2179\" src=\"https:\/\/www.csh-dental.hu\/wp-content\/uploads\/2026\/02\/kismama-szures.jpg\" alt=\"Biztons\u00e1gos kismama fog\u00e1szati vizsg\u00e1lat a Csillaghegyi Fog\u00e1szati K\u00f6zpontban.\">A babav\u00e1r\u00e1s id\u0151szaka tele van izgalommal \u00e9s k\u00e9sz\u00fcl\u0151d\u00e9ssel. Mik\u00f6zben a gyerekszob\u00e1t tervezik, sok kismama hajlamos megfeledkezni saj\u00e1t fogai eg\u00e9szs\u00e9g\u00e9r\u0151l \u2013 pedig ebben a 9 h\u00f3napban a szervezet megv\u00e1ltozott m\u0171k\u00f6d\u00e9se miatt a sz\u00e1j\u00fcregi v\u00e9delemre dupla figyelemre van sz\u00fcks\u00e9g. A <strong>Csillaghegyi Fog\u00e1szati K\u00f6zpontban<\/strong> kiemelt figyelmet \u00e9s teljes biztons\u00e1got ny\u00fajtunk, hogy mosolya a v\u00e1rand\u00f3ss\u00e1g alatt \u00e9s azut\u00e1n is ragyog\u00f3 maradjon.<\/p><\/p>\n\n\n\n<p><strong>Mi\u00e9rt kritikus a fog\u00e1szati sz\u0171r\u00e9s a v\u00e1rand\u00f3ss\u00e1g alatt?<\/strong><\/p>\n\n\n\n<ul class=\"wp-block-list\">\n<li><strong>Hormon\u00e1lis hat\u00e1sok: <\/strong>A megemelkedett hormonszint fellaz\u00edthatja a tart\u00f3sz\u00f6veteket, \u00edgy az \u00edny k\u00f6nnyebben begyulladhat (\u00fan. <strong>terhess\u00e9gi \u00ednygyullad\u00e1s<\/strong>).<\/li>\n\n\n\n<li><strong>Savas hat\u00e1sok: <\/strong>A reggeli rosszull\u00e9tek sor\u00e1n a sz\u00e1j\u00fcregbe ker\u00fcl\u0151 gyomorsav k\u00e1ros\u00edthatja a fogzom\u00e1ncot. Fontos tudni, hogyan v\u00e9dheti ki ezt a hat\u00e1st!<\/li>\n\n\n\n<li><strong>Megv\u00e1ltozott \u00e9trend:<\/strong> A gyakoribb \u00e9tkez\u00e9sek \u00e9s a k\u00edv\u00e1n\u00f3ss\u00e1g fokozottabb plakk-k\u00e9pz\u0151d\u00e9shez \u00e9s gyorsabb szuvasod\u00e1shoz vezethetnek.<\/li>\n\n\n\n<li><strong>A g\u00f3cmentess\u00e9g fontoss\u00e1ga:<\/strong> A kezeletlen fog\u00e1szati gyullad\u00e1sok bizony\u00edtottan n\u00f6velhetik a korasz\u00fcl\u00e9s vagy az alacsony sz\u00fclet\u00e9si s\u00faly kock\u00e1zat\u00e1t.<\/li>\n<\/ul>\n\n\n\n<h3 class=\"wp-block-heading\"><strong>Mikor j\u00f6jj\u00f6n el kismama fog\u00e1szati vizsg\u00e1latra?<\/strong><\/h3>\n\n\n\n<p><p style=\"text-align: justify;\">A legide\u00e1lisabb \u00e9s legbiztons\u00e1gosabb id\u0151szak a <strong>m\u00e1sodik trimeszter<\/strong>, de \u00ednyv\u00e9rz\u00e9s, f\u00e1jdalom vagy b\u00e1rmilyen panasz eset\u00e9n azonnal v\u00e1rjuk. Modern diagnosztikai eszk\u00f6zeinkkel \u00e9s k\u00edm\u00e9letes m\u00f3dszereinkkel maxim\u00e1lisan vigy\u00e1zunk \u00d6nre \u00e9s kisbab\u00e1j\u00e1ra is.<\/p><\/p>\n\n\n\n<h3 class=\"wp-block-heading\">iTOP technika: Szem\u00e9lyre szabott sz\u00e1j\u00e1pol\u00e1s kismam\u00e1knak<\/h3>\n\n\n\n<p><p style=\"text-align: justify;\">A v\u00e1rand\u00f3ss\u00e1g alatt fogai extra t\u00f6r\u0151d\u00e9st ig\u00e9nyelnek. Rendel\u0151nkben megtan\u00edtjuk \u00d6nnek a leghat\u00e9konyabb, sv\u00e1jci alapokon nyugv\u00f3 <strong><a href=\"https:\/\/www.csh-dental.hu\/index.php\/szajhigienes-tanacsadas\/\">iTOP technik\u00e1t<\/a><\/strong>, amellyel f\u00e1jdalommentesen tarthatja tiszt\u00e1n fogait \u00e9s \u00edny\u00e9t a kritikus h\u00f3napokban is.<\/p><\/p>\n\n\n\n<div style=\"height:100px\" aria-hidden=\"true\" class=\"wp-block-spacer\"><\/div>\n\n\n\n<h3 class=\"wp-block-heading has-text-align-center\"><strong>\ud83c\udf81 Aj\u00e1nd\u00e9k kismam\u00e1knak<\/strong><\/h3>\n\n\n\n<p class=\"has-text-align-center\">Szeretne felk\u00e9sz\u00fclten v\u00e1rni a bab\u00e1t? T\u00f6ltse le ingyenes \u00fatmutat\u00f3nkat!<\/p>\n\n\n\n<div class=\"wp-block-buttons is-content-justification-center is-layout-flex wp-container-core-buttons-is-layout-16018d1d wp-block-buttons-is-layout-flex\">\n<div class=\"wp-block-button\"><a class=\"wp-block-button__link has-text-align-center wp-element-button\" href=\"https:\/\/www.csh-dental.hu\/wp-content\/uploads\/2026\/02\/kismama-kisokos.pdf\" target=\"_blank\" rel=\"noreferrer noopener\">Let\u00f6lt\u00f6m a Kismama Sz\u00e1j\u00e1pol\u00e1si Kisokost (PDF)<\/a><\/div>\n<\/div>\n\n\n\n<p><\/p>\n","protected":false},"excerpt":{"rendered":"<p>Gondoskod\u00e1s k\u00e9t sz\u00edvre A babav\u00e1r\u00e1s id\u0151szaka tele van izgalommal \u00e9s k\u00e9sz\u00fcl\u0151d\u00e9ssel. Mik\u00f6zben a gyerekszob\u00e1t tervezik, sok kismama hajlamos megfeledkezni saj\u00e1t fogai eg\u00e9szs\u00e9g\u00e9r\u0151l \u2013 pedig ebben a 9 h\u00f3napban a szervezet megv\u00e1ltozott m\u0171k\u00f6d\u00e9se miatt a sz\u00e1j\u00fcregi v\u00e9delemre dupla figyelemre van sz\u00fcks\u00e9g. A Csillaghegyi Fog\u00e1szati K\u00f6zpontban kiemelt figyelmet \u00e9s teljes biztons\u00e1got ny\u00fajtunk, hogy mosolya a v\u00e1rand\u00f3ss\u00e1g alatt&hellip; <br \/> <a class=\"read-more\" href=\"https:\/\/www.csh-dental.hu\/index.php\/kismama-fogaszat-es-tanacsadas\/\">Read more<\/a><\/p>\n","protected":false},"author":1,"featured_media":0,"parent":0,"menu_order":0,"comment_status":"closed","ping_status":"closed","template":"","meta":{"footnotes":""},"class_list":["post-837","page","type-page","status-publish","hentry"],"yoast_head":"<!-- This site is optimized with the Yoast SEO plugin v27.2 - https:\/\/yoast.com\/product\/yoast-seo-wordpress\/ -->\n<title>Min\u0151s\u00e9gi Fog\u00e1szati Rendel\u0151 III. ker\u00fclet | Modern CT Diagnosztika | Csillaghegyi Fog\u00e1szat<\/title>\n<meta name=\"description\" content=\"Gondoskod\u00e1s k\u00e9t sz\u00edvre a III. ker\u00fcletben. Kismama fog\u00e1szat, terhess\u00e9gi \u00ednygyullad\u00e1s kezel\u00e9se \u00e9s iTOP tan\u00e1csad\u00e1s a Csillaghegyi Fog\u00e1szati K\u00f6zpontban.\" \/>\n<meta name=\"robots\" content=\"index, follow, max-snippet:-1, max-image-preview:large, max-video-preview:-1\" \/>\n<link rel=\"canonical\" href=\"https:\/\/www.csh-dental.hu\/index.php\/kismama-fogaszat-es-tanacsadas\/\" \/>\n<meta property=\"og:locale\" content=\"hu_HU\" \/>\n<meta property=\"og:type\" content=\"article\" \/>\n<meta property=\"og:title\" content=\"Min\u0151s\u00e9gi Fog\u00e1szati Rendel\u0151 III. ker\u00fclet | Modern CT Diagnosztika | Csillaghegyi Fog\u00e1szat\" \/>\n<meta property=\"og:description\" content=\"Gondoskod\u00e1s k\u00e9t sz\u00edvre a III. ker\u00fcletben. Kismama fog\u00e1szat, terhess\u00e9gi \u00ednygyullad\u00e1s kezel\u00e9se \u00e9s iTOP tan\u00e1csad\u00e1s a Csillaghegyi Fog\u00e1szati K\u00f6zpontban.\" \/>\n<meta property=\"og:url\" content=\"https:\/\/www.csh-dental.hu\/index.php\/kismama-fogaszat-es-tanacsadas\/\" \/>\n<meta property=\"og:site_name\" content=\"Csillaghegyi Fog\u00e1szati \u00e9s CT K\u00f6zpont\" \/>\n<meta property=\"article:publisher\" content=\"https:\/\/www.facebook.com\/cshdental\" \/>\n<meta property=\"article:modified_time\" content=\"2026-04-08T12:46:05+00:00\" \/>\n<meta property=\"og:image\" content=\"http:\/\/www.csh-dental.hu\/wp-content\/uploads\/2026\/02\/kismama-szures.jpg\" \/>\n<meta name=\"twitter:card\" content=\"summary_large_image\" \/>\n<meta name=\"twitter:label1\" content=\"Becs\u00fclt olvas\u00e1si id\u0151\" \/>\n\t<meta name=\"twitter:data1\" content=\"2 perc\" \/>\n<script type=\"application\/ld+json\" class=\"yoast-schema-graph\">{\"@context\":\"https:\/\/schema.org\",\"@graph\":[{\"@type\":\"WebPage\",\"@id\":\"https:\/\/www.csh-dental.hu\/index.php\/kismama-fogaszat-es-tanacsadas\/\",\"url\":\"https:\/\/www.csh-dental.hu\/index.php\/kismama-fogaszat-es-tanacsadas\/\",\"name\":\"Min\u0151s\u00e9gi Fog\u00e1szati Rendel\u0151 III. ker\u00fclet | Modern CT Diagnosztika | Csillaghegyi Fog\u00e1szat\",\"isPartOf\":{\"@id\":\"https:\/\/www.csh-dental.hu\/#website\"},\"primaryImageOfPage\":{\"@id\":\"https:\/\/www.csh-dental.hu\/index.php\/kismama-fogaszat-es-tanacsadas\/#primaryimage\"},\"image\":{\"@id\":\"https:\/\/www.csh-dental.hu\/index.php\/kismama-fogaszat-es-tanacsadas\/#primaryimage\"},\"thumbnailUrl\":\"http:\/\/www.csh-dental.hu\/wp-content\/uploads\/2026\/02\/kismama-szures.jpg\",\"datePublished\":\"2026-02-23T13:36:01+00:00\",\"dateModified\":\"2026-04-08T12:46:05+00:00\",\"description\":\"Gondoskod\u00e1s k\u00e9t sz\u00edvre a III. ker\u00fcletben. Kismama fog\u00e1szat, terhess\u00e9gi \u00ednygyullad\u00e1s kezel\u00e9se \u00e9s iTOP tan\u00e1csad\u00e1s a Csillaghegyi Fog\u00e1szati K\u00f6zpontban.\",\"breadcrumb\":{\"@id\":\"https:\/\/www.csh-dental.hu\/index.php\/kismama-fogaszat-es-tanacsadas\/#breadcrumb\"},\"inLanguage\":\"hu\",\"potentialAction\":[{\"@type\":\"ReadAction\",\"target\":[\"https:\/\/www.csh-dental.hu\/index.php\/kismama-fogaszat-es-tanacsadas\/\"]}]},{\"@type\":\"ImageObject\",\"inLanguage\":\"hu\",\"@id\":\"https:\/\/www.csh-dental.hu\/index.php\/kismama-fogaszat-es-tanacsadas\/#primaryimage\",\"url\":\"http:\/\/www.csh-dental.hu\/wp-content\/uploads\/2026\/02\/kismama-szures.jpg\",\"contentUrl\":\"http:\/\/www.csh-dental.hu\/wp-content\/uploads\/2026\/02\/kismama-szures.jpg\"},{\"@type\":\"BreadcrumbList\",\"@id\":\"https:\/\/www.csh-dental.hu\/index.php\/kismama-fogaszat-es-tanacsadas\/#breadcrumb\",\"itemListElement\":[{\"@type\":\"ListItem\",\"position\":1,\"name\":\"Home\",\"item\":\"https:\/\/www.csh-dental.hu\/\"},{\"@type\":\"ListItem\",\"position\":2,\"name\":\"Kismama fog\u00e1szat \u00e9s tan\u00e1csad\u00e1s Csillaghegyen\"}]},{\"@type\":\"WebSite\",\"@id\":\"https:\/\/www.csh-dental.hu\/#website\",\"url\":\"https:\/\/www.csh-dental.hu\/\",\"name\":\"Csillaghegyi Fog\u00e1szati \u00e9s CT K\u00f6zpont\",\"description\":\"\",\"publisher\":{\"@id\":\"https:\/\/www.csh-dental.hu\/#organization\"},\"alternateName\":\"Modern Fog\u00e1szat III. ker\u00fclet\",\"potentialAction\":[{\"@type\":\"SearchAction\",\"target\":{\"@type\":\"EntryPoint\",\"urlTemplate\":\"https:\/\/www.csh-dental.hu\/?s={search_term_string}\"},\"query-input\":{\"@type\":\"PropertyValueSpecification\",\"valueRequired\":true,\"valueName\":\"search_term_string\"}}],\"inLanguage\":\"hu\"},{\"@type\":\"Organization\",\"@id\":\"https:\/\/www.csh-dental.hu\/#organization\",\"name\":\"Csillaghegyi Fog\u00e1szati \u00e9s CT K\u00f6zpont\",\"url\":\"https:\/\/www.csh-dental.hu\/\",\"logo\":{\"@type\":\"ImageObject\",\"inLanguage\":\"hu\",\"@id\":\"https:\/\/www.csh-dental.hu\/#\/schema\/logo\/image\/\",\"url\":\"https:\/\/www.csh-dental.hu\/wp-content\/uploads\/2025\/11\/cropped-android-chrome-512x512-1.png\",\"contentUrl\":\"https:\/\/www.csh-dental.hu\/wp-content\/uploads\/2025\/11\/cropped-android-chrome-512x512-1.png\",\"width\":512,\"height\":512,\"caption\":\"Csillaghegyi Fog\u00e1szati \u00e9s CT K\u00f6zpont\"},\"image\":{\"@id\":\"https:\/\/www.csh-dental.hu\/#\/schema\/logo\/image\/\"},\"sameAs\":[\"https:\/\/www.facebook.com\/cshdental\",\"https:\/\/www.instagram.com\/csillaghegyifogaszat\/\"]}]}<\/script>\n<!-- \/ Yoast SEO plugin. -->","yoast_head_json":{"title":"Min\u0151s\u00e9gi Fog\u00e1szati Rendel\u0151 III. ker\u00fclet | Modern CT Diagnosztika | Csillaghegyi Fog\u00e1szat","description":"Gondoskod\u00e1s k\u00e9t sz\u00edvre a III. ker\u00fcletben. Kismama fog\u00e1szat, terhess\u00e9gi \u00ednygyullad\u00e1s kezel\u00e9se \u00e9s iTOP tan\u00e1csad\u00e1s a Csillaghegyi Fog\u00e1szati K\u00f6zpontban.","robots":{"index":"index","follow":"follow","max-snippet":"max-snippet:-1","max-image-preview":"max-image-preview:large","max-video-preview":"max-video-preview:-1"},"canonical":"https:\/\/www.csh-dental.hu\/index.php\/kismama-fogaszat-es-tanacsadas\/","og_locale":"hu_HU","og_type":"article","og_title":"Min\u0151s\u00e9gi Fog\u00e1szati Rendel\u0151 III. ker\u00fclet | Modern CT Diagnosztika | Csillaghegyi Fog\u00e1szat","og_description":"Gondoskod\u00e1s k\u00e9t sz\u00edvre a III. ker\u00fcletben. Kismama fog\u00e1szat, terhess\u00e9gi \u00ednygyullad\u00e1s kezel\u00e9se \u00e9s iTOP tan\u00e1csad\u00e1s a Csillaghegyi Fog\u00e1szati K\u00f6zpontban.","og_url":"https:\/\/www.csh-dental.hu\/index.php\/kismama-fogaszat-es-tanacsadas\/","og_site_name":"Csillaghegyi Fog\u00e1szati \u00e9s CT K\u00f6zpont","article_publisher":"https:\/\/www.facebook.com\/cshdental","article_modified_time":"2026-04-08T12:46:05+00:00","og_image":[{"url":"http:\/\/www.csh-dental.hu\/wp-content\/uploads\/2026\/02\/kismama-szures.jpg","type":"","width":"","height":""}],"twitter_card":"summary_large_image","twitter_misc":{"Becs\u00fclt olvas\u00e1si id\u0151":"2 perc"},"schema":{"@context":"https:\/\/schema.org","@graph":[{"@type":"WebPage","@id":"https:\/\/www.csh-dental.hu\/index.php\/kismama-fogaszat-es-tanacsadas\/","url":"https:\/\/www.csh-dental.hu\/index.php\/kismama-fogaszat-es-tanacsadas\/","name":"Min\u0151s\u00e9gi Fog\u00e1szati Rendel\u0151 III. ker\u00fclet | Modern CT Diagnosztika | Csillaghegyi Fog\u00e1szat","isPartOf":{"@id":"https:\/\/www.csh-dental.hu\/#website"},"primaryImageOfPage":{"@id":"https:\/\/www.csh-dental.hu\/index.php\/kismama-fogaszat-es-tanacsadas\/#primaryimage"},"image":{"@id":"https:\/\/www.csh-dental.hu\/index.php\/kismama-fogaszat-es-tanacsadas\/#primaryimage"},"thumbnailUrl":"http:\/\/www.csh-dental.hu\/wp-content\/uploads\/2026\/02\/kismama-szures.jpg","datePublished":"2026-02-23T13:36:01+00:00","dateModified":"2026-04-08T12:46:05+00:00","description":"Gondoskod\u00e1s k\u00e9t sz\u00edvre a III. ker\u00fcletben. Kismama fog\u00e1szat, terhess\u00e9gi \u00ednygyullad\u00e1s kezel\u00e9se \u00e9s iTOP tan\u00e1csad\u00e1s a Csillaghegyi Fog\u00e1szati K\u00f6zpontban.","breadcrumb":{"@id":"https:\/\/www.csh-dental.hu\/index.php\/kismama-fogaszat-es-tanacsadas\/#breadcrumb"},"inLanguage":"hu","potentialAction":[{"@type":"ReadAction","target":["https:\/\/www.csh-dental.hu\/index.php\/kismama-fogaszat-es-tanacsadas\/"]}]},{"@type":"ImageObject","inLanguage":"hu","@id":"https:\/\/www.csh-dental.hu\/index.php\/kismama-fogaszat-es-tanacsadas\/#primaryimage","url":"http:\/\/www.csh-dental.hu\/wp-content\/uploads\/2026\/02\/kismama-szures.jpg","contentUrl":"http:\/\/www.csh-dental.hu\/wp-content\/uploads\/2026\/02\/kismama-szures.jpg"},{"@type":"BreadcrumbList","@id":"https:\/\/www.csh-dental.hu\/index.php\/kismama-fogaszat-es-tanacsadas\/#breadcrumb","itemListElement":[{"@type":"ListItem","position":1,"name":"Home","item":"https:\/\/www.csh-dental.hu\/"},{"@type":"ListItem","position":2,"name":"Kismama fog\u00e1szat \u00e9s tan\u00e1csad\u00e1s Csillaghegyen"}]},{"@type":"WebSite","@id":"https:\/\/www.csh-dental.hu\/#website","url":"https:\/\/www.csh-dental.hu\/","name":"Csillaghegyi Fog\u00e1szati \u00e9s CT K\u00f6zpont","description":"","publisher":{"@id":"https:\/\/www.csh-dental.hu\/#organization"},"alternateName":"Modern Fog\u00e1szat III. ker\u00fclet","potentialAction":[{"@type":"SearchAction","target":{"@type":"EntryPoint","urlTemplate":"https:\/\/www.csh-dental.hu\/?s={search_term_string}"},"query-input":{"@type":"PropertyValueSpecification","valueRequired":true,"valueName":"search_term_string"}}],"inLanguage":"hu"},{"@type":"Organization","@id":"https:\/\/www.csh-dental.hu\/#organization","name":"Csillaghegyi Fog\u00e1szati \u00e9s CT K\u00f6zpont","url":"https:\/\/www.csh-dental.hu\/","logo":{"@type":"ImageObject","inLanguage":"hu","@id":"https:\/\/www.csh-dental.hu\/#\/schema\/logo\/image\/","url":"https:\/\/www.csh-dental.hu\/wp-content\/uploads\/2025\/11\/cropped-android-chrome-512x512-1.png","contentUrl":"https:\/\/www.csh-dental.hu\/wp-content\/uploads\/2025\/11\/cropped-android-chrome-512x512-1.png","width":512,"height":512,"caption":"Csillaghegyi Fog\u00e1szati \u00e9s CT K\u00f6zpont"},"image":{"@id":"https:\/\/www.csh-dental.hu\/#\/schema\/logo\/image\/"},"sameAs":["https:\/\/www.facebook.com\/cshdental","https:\/\/www.instagram.com\/csillaghegyifogaszat\/"]}]}},"_links":{"self":[{"href":"https:\/\/www.csh-dental.hu\/index.php\/wp-json\/wp\/v2\/pages\/837","targetHints":{"allow":["GET"]}}],"collection":[{"href":"https:\/\/www.csh-dental.hu\/index.php\/wp-json\/wp\/v2\/pages"}],"about":[{"href":"https:\/\/www.csh-dental.hu\/index.php\/wp-json\/wp\/v2\/types\/page"}],"author":[{"embeddable":true,"href":"https:\/\/www.csh-dental.hu\/index.php\/wp-json\/wp\/v2\/users\/1"}],"replies":[{"embeddable":true,"href":"https:\/\/www.csh-dental.hu\/index.php\/wp-json\/wp\/v2\/comments?post=837"}],"version-history":[{"count":13,"href":"https:\/\/www.csh-dental.hu\/index.php\/wp-json\/wp\/v2\/pages\/837\/revisions"}],"predecessor-version":[{"id":1194,"href":"https:\/\/www.csh-dental.hu\/index.php\/wp-json\/wp\/v2\/pages\/837\/revisions\/1194"}],"wp:attachment":[{"href":"https:\/\/www.csh-dental.hu\/index.php\/wp-json\/wp\/v2\/media?parent=837"}],"curies":[{"name":"wp","href":"https:\/\/api.w.org\/{rel}","templated":true}]}}